{"id":1130,"date":"2025-10-27T16:10:17","date_gmt":"2025-10-27T13:10:17","guid":{"rendered":"https:\/\/www.buygoogleadsaccount.com\/datenschutzrichtlinie\/"},"modified":"2026-03-11T20:21:41","modified_gmt":"2026-03-11T17:21:41","slug":"datenschutzrichtlinie","status":"publish","type":"page","link":"https:\/\/www.buygoogleadsaccount.com\/de\/datenschutzrichtlinie\/","title":{"rendered":"Datenschutz und Cookie-Richtlinie"},"content":{"rendered":"<p>[et_pb_section fb_built=&#8220;1&#8243; _builder_version=&#8220;4.16&#8243; global_colors_info=&#8220;{}&#8220;][et_pb_row _builder_version=&#8220;4.16&#8243; background_size=&#8220;initial&#8220; background_position=&#8220;top_left&#8220; background_repeat=&#8220;repeat&#8220; global_colors_info=&#8220;{}&#8220;][et_pb_column type=&#8220;4_4&#8243; _builder_version=&#8220;4.16&#8243; custom_padding=&#8220;|||&#8220; global_colors_info=&#8220;{}&#8220; custom_padding__hover=&#8220;|||&#8220;][et_pb_text _builder_version=&#8220;4.27.4&#8243; background_size=&#8220;initial&#8220; background_position=&#8220;top_left&#8220; background_repeat=&#8220;repeat&#8220; hover_enabled=&#8220;0&#8243; global_colors_info=&#8220;{}&#8220; sticky_enabled=&#8220;0&#8243;]<\/p>\n<p><!-- divi:heading --><\/p>\n<p class=\"wp-block-heading\">Zuletzt aktualisiert: M\u00e4rz , 2026<\/p>\n<h1 data-section-id=\"1ij7vfn\" data-start=\"2418\" data-end=\"2435\">Datenschutz und Cookei-Politik<\/h1>\n<p>&nbsp;<\/p>\n<h2 data-section-id=\"1ij7vfn\" data-start=\"2418\" data-end=\"2435\">Datenschutzrichtlinie<\/h2>\n<p data-start=\"2437\" data-end=\"2457\">Datum des Inkrafttretens: 2026<\/p>\n<p data-start=\"2459\" data-end=\"2557\">Diese Datenschutzerkl\u00e4rung erl\u00e4utert, wie <strong data-start=\"2492\" data-end=\"2519\">buygoogleadsaccount.com<\/strong> personenbezogene Daten sammelt und verarbeitet.<\/p>\n<hr data-start=\"2559\" data-end=\"2562\">\n<h2 data-section-id=\"1pmvrr9\" data-start=\"2564\" data-end=\"2589\">Informationen, die wir sammeln<\/h2>\n<p data-start=\"2591\" data-end=\"2606\">Wir k\u00f6nnen sammeln:<\/p>\n<ul data-start=\"2608\" data-end=\"2697\">\n<li data-section-id=\"1j3bszz\" data-start=\"2608\" data-end=\"2614\">\n<p data-start=\"2610\" data-end=\"2614\">name<\/p>\n<\/li>\n<li data-section-id=\"okl7hu\" data-start=\"2615\" data-end=\"2630\">\n<p data-start=\"2617\" data-end=\"2630\">e-mail adresse<\/p>\n<\/li>\n<li data-section-id=\"lyg2ke\" data-start=\"2631\" data-end=\"2652\">\n<p data-start=\"2633\" data-end=\"2652\">zahlungsinformationen<\/p>\n<\/li>\n<li data-section-id=\"1w1hmsn\" data-start=\"2653\" data-end=\"2665\">\n<p data-start=\"2655\" data-end=\"2665\">IP-Adresse<\/p>\n<\/li>\n<li data-section-id=\"1ne1y94\" data-start=\"2666\" data-end=\"2687\">\n<p data-start=\"2668\" data-end=\"2687\">browser-Informationen<\/p>\n<\/li>\n<li data-section-id=\"1zqcov\" data-start=\"2688\" data-end=\"2697\">\n<p data-start=\"2690\" data-end=\"2697\">cookies<\/p>\n<\/li>\n<\/ul>\n<hr data-start=\"2699\" data-end=\"2702\">\n<h2 data-section-id=\"1usefoo\" data-start=\"2704\" data-end=\"2729\">Wie wir Informationen verwenden<\/h2>\n<p data-start=\"2731\" data-end=\"2758\">Die Informationen k\u00f6nnen verwendet werden, um:<\/p>\n<ul data-start=\"2760\" data-end=\"2874\">\n<li data-section-id=\"xam5dq\" data-start=\"2760\" data-end=\"2776\">\n<p data-start=\"2762\" data-end=\"2776\">auftr\u00e4ge bearbeiten<\/p>\n<\/li>\n<li data-section-id=\"1y5fvsg\" data-start=\"2777\" data-end=\"2803\">\n<p data-start=\"2779\" data-end=\"2803\">kundenunterst\u00fctzung bieten<\/p>\n<\/li>\n<li data-section-id=\"rtnrjk\" data-start=\"2804\" data-end=\"2825\">\n<p data-start=\"2806\" data-end=\"2825\">die Website verbessern<\/p>\n<\/li>\n<li data-section-id=\"1m77jxe\" data-start=\"2826\" data-end=\"2841\">\n<p data-start=\"2828\" data-end=\"2841\">betrug verhindern<\/p>\n<\/li>\n<li data-section-id=\"i0m7du\" data-start=\"2842\" data-end=\"2874\">\n<p data-start=\"2844\" data-end=\"2874\">den gesetzlichen Verpflichtungen nachzukommen.<\/p>\n<\/li>\n<\/ul>\n<hr data-start=\"2876\" data-end=\"2879\">\n<h2 data-section-id=\"1oumuza\" data-start=\"2881\" data-end=\"2899\">Schutz der Daten<\/h2>\n<p data-start=\"2901\" data-end=\"2942\">Wir setzen Sicherheitsma\u00dfnahmen ein, darunter:<\/p>\n<ul data-start=\"2944\" data-end=\"2999\">\n<li data-section-id=\"1xh15yf\" data-start=\"2944\" data-end=\"2956\">\n<p data-start=\"2946\" data-end=\"2956\">verschl\u00fcsselung<\/p>\n<\/li>\n<li data-section-id=\"1usrl1l\" data-start=\"2957\" data-end=\"2973\">\n<p data-start=\"2959\" data-end=\"2973\">sichere Server<\/p>\n<\/li>\n<li data-section-id=\"spe3u7\" data-start=\"2974\" data-end=\"2999\">\n<p data-start=\"2976\" data-end=\"2999\">eingeschr\u00e4nkter Datenzugriff.<\/p>\n<\/li>\n<\/ul>\n<hr data-start=\"3001\" data-end=\"3004\">\n<h2 data-section-id=\"1nkfe3v\" data-start=\"3006\" data-end=\"3029\">Dienstleistungen von Drittanbietern<\/h2>\n<p data-start=\"3031\" data-end=\"3071\">Wir k\u00f6nnen Dienste von Drittanbietern in Anspruch nehmen, wie zum Beispiel:<\/p>\n<ul data-start=\"3073\" data-end=\"3130\">\n<li data-section-id=\"1heucao\" data-start=\"3073\" data-end=\"3092\">\n<p data-start=\"3075\" data-end=\"3092\">zahlungsanbieter<\/p>\n<\/li>\n<li data-section-id=\"11wd2qd\" data-start=\"3093\" data-end=\"3110\">\n<p data-start=\"3095\" data-end=\"3110\">analysetools<\/p>\n<\/li>\n<li data-section-id=\"1aq3lmw\" data-start=\"3111\" data-end=\"3130\">\n<p data-start=\"3113\" data-end=\"3130\">Hosting-Dienste.<\/p>\n<\/li>\n<\/ul>\n<p data-start=\"3132\" data-end=\"3198\">Diese Anbieter k\u00f6nnen Ihre Daten gem\u00e4\u00df ihren Richtlinien verarbeiten.<\/p>\n<hr data-start=\"3200\" data-end=\"3203\">\n<h2 data-section-id=\"17t6qev\" data-start=\"3205\" data-end=\"3219\">GDPR-Rechte<\/h2>\n<p data-start=\"3221\" data-end=\"3239\">Benutzer k\u00f6nnen anfordern:<\/p>\n<ul data-start=\"3241\" data-end=\"3319\">\n<li data-section-id=\"1qmlvnj\" data-start=\"3241\" data-end=\"3266\">\n<p data-start=\"3243\" data-end=\"3266\">zugang zu pers\u00f6nlichen daten<\/p>\n<\/li>\n<li data-section-id=\"5b32la\" data-start=\"3267\" data-end=\"3279\">\n<p data-start=\"3269\" data-end=\"3279\">korrektur<\/p>\n<\/li>\n<li data-section-id=\"1bw2jdo\" data-start=\"3280\" data-end=\"3290\">\n<p data-start=\"3282\" data-end=\"3290\">l\u00f6schung<\/p>\n<\/li>\n<li data-section-id=\"1nb8qls\" data-start=\"3291\" data-end=\"3319\">\n<p data-start=\"3293\" data-end=\"3319\">einschr\u00e4nkung der verarbeitung.<\/p>\n<\/li>\n<\/ul>\n<p data-start=\"3321\" data-end=\"3345\">Anfragen k\u00f6nnen gesendet werden an:<\/p>\n<p data-start=\"3347\" data-end=\"3378\"><a data-start=\"3347\" data-end=\"3378\" class=\"decorated-link cursor-pointer\" rel=\"noopener\">support@buygoogleadsaccount.com<\/a><\/p>\n<p data-start=\"3347\" data-end=\"3378\">\n<p data-start=\"3347\" data-end=\"3378\">\n<h2 data-section-id=\"fhqaqp\" data-start=\"3927\" data-end=\"3943\">Cookie-Richtlinie<\/h2>\n<p data-start=\"3945\" data-end=\"3997\">Die Website verwendet Cookies, um die Benutzerfreundlichkeit zu verbessern.<\/p>\n<p data-start=\"3999\" data-end=\"4015\">Cookies helfen uns:<\/p>\n<ul data-start=\"4017\" data-end=\"4085\">\n<li data-section-id=\"1ogpdti\" data-start=\"4017\" data-end=\"4044\">\n<p data-start=\"4019\" data-end=\"4044\">benutzereinstellungen speichern<\/p>\n<\/li>\n<li data-section-id=\"i2ety9\" data-start=\"4045\" data-end=\"4062\">\n<p data-start=\"4047\" data-end=\"4062\">den Verkehr analysieren<\/p>\n<\/li>\n<li data-section-id=\"8m9lwk\" data-start=\"4063\" data-end=\"4085\">\n<p data-start=\"4065\" data-end=\"4085\">die Leistung zu verbessern.<\/p>\n<\/li>\n<\/ul>\n<p data-start=\"4087\" data-end=\"4109\">Verwendete Arten von Cookies:<\/p>\n<p data-start=\"4111\" data-end=\"4170\"><strong data-start=\"4111\" data-end=\"4132\">Wesentliche Cookies<\/strong><br data-start=\"4132\" data-end=\"4135\">Erforderlich f\u00fcr die Funktionalit\u00e4t der Website.<\/p>\n<p data-start=\"4172\" data-end=\"4245\"><strong data-start=\"4172\" data-end=\"4193\">Analytics-Cookies<\/strong><br data-start=\"4193\" data-end=\"4196\">Helfen zu verstehen, wie Benutzer mit der Website interagieren.<\/p>\n<p data-start=\"4247\" data-end=\"4308\"><strong data-start=\"4247\" data-end=\"4268\">Marketing-Cookies<\/strong><br data-start=\"4268\" data-end=\"4271\">K\u00f6nnen f\u00fcr Werbezwecke verwendet werden.<\/p>\n<p data-start=\"4310\" data-end=\"4362\">Benutzer k\u00f6nnen Cookies in ihren Browsereinstellungen deaktivieren.<\/p>\n<p>&nbsp;<\/p>\n<p>&nbsp;<\/p>\n<p><!-- \/divi:paragraph --><\/p>\n<p>[\/et_pb_text][\/et_pb_column][\/et_pb_row][\/et_pb_section]<\/p>\n","protected":false},"excerpt":{"rendered":"<p>Zuletzt aktualisiert: M\u00e4rz , 2026 Datenschutz und Cookei-Politik &nbsp; Datenschutzrichtlinie Datum des Inkrafttretens: 2026 Diese Datenschutzerkl\u00e4rung erl\u00e4utert, wie buygoogleadsaccount.com personenbezogene Daten sammelt und verarbeitet. Informationen, die wir sammeln Wir k\u00f6nnen sammeln: name e-mail adresse zahlungsinformationen IP-Adresse browser-Informationen cookies Wie wir Informationen verwenden Die Informationen k\u00f6nnen verwendet werden, um: auftr\u00e4ge bearbeiten kundenunterst\u00fctzung bieten die Website verbessern [&hellip;]<\/p>\n","protected":false},"author":1,"featured_media":0,"parent":0,"menu_order":0,"comment_status":"closed","ping_status":"closed","template":"","meta":{"_seopress_robots_primary_cat":"","_seopress_titles_title":"","_seopress_titles_desc":"","_seopress_robots_index":"","_et_pb_use_builder":"on","_et_pb_old_content":"","_et_gb_content_width":"","footnotes":""},"class_list":["post-1130","page","type-page","status-publish","hentry"],"jetpack_sharing_enabled":true,"_links":{"self":[{"href":"https:\/\/www.buygoogleadsaccount.com\/de\/wp-json\/wp\/v2\/pages\/1130","targetHints":{"allow":["GET"]}}],"collection":[{"href":"https:\/\/www.buygoogleadsaccount.com\/de\/wp-json\/wp\/v2\/pages"}],"about":[{"href":"https:\/\/www.buygoogleadsaccount.com\/de\/wp-json\/wp\/v2\/types\/page"}],"author":[{"embeddable":true,"href":"https:\/\/www.buygoogleadsaccount.com\/de\/wp-json\/wp\/v2\/users\/1"}],"replies":[{"embeddable":true,"href":"https:\/\/www.buygoogleadsaccount.com\/de\/wp-json\/wp\/v2\/comments?post=1130"}],"version-history":[{"count":8,"href":"https:\/\/www.buygoogleadsaccount.com\/de\/wp-json\/wp\/v2\/pages\/1130\/revisions"}],"predecessor-version":[{"id":3139,"href":"https:\/\/www.buygoogleadsaccount.com\/de\/wp-json\/wp\/v2\/pages\/1130\/revisions\/3139"}],"wp:attachment":[{"href":"https:\/\/www.buygoogleadsaccount.com\/de\/wp-json\/wp\/v2\/media?parent=1130"}],"curies":[{"name":"wp","href":"https:\/\/api.w.org\/{rel}","templated":true}]}}