{"id":2733,"date":"2026-03-10T13:33:14","date_gmt":"2026-03-10T10:33:14","guid":{"rendered":"https:\/\/www.buygoogleadsaccount.com\/erstattungspolitik\/"},"modified":"2026-03-10T14:01:53","modified_gmt":"2026-03-10T11:01:53","slug":"erstattungspolitik","status":"publish","type":"page","link":"https:\/\/www.buygoogleadsaccount.com\/de\/erstattungspolitik\/","title":{"rendered":"Erstattungspolitik"},"content":{"rendered":"<p>[et_pb_section fb_built=&#8220;1&#8243; theme_builder_area=&#8220;post_content&#8220; _builder_version=&#8220;4.27.4&#8243; _module_preset=&#8220;default&#8220;][et_pb_row _builder_version=&#8220;4.27.4&#8243; _module_preset=&#8220;default&#8220; theme_builder_area=&#8220;post_content&#8220;][et_pb_column _builder_version=&#8220;4.27.4&#8243; _module_preset=&#8220;default&#8220; type=&#8220;4_4&#8243; theme_builder_area=&#8220;post_content&#8220;][et_pb_text _builder_version=&#8220;4.27.4&#8243; _module_preset=&#8220;default&#8220; theme_builder_area=&#8220;post_content&#8220; hover_enabled=&#8220;0&#8243; sticky_enabled=&#8220;0&#8243;]<\/p>\n<h1 data-section-id=\"5i7sfp\" data-start=\"3385\" data-end=\"3403\">ERSTATTUNGSPOLITIK<\/h1>\n<h2 data-section-id=\"1us7a8b\" data-start=\"3405\" data-end=\"3421\">Erstattungspolitik<\/h2>\n<p data-start=\"3423\" data-end=\"3483\">Aufgrund der Beschaffenheit <strong data-start=\"3444\" data-end=\"3461\">digitaler Waren<\/strong> sind R\u00fcckerstattungen nur begrenzt m\u00f6glich.<\/p>\n<p data-start=\"3485\" data-end=\"3511\">Erstattungen k\u00f6nnen gew\u00e4hrt werden, wenn:<\/p>\n<ul data-start=\"3513\" data-end=\"3618\">\n<li data-section-id=\"nv0hke\" data-start=\"3513\" data-end=\"3544\">\n<p data-start=\"3515\" data-end=\"3544\">das Produkt nicht geliefert wurde<\/p>\n<\/li>\n<li data-section-id=\"18610xg\" data-start=\"3545\" data-end=\"3589\">\n<p data-start=\"3547\" data-end=\"3589\">das Konto stimmt nicht mit der Beschreibung \u00fcberein<\/p>\n<\/li>\n<li data-section-id=\"133n2o5\" data-start=\"3590\" data-end=\"3618\">\n<p data-start=\"3592\" data-end=\"3618\">technische Fehler aufgetreten sind.<\/p>\n<\/li>\n<\/ul>\n<p data-start=\"3620\" data-end=\"3686\">R\u00fcckerstattungsantr\u00e4ge m\u00fcssen innerhalb von <strong data-start=\"3661\" data-end=\"3685\">24 Stunden nach dem Kauf<\/strong> eingereicht werden.<\/p>\n<p data-start=\"3688\" data-end=\"3718\">Erstattungen werden nicht gew\u00e4hrt, wenn:<\/p>\n<ul data-start=\"3720\" data-end=\"3838\">\n<li data-section-id=\"1qbfbf8\" data-start=\"3720\" data-end=\"3750\">\n<p data-start=\"3722\" data-end=\"3750\">das Konto bereits verwendet wurde<\/p>\n<\/li>\n<li data-section-id=\"1qx2pcy\" data-start=\"3751\" data-end=\"3799\">\n<p data-start=\"3753\" data-end=\"3799\">die Plattform sperrt das Konto aufgrund von Benutzeraktivit\u00e4ten<\/p>\n<\/li>\n<li data-section-id=\"rxxucz\" data-start=\"3800\" data-end=\"3838\">\n<p data-start=\"3802\" data-end=\"3838\">der Kunde gegen die Richtlinien der Plattform versto\u00dfen hat.<\/p>\n<\/li>\n<\/ul>\n<p data-start=\"3840\" data-end=\"3900\">Alle Entscheidungen \u00fcber R\u00fcckerstattungen werden von der Verwaltung der Website getroffen.<\/p>\n<p>[\/et_pb_text][\/et_pb_column][\/et_pb_row][\/et_pb_section]<\/p>\n","protected":false},"excerpt":{"rendered":"<p>ERSTATTUNGSPOLITIK Erstattungspolitik Aufgrund der Beschaffenheit digitaler Waren sind R\u00fcckerstattungen nur begrenzt m\u00f6glich. Erstattungen k\u00f6nnen gew\u00e4hrt werden, wenn: das Produkt nicht geliefert wurde das Konto stimmt nicht mit der Beschreibung \u00fcberein technische Fehler aufgetreten sind. R\u00fcckerstattungsantr\u00e4ge m\u00fcssen innerhalb von 24 Stunden nach dem Kauf eingereicht werden. Erstattungen werden nicht gew\u00e4hrt, wenn: das Konto bereits verwendet wurde [&hellip;]<\/p>\n","protected":false},"author":1,"featured_media":0,"parent":0,"menu_order":0,"comment_status":"closed","ping_status":"closed","template":"","meta":{"_seopress_robots_primary_cat":"","_seopress_titles_title":"","_seopress_titles_desc":"","_seopress_robots_index":"","_et_pb_use_builder":"on","_et_pb_old_content":"","_et_gb_content_width":"","footnotes":""},"class_list":["post-2733","page","type-page","status-publish","hentry"],"jetpack_sharing_enabled":true,"_links":{"self":[{"href":"https:\/\/www.buygoogleadsaccount.com\/de\/wp-json\/wp\/v2\/pages\/2733","targetHints":{"allow":["GET"]}}],"collection":[{"href":"https:\/\/www.buygoogleadsaccount.com\/de\/wp-json\/wp\/v2\/pages"}],"about":[{"href":"https:\/\/www.buygoogleadsaccount.com\/de\/wp-json\/wp\/v2\/types\/page"}],"author":[{"embeddable":true,"href":"https:\/\/www.buygoogleadsaccount.com\/de\/wp-json\/wp\/v2\/users\/1"}],"replies":[{"embeddable":true,"href":"https:\/\/www.buygoogleadsaccount.com\/de\/wp-json\/wp\/v2\/comments?post=2733"}],"version-history":[{"count":8,"href":"https:\/\/www.buygoogleadsaccount.com\/de\/wp-json\/wp\/v2\/pages\/2733\/revisions"}],"predecessor-version":[{"id":2753,"href":"https:\/\/www.buygoogleadsaccount.com\/de\/wp-json\/wp\/v2\/pages\/2733\/revisions\/2753"}],"wp:attachment":[{"href":"https:\/\/www.buygoogleadsaccount.com\/de\/wp-json\/wp\/v2\/media?parent=2733"}],"curies":[{"name":"wp","href":"https:\/\/api.w.org\/{rel}","templated":true}]}}