{"id":2804,"date":"2026-03-10T13:18:24","date_gmt":"2026-03-10T10:18:24","guid":{"rendered":"https:\/\/www.buygoogleadsaccount.com\/allgemeine-gesch-ftsbedingungen\/"},"modified":"2026-03-11T20:39:02","modified_gmt":"2026-03-11T17:39:02","slug":"allgemeine-gesch-ftsbedingungen","status":"publish","type":"page","link":"https:\/\/www.buygoogleadsaccount.com\/de\/allgemeine-gesch-ftsbedingungen\/","title":{"rendered":"Allgemeine Gesch\u00e4ftsbedingungen"},"content":{"rendered":"<p>[et_pb_section fb_built=&#8220;1&#8243; theme_builder_area=&#8220;post_content&#8220; _builder_version=&#8220;4.27.4&#8243; _module_preset=&#8220;default&#8220;][et_pb_row _builder_version=&#8220;4.27.4&#8243; _module_preset=&#8220;default&#8220; theme_builder_area=&#8220;post_content&#8220;][et_pb_column _builder_version=&#8220;4.27.4&#8243; _module_preset=&#8220;default&#8220; type=&#8220;4_4&#8243; theme_builder_area=&#8220;post_content&#8220;][et_pb_heading title=&#8220;NUTZUNGSBEDINGUNGEN&#8220; _builder_version=&#8220;4.27.4&#8243; _module_preset=&#8220;default&#8220; theme_builder_area=&#8220;post_content&#8220; hover_enabled=&#8220;0&#8243; sticky_enabled=&#8220;0&#8243;][\/et_pb_heading][\/et_pb_column][\/et_pb_row][et_pb_row _builder_version=&#8220;4.27.4&#8243; _module_preset=&#8220;default&#8220; theme_builder_area=&#8220;post_content&#8220;][et_pb_column _builder_version=&#8220;4.27.4&#8243; _module_preset=&#8220;default&#8220; type=&#8220;4_4&#8243; theme_builder_area=&#8220;post_content&#8220;][et_pb_text _builder_version=&#8220;4.27.4&#8243; _module_preset=&#8220;default&#8220; theme_builder_area=&#8220;post_content&#8220; hover_enabled=&#8220;0&#8243; sticky_enabled=&#8220;0&#8243;]<\/p>\n<h2 data-section-id=\"1ujbr70\" data-start=\"488\" data-end=\"507\">Allgemeine Gesch\u00e4ftsbedingungen<\/h2>\n<p data-start=\"509\" data-end=\"529\">Datum des Inkrafttretens: 2026<\/p>\n<p data-start=\"531\" data-end=\"570\">Willkommen bei <strong data-start=\"542\" data-end=\"569\">buygoogleadsaccount.com<\/strong>.<\/p>\n<p data-start=\"572\" data-end=\"767\">Diese Nutzungsbedingungen stellen eine rechtsverbindliche Vereinbarung zwischen dem Nutzer (&#8222;Nutzer&#8220;, &#8222;Kunde&#8220;) und der Verwaltung der Website <strong data-start=\"710\" data-end=\"737\">buygoogleadsaccount.com<\/strong> (&#8222;Website&#8220;, &#8222;Unternehmen&#8220;, &#8222;Wir&#8220;) dar.<\/p>\n<p data-start=\"769\" data-end=\"838\">Indem Sie auf die Website zugreifen oder dort einkaufen, erkl\u00e4ren Sie sich mit diesen Bedingungen einverstanden.<\/p>\n<hr data-start=\"840\" data-end=\"843\">\n<h2 data-section-id=\"h2il6c\" data-start=\"845\" data-end=\"859\">1. Dienstleistungen<\/h2>\n<p data-start=\"861\" data-end=\"928\">Die Website bietet digitale Dienstleistungen, einschlie\u00dflich, aber nicht beschr\u00e4nkt auf:<\/p>\n<ul data-start=\"930\" data-end=\"1035\">\n<li data-section-id=\"u62fqa\" data-start=\"930\" data-end=\"960\">\n<p data-start=\"932\" data-end=\"960\">verkauf von werbekonten<\/p>\n<\/li>\n<li data-section-id=\"p3hq4a\" data-start=\"961\" data-end=\"982\">\n<p data-start=\"963\" data-end=\"982\">beratungsleistungen<\/p>\n<\/li>\n<li data-section-id=\"w5zuyo\" data-start=\"983\" data-end=\"1007\">\n<p data-start=\"985\" data-end=\"1007\">kontoeinrichtungsdienste<\/p>\n<\/li>\n<li data-section-id=\"w5zuyo\" data-start=\"983\" data-end=\"1007\">google ads kampagnen dienste<\/li>\n<li data-section-id=\"14harpn\" data-start=\"1008\" data-end=\"1035\">\n<p data-start=\"1010\" data-end=\"1035\">verwandte digitale Produkte.<\/p>\n<\/li>\n<\/ul>\n<p data-start=\"1037\" data-end=\"1077\">Alle verkauften Produkte sind <strong data-start=\"1059\" data-end=\"1076\">digitale Waren<\/strong>.<\/p>\n<hr data-start=\"1079\" data-end=\"1082\">\n<h2 data-section-id=\"6g95gg\" data-start=\"1084\" data-end=\"1107\">2. Konto K\u00e4ufe<\/h2>\n<p data-start=\"1109\" data-end=\"1149\">Mit dem Kauf eines Kontos erkl\u00e4ren Sie sich damit einverstanden:<\/p>\n<ul data-start=\"1151\" data-end=\"1330\">\n<li data-section-id=\"achu6v\" data-start=\"1151\" data-end=\"1200\">\n<p data-start=\"1153\" data-end=\"1200\">Sie sind daf\u00fcr verantwortlich, wie das Konto genutzt wird<\/p>\n<\/li>\n<li data-section-id=\"5nqqgn\" data-start=\"1201\" data-end=\"1256\">\n<p data-start=\"1203\" data-end=\"1256\">Sie die Richtlinien von Plattformen Dritter einhalten<\/p>\n<\/li>\n<li data-section-id=\"48addr\" data-start=\"1257\" data-end=\"1330\">\n<p data-start=\"1259\" data-end=\"1330\">die Website ist <strong data-start=\"1274\" data-end=\"1330\">nicht mit Google, Meta oder anderen Plattformen verbunden<\/strong><\/p>\n<\/li>\n<\/ul>\n<p data-start=\"1332\" data-end=\"1425\">Das Unternehmen garantiert nicht, dass Plattformen von Drittanbietern Konten nicht aussetzen oder beschr\u00e4nken.<\/p>\n<hr data-start=\"1427\" data-end=\"1430\">\n<h2 data-section-id=\"uxxrt0\" data-start=\"1432\" data-end=\"1446\">3. Lieferung<\/h2>\n<p data-start=\"1448\" data-end=\"1483\">Digitale Produkte werden geliefert \u00fcber:<\/p>\n<ul data-start=\"1485\" data-end=\"1552\">\n<li data-section-id=\"16amjk4\" data-start=\"1485\" data-end=\"1492\">\n<p data-start=\"1487\" data-end=\"1492\">E-Mail<\/p>\n<\/li>\n<li data-section-id=\"1iu6rm0\" data-start=\"1493\" data-end=\"1511\">\n<p data-start=\"1495\" data-end=\"1511\">Zugang zum Dashboard<\/p>\n<\/li>\n<li data-section-id=\"1x517h0\" data-start=\"1512\" data-end=\"1528\">\n<p data-start=\"1514\" data-end=\"1528\">sichere Nachricht<\/p>\n<\/li>\n<li data-section-id=\"16rvorr\" data-start=\"1529\" data-end=\"1552\">\n<p data-start=\"1531\" data-end=\"1552\">andere digitale Methode.<\/p>\n<\/li>\n<\/ul>\n<p data-start=\"1554\" data-end=\"1612\">Die Lieferzeit kann zwischen <strong data-start=\"1582\" data-end=\"1611\">wenigen Minuten und 48 Stunden<\/strong> variieren.<\/p>\n<hr data-start=\"1614\" data-end=\"1617\">\n<h2 data-section-id=\"qzi6ty\" data-start=\"1619\" data-end=\"1633\">4. Zahlungen<\/h2>\n<p data-start=\"1635\" data-end=\"1662\">Wir akzeptieren Zahlungen durch:<\/p>\n<ul data-start=\"1664\" data-end=\"1721\">\n<li data-section-id=\"1v9v0f6\" data-start=\"1664\" data-end=\"1678\">\n<p data-start=\"1666\" data-end=\"1678\">Kreditkarten<\/p>\n<\/li>\n<li data-section-id=\"83ftfw\" data-start=\"1679\" data-end=\"1695\">\n<p data-start=\"1681\" data-end=\"1695\">Kryptow\u00e4hrung<\/p>\n<\/li>\n<li data-section-id=\"1ww43ph\" data-start=\"1696\" data-end=\"1721\">\n<p data-start=\"1698\" data-end=\"1721\">Online-Zahlungssysteme.<\/p>\n<\/li>\n<\/ul>\n<p data-start=\"1723\" data-end=\"1776\">Alle Zahlungsgeb\u00fchren liegen in der Verantwortung des K\u00e4ufers.<\/p>\n<p data-start=\"1778\" data-end=\"1823\">Die Preise k\u00f6nnen jederzeit ohne Vorank\u00fcndigung ge\u00e4ndert werden.<\/p>\n<hr data-start=\"1825\" data-end=\"1828\">\n<h2 data-section-id=\"1hkz0gf\" data-start=\"1830\" data-end=\"1850\">5. Verbotene Verwendung<\/h2>\n<p data-start=\"1852\" data-end=\"1887\">Kunden d\u00fcrfen Konten nicht verwenden f\u00fcr:<\/p>\n<ul data-start=\"1889\" data-end=\"1985\">\n<li data-section-id=\"y4nq1x\" data-start=\"1889\" data-end=\"1909\">\n<p data-start=\"1891\" data-end=\"1909\">illegale Aktivit\u00e4ten<\/p>\n<\/li>\n<li data-section-id=\"16fw3os\" data-start=\"1910\" data-end=\"1917\">\n<p data-start=\"1912\" data-end=\"1917\">Betrug<\/p>\n<\/li>\n<li data-section-id=\"16ndm13\" data-start=\"1918\" data-end=\"1925\">\n<p data-start=\"1920\" data-end=\"1925\">Betr\u00fcgereien<\/p>\n<\/li>\n<li data-section-id=\"1un1fv7\" data-start=\"1926\" data-end=\"1948\">\n<p data-start=\"1928\" data-end=\"1948\">Malware-Verteilung<\/p>\n<\/li>\n<li data-section-id=\"1x963fm\" data-start=\"1949\" data-end=\"1985\">\n<p data-start=\"1951\" data-end=\"1985\">Versto\u00df gegen die Werberichtlinien.<\/p>\n<\/li>\n<\/ul>\n<p data-start=\"1987\" data-end=\"2042\">Ein Versto\u00df kann zur Verweigerung des Dienstes ohne Erstattung f\u00fchren.<\/p>\n<hr data-start=\"2044\" data-end=\"2047\">\n<h2 data-section-id=\"rn5gcb\" data-start=\"2049\" data-end=\"2078\">6. Einschr\u00e4nkung der Haftung<\/h2>\n<p data-start=\"2080\" data-end=\"2115\">Die Website ist nicht verantwortlich f\u00fcr:<\/p>\n<ul data-start=\"2117\" data-end=\"2221\">\n<li data-section-id=\"1ackoxo\" data-start=\"2117\" data-end=\"2137\">\n<p data-start=\"2119\" data-end=\"2137\">Kontosperre<\/p>\n<\/li>\n<li data-section-id=\"iix3bu\" data-start=\"2138\" data-end=\"2178\">\n<p data-start=\"2140\" data-end=\"2178\">\u00c4nderungen der Richtlinien f\u00fcr Dienstleistungen Dritter<\/p>\n<\/li>\n<li data-section-id=\"czqhdw\" data-start=\"2179\" data-end=\"2221\">\n<p data-start=\"2181\" data-end=\"2221\">finanzielle Verluste im Zusammenhang mit Werbung.<\/p>\n<\/li>\n<\/ul>\n<p data-start=\"2223\" data-end=\"2261\">Alle Dienstleistungen werden <strong data-start=\"2249\" data-end=\"2260\">&#8222;wie besehen&#8220;<\/strong> angeboten.<\/p>\n<hr data-start=\"2263\" data-end=\"2266\">\n<h2 data-section-id=\"w5nn49\" data-start=\"2268\" data-end=\"2281\">7. \u00c4nderungen<\/h2>\n<p data-start=\"2283\" data-end=\"2330\">Das Unternehmen kann diese Bedingungen jederzeit aktualisieren.<\/p>\n<hr data-start=\"2332\" data-end=\"2335\">\n<h2 data-section-id=\"3j270z\" data-start=\"2337\" data-end=\"2350\">8. Kontakt<\/h2>\n<p data-start=\"2352\" data-end=\"2390\">E-Mail: <a data-start=\"2359\" data-end=\"2390\" class=\"decorated-link cursor-pointer\" rel=\"noopener\">support@buygoogleadsaccount.com<\/a><\/p>\n<p data-start=\"2352\" data-end=\"2390\">Telegramm: @adsalexaccs<\/p>\n<p data-start=\"2352\" data-end=\"2390\">\n<p>[\/et_pb_text][\/et_pb_column][\/et_pb_row][\/et_pb_section]<\/p>\n","protected":false},"excerpt":{"rendered":"<p>Allgemeine Gesch\u00e4ftsbedingungen Datum des Inkrafttretens: 2026 Willkommen bei buygoogleadsaccount.com. Diese Nutzungsbedingungen stellen eine rechtsverbindliche Vereinbarung zwischen dem Nutzer (&#8222;Nutzer&#8220;, &#8222;Kunde&#8220;) und der Verwaltung der Website buygoogleadsaccount.com (&#8222;Website&#8220;, &#8222;Unternehmen&#8220;, &#8222;Wir&#8220;) dar. Indem Sie auf die Website zugreifen oder dort einkaufen, erkl\u00e4ren Sie sich mit diesen Bedingungen einverstanden. 1. Dienstleistungen Die Website bietet digitale Dienstleistungen, einschlie\u00dflich, aber [&hellip;]<\/p>\n","protected":false},"author":1,"featured_media":0,"parent":0,"menu_order":0,"comment_status":"closed","ping_status":"closed","template":"","meta":{"_seopress_robots_primary_cat":"","_seopress_titles_title":"","_seopress_titles_desc":"","_seopress_robots_index":"","_et_pb_use_builder":"on","_et_pb_old_content":"","_et_gb_content_width":"","footnotes":""},"class_list":["post-2804","page","type-page","status-publish","hentry"],"jetpack_sharing_enabled":true,"_links":{"self":[{"href":"https:\/\/www.buygoogleadsaccount.com\/de\/wp-json\/wp\/v2\/pages\/2804","targetHints":{"allow":["GET"]}}],"collection":[{"href":"https:\/\/www.buygoogleadsaccount.com\/de\/wp-json\/wp\/v2\/pages"}],"about":[{"href":"https:\/\/www.buygoogleadsaccount.com\/de\/wp-json\/wp\/v2\/types\/page"}],"author":[{"embeddable":true,"href":"https:\/\/www.buygoogleadsaccount.com\/de\/wp-json\/wp\/v2\/users\/1"}],"replies":[{"embeddable":true,"href":"https:\/\/www.buygoogleadsaccount.com\/de\/wp-json\/wp\/v2\/comments?post=2804"}],"version-history":[{"count":5,"href":"https:\/\/www.buygoogleadsaccount.com\/de\/wp-json\/wp\/v2\/pages\/2804\/revisions"}],"predecessor-version":[{"id":3151,"href":"https:\/\/www.buygoogleadsaccount.com\/de\/wp-json\/wp\/v2\/pages\/2804\/revisions\/3151"}],"wp:attachment":[{"href":"https:\/\/www.buygoogleadsaccount.com\/de\/wp-json\/wp\/v2\/media?parent=2804"}],"curies":[{"name":"wp","href":"https:\/\/api.w.org\/{rel}","templated":true}]}}