{"id":4655,"date":"2026-03-27T14:42:39","date_gmt":"2026-03-27T11:42:39","guid":{"rendered":"https:\/\/www.buygoogleadsaccount.com\/google-ads-kampagnenmanagement-dienstleistungen\/"},"modified":"2026-03-27T15:19:57","modified_gmt":"2026-03-27T12:19:57","slug":"google-ads-kampagnenmanagement-dienstleistungen","status":"publish","type":"page","link":"https:\/\/www.buygoogleadsaccount.com\/de\/google-ads-kampagnenmanagement-dienstleistungen\/","title":{"rendered":"Google Ads Kampagnenmanagement Dienstleistungen"},"content":{"rendered":"<p>[et_pb_section fb_built=&#8220;1&#8243; theme_builder_area=&#8220;post_content&#8220; _builder_version=&#8220;4.27.4&#8243; _module_preset=&#8220;default&#8220;][et_pb_row _builder_version=&#8220;4.27.4&#8243; _module_preset=&#8220;default&#8220; theme_builder_area=&#8220;post_content&#8220;][et_pb_column _builder_version=&#8220;4.27.4&#8243; _module_preset=&#8220;default&#8220; type=&#8220;4_4&#8243; theme_builder_area=&#8220;post_content&#8220;][et_pb_heading title=&#8220;Google Ads Kampagnenmanagement Dienstleistungen&#8220; _builder_version=&#8220;4.27.4&#8243; _module_preset=&#8220;default&#8220; theme_builder_area=&#8220;post_content&#8220; title_text_align=&#8220;center&#8220; hover_enabled=&#8220;0&#8243; sticky_enabled=&#8220;0&#8243; title_text_color=&#8220;#0fa9fc&#8220; title_font_size=&#8220;40px&#8220;][\/et_pb_heading][\/et_pb_column][\/et_pb_row][et_pb_row _builder_version=&#8220;4.27.4&#8243; _module_preset=&#8220;default&#8220; column_structure=&#8220;1_3,1_3,1_3&#8243; theme_builder_area=&#8220;post_content&#8220;][et_pb_column _builder_version=&#8220;4.27.4&#8243; _module_preset=&#8220;default&#8220; type=&#8220;1_3&#8243; theme_builder_area=&#8220;post_content&#8220;][et_pb_pricing_tables _builder_version=&#8220;4.27.4&#8243; _module_preset=&#8220;default&#8220; link_option_url_new_window=&#8220;on&#8220; hover_enabled=&#8220;0&#8243; global_colors_info=&#8220;{}&#8220; theme_builder_area=&#8220;post_content&#8220; sticky_enabled=&#8220;0&#8243; link_option_url=&#8220;https:\/\/t.me\/adsalexaccs&#8220;][et_pb_pricing_table title=&#8220;BASIC&#8220; currency=&#8220;$&#8220; sum=&#8220;300&#8243; button_url=&#8220;https:\/\/t.me\/adsalexaccs&#8220; url_new_window=&#8220;on&#8220; button_text=&#8220;Jetzt kaufen \/ Chatten mit dem Manager&#8220; _builder_version=&#8220;4.27.4&#8243; _module_preset=&#8220;default&#8220; link_option_url_new_window=&#8220;on&#8220; hover_enabled=&#8220;0&#8243; global_colors_info=&#8220;{}&#8220; sticky_transition=&#8220;on&#8220; theme_builder_area=&#8220;post_content&#8220; sticky_enabled=&#8220;0&#8243;]<\/p>\n<p data-section-id=\"ctflb8\" data-start=\"192\" data-end=\"241\">1 Kampagne, bis zu 15 Keywords<br \/>1 responsive Anzeige<br \/>1 KOSTENLOSE Optimierung innerhalb von 30 Tagen nach dem Start<br \/><strong>7-Tage-Lieferung<\/strong><br \/>Kontoeinrichtung<br \/>1 Vorschlag<br \/>1 Vorschlag zur Zielgruppenansprache<br \/>3 Anzeigenerweiterungen<br \/>Kampagnen-QA<\/p>\n<p>[\/et_pb_pricing_table][\/et_pb_pricing_tables][\/et_pb_column][et_pb_column _builder_version=&#8220;4.27.4&#8243; _module_preset=&#8220;default&#8220; type=&#8220;1_3&#8243; theme_builder_area=&#8220;post_content&#8220;][et_pb_pricing_tables _builder_version=&#8220;4.27.4&#8243; _module_preset=&#8220;default&#8220; link_option_url_new_window=&#8220;on&#8220; global_colors_info=&#8220;{}&#8220; theme_builder_area=&#8220;post_content&#8220; hover_enabled=&#8220;0&#8243; sticky_enabled=&#8220;0&#8243;][et_pb_pricing_table title=&#8220;VERK\u00c4UFE &amp; LEADS&#8220; currency=&#8220;$&#8220; sum=&#8220;600&#8243; button_url=&#8220;https:\/\/t.me\/adsalexaccs&#8220; url_new_window=&#8220;on&#8220; button_text=&#8220;Jetzt kaufen \/ Chatten mit dem Manager&#8220; _builder_version=&#8220;4.27.4&#8243; _module_preset=&#8220;default&#8220; link_option_url_new_window=&#8220;on&#8220; global_colors_info=&#8220;{}&#8220; sticky_transition=&#8220;on&#8220; theme_builder_area=&#8220;post_content&#8220; hover_enabled=&#8220;0&#8243; sticky_enabled=&#8220;0&#8243;]<\/p>\n<p>1 Kampagne, bis zu 30 Keywords<br \/>2 responsive Anzeigen<br \/>1 KOSTENLOSE Optimierung innerhalb von 30 Tagen nach dem Start<br \/><strong>6-Tage-Lieferung<\/strong><br \/>Kontoeinrichtung<br \/>2 Vorschl\u00e4ge<br \/>2 Vorschl\u00e4ge f\u00fcr die Zielgruppenansprache<br \/>4 Anzeigenerweiterungen<br \/>Kampagnen-QA<\/p>\n<p>[\/et_pb_pricing_table][\/et_pb_pricing_tables][\/et_pb_column][et_pb_column _builder_version=&#8220;4.27.4&#8243; _module_preset=&#8220;default&#8220; type=&#8220;1_3&#8243; theme_builder_area=&#8220;post_content&#8220;][et_pb_pricing_tables _builder_version=&#8220;4.27.4&#8243; _module_preset=&#8220;default&#8220; link_option_url_new_window=&#8220;on&#8220; global_colors_info=&#8220;{}&#8220; theme_builder_area=&#8220;post_content&#8220; hover_enabled=&#8220;0&#8243; sticky_enabled=&#8220;0&#8243;][et_pb_pricing_table title=&#8220;SALES &amp; LEADS PRO&#8220; currency=&#8220;$&#8220; sum=&#8220;750&#8243; button_url=&#8220;https:\/\/t.me\/adsalexaccs&#8220; url_new_window=&#8220;on&#8220; button_text=&#8220;Jetzt kaufen \/ Chatten mit dem Manager&#8220; _builder_version=&#8220;4.27.4&#8243; _module_preset=&#8220;default&#8220; link_option_url_new_window=&#8220;on&#8220; global_colors_info=&#8220;{}&#8220; sticky_transition=&#8220;on&#8220; theme_builder_area=&#8220;post_content&#8220; hover_enabled=&#8220;0&#8243; sticky_enabled=&#8220;0&#8243;]<\/p>\n<p>1 Kampagne, 50+ Keywords<br \/>3+ responsive Anzeigen<br \/>3 KOSTENLOSE Optimierungen innerhalb von 30 Tagen nach dem Start<br \/><strong>6-Tage-Lieferung<\/strong><br \/>Kontoeinrichtung<br \/>3 Vorschl\u00e4ge<br \/>3 Vorschl\u00e4ge zur Zielgruppenansprache<br \/>5 Anzeigenerweiterungen<br \/>Kampagnen-QA<\/p>\n<p>[\/et_pb_pricing_table][\/et_pb_pricing_tables][\/et_pb_column][\/et_pb_row][et_pb_row _builder_version=&#8220;4.27.4&#8243; _module_preset=&#8220;default&#8220; theme_builder_area=&#8220;post_content&#8220;][et_pb_column _builder_version=&#8220;4.27.4&#8243; _module_preset=&#8220;default&#8220; type=&#8220;4_4&#8243; theme_builder_area=&#8220;post_content&#8220;][et_pb_heading title=&#8220;Dienstleistungen f\u00fcr Google Ads-Kampagnen \ud83d\udc47.&#8220; _builder_version=&#8220;4.27.4&#8243; _module_preset=&#8220;default&#8220; theme_builder_area=&#8220;post_content&#8220; title_level=&#8220;h2&#8243; hover_enabled=&#8220;0&#8243; sticky_enabled=&#8220;0&#8243; title_text_color=&#8220;#000000&#8243; title_font_size=&#8220;32px&#8220; title_text_align=&#8220;left&#8220;][\/et_pb_heading][\/et_pb_column][\/et_pb_row][et_pb_row _builder_version=&#8220;4.27.4&#8243; _module_preset=&#8220;default&#8220; theme_builder_area=&#8220;post_content&#8220;][et_pb_column _builder_version=&#8220;4.27.4&#8243; _module_preset=&#8220;default&#8220; type=&#8220;4_4&#8243; theme_builder_area=&#8220;post_content&#8220;][et_pb_accordion _builder_version=&#8220;4.27.4&#8243; _module_preset=&#8220;default&#8220; theme_builder_area=&#8220;post_content&#8220; hover_enabled=&#8220;0&#8243; sticky_enabled=&#8220;0&#8243;][et_pb_accordion_item title=&#8220;Senior Google Ads Experte \ud83d\ude80&#8220; _builder_version=&#8220;4.27.4&#8243; _module_preset=&#8220;default&#8220; open=&#8220;on&#8220; theme_builder_area=&#8220;post_content&#8220; toggle_level=&#8220;h5&#8243; hover_enabled=&#8220;0&#8243; sticky_enabled=&#8220;0&#8243;]<\/p>\n<p>Wir entwickeln datengest\u00fctzte Google Ads-Strategien, die auf Ihre Gesch\u00e4ftsziele zugeschnitten sind, und helfen Ihnen, mit Klarheit, Kontrolle und messbaren Ergebnissen zu wachsen\ud83d\udcc8.<\/p>\n<p>[\/et_pb_accordion_item][et_pb_accordion_item title=&#8220;15 Jahre Erfahrung im PPC-Bereich \ud83d\udd52.&#8220; _builder_version=&#8220;4.27.4&#8243; _module_preset=&#8220;default&#8220; open=&#8220;off&#8220; theme_builder_area=&#8220;post_content&#8220; toggle_level=&#8220;h5&#8243; hover_enabled=&#8220;0&#8243; sticky_enabled=&#8220;0&#8243;]<\/p>\n<p>Mit 15 Jahren praktischer PPC-Erfahrung wissen wir, wie man Kampagnen in verschiedenen Nischen und mit unterschiedlichen Budgets effizient startet, optimiert und skaliert \ud83c\udfaf.<\/p>\n<p>[\/et_pb_accordion_item][et_pb_accordion_item title=&#8220;Google Zertifizierter Partner \u2705&#8220; _builder_version=&#8220;4.27.4&#8243; _module_preset=&#8220;default&#8220; theme_builder_area=&#8220;post_content&#8220; hover_enabled=&#8220;0&#8243; sticky_enabled=&#8220;0&#8243; open=&#8220;off&#8220;]<\/p>\n<p>Als zertifizierter Google-Partner wenden wir bew\u00e4hrte Best Practices an und bleiben auf dem neuesten Stand der Plattformstandards, Tools und Werbe-Updates \ud83d\udd0d.<\/p>\n<p>[\/et_pb_accordion_item][et_pb_accordion_item title=&#8220;#Platz 1 bei Google Ads \ud83e\udd47.&#8220; _builder_version=&#8220;4.27.4&#8243; _module_preset=&#8220;default&#8220; theme_builder_area=&#8220;post_content&#8220; hover_enabled=&#8220;0&#8243; sticky_enabled=&#8220;0&#8243; open=&#8220;off&#8220;]<\/p>\n<p>Arbeiten Sie mit einem preisgekr\u00f6nten Team zusammen, das f\u00fcr die Erstellung leistungsstarker Google Ads-Kampagnen mit einem starken Fokus auf Qualit\u00e4t, Transparenz und langfristige Ergebnisse bekannt ist \ud83e\udd1d.<\/p>\n<p>[\/et_pb_accordion_item][\/et_pb_accordion][\/et_pb_column][\/et_pb_row][\/et_pb_section]<\/p>\n","protected":false},"excerpt":{"rendered":"<p>1 Kampagne, bis zu 15 Keywords1 responsive Anzeige1 KOSTENLOSE Optimierung innerhalb von 30 Tagen nach dem Start7-Tage-LieferungKontoeinrichtung1 Vorschlag1 Vorschlag zur Zielgruppenansprache3 AnzeigenerweiterungenKampagnen-QA1 Kampagne, bis zu 30 Keywords2 responsive Anzeigen1 KOSTENLOSE Optimierung innerhalb von 30 Tagen nach dem Start6-Tage-LieferungKontoeinrichtung2 Vorschl\u00e4ge2 Vorschl\u00e4ge f\u00fcr die Zielgruppenansprache4 AnzeigenerweiterungenKampagnen-QA1 Kampagne, 50+ Keywords3+ responsive Anzeigen3 KOSTENLOSE Optimierungen innerhalb von 30 Tagen [&hellip;]<\/p>\n","protected":false},"author":1,"featured_media":0,"parent":0,"menu_order":0,"comment_status":"closed","ping_status":"closed","template":"","meta":{"_seopress_robots_primary_cat":"","_seopress_titles_title":"Google Ads Kampagnenmanagement Dienstleistungen","_seopress_titles_desc":"Professionelles Google Ads Kampagnenmanagement mit Schwerpunkt auf Strategie, Optimierung und messbarem Wachstum f\u00fcr Ihr Unternehmen.","_seopress_robots_index":"","_et_pb_use_builder":"on","_et_pb_old_content":"","_et_gb_content_width":"","footnotes":""},"class_list":["post-4655","page","type-page","status-publish","hentry"],"jetpack_sharing_enabled":true,"_links":{"self":[{"href":"https:\/\/www.buygoogleadsaccount.com\/de\/wp-json\/wp\/v2\/pages\/4655","targetHints":{"allow":["GET"]}}],"collection":[{"href":"https:\/\/www.buygoogleadsaccount.com\/de\/wp-json\/wp\/v2\/pages"}],"about":[{"href":"https:\/\/www.buygoogleadsaccount.com\/de\/wp-json\/wp\/v2\/types\/page"}],"author":[{"embeddable":true,"href":"https:\/\/www.buygoogleadsaccount.com\/de\/wp-json\/wp\/v2\/users\/1"}],"replies":[{"embeddable":true,"href":"https:\/\/www.buygoogleadsaccount.com\/de\/wp-json\/wp\/v2\/comments?post=4655"}],"version-history":[{"count":2,"href":"https:\/\/www.buygoogleadsaccount.com\/de\/wp-json\/wp\/v2\/pages\/4655\/revisions"}],"predecessor-version":[{"id":4657,"href":"https:\/\/www.buygoogleadsaccount.com\/de\/wp-json\/wp\/v2\/pages\/4655\/revisions\/4657"}],"wp:attachment":[{"href":"https:\/\/www.buygoogleadsaccount.com\/de\/wp-json\/wp\/v2\/media?parent=4655"}],"curies":[{"name":"wp","href":"https:\/\/api.w.org\/{rel}","templated":true}]}}