{"id":4892,"date":"2026-03-25T14:24:18","date_gmt":"2026-03-25T11:24:18","guid":{"rendered":"https:\/\/www.buygoogleadsaccount.com\/google-anzeigen-verifizieren\/"},"modified":"2026-04-01T13:08:24","modified_gmt":"2026-04-01T10:08:24","slug":"google-anzeigen-verifizieren","status":"publish","type":"page","link":"https:\/\/www.buygoogleadsaccount.com\/de\/google-anzeigen-verifizieren\/","title":{"rendered":"Google Anzeigen verifizieren"},"content":{"rendered":"<p>[et_pb_section fb_built=&#8220;1&#8243; _builder_version=&#8220;4.27.4&#8243; _module_preset=&#8220;default&#8220; global_colors_info=&#8220;{}&#8220;][et_pb_row _builder_version=&#8220;4.27.4&#8243; _module_preset=&#8220;default&#8220; min_height=&#8220;72px&#8220; custom_margin=&#8220;-11px|auto||auto||&#8220; global_colors_info=&#8220;{}&#8220;][et_pb_column type=&#8220;4_4&#8243; _builder_version=&#8220;4.27.4&#8243; _module_preset=&#8220;default&#8220; global_colors_info=&#8220;{}&#8220;][et_pb_heading title=&#8220;GOOGLE ADS \u00dcBERPR\u00dcFUNG&#8220; _builder_version=&#8220;4.27.4&#8243; _module_preset=&#8220;default&#8220; title_font=&#8220;|600|||||||&#8220; title_text_align=&#8220;center&#8220; title_text_color=&#8220;#0C71C3&#8243; title_font_size=&#8220;35px&#8220; min_height=&#8220;22px&#8220; global_colors_info=&#8220;{}&#8220;][\/et_pb_heading][\/et_pb_column][\/et_pb_row][et_pb_row column_structure=&#8220;1_2,1_2&#8243; _builder_version=&#8220;4.27.4&#8243; _module_preset=&#8220;default&#8220; global_colors_info=&#8220;{}&#8220;][et_pb_column type=&#8220;1_2&#8243; _builder_version=&#8220;4.27.4&#8243; _module_preset=&#8220;default&#8220; global_colors_info=&#8220;{}&#8220;][et_pb_pricing_tables _builder_version=&#8220;4.27.4&#8243; _module_preset=&#8220;default&#8220; global_colors_info=&#8220;{}&#8220;][et_pb_pricing_table title=&#8220;Google Ads Business Verification Service&#8220; subtitle=&#8220;Verbessern Sie Ihr Werbespiel&#8220; currency=&#8220;$&#8220; sum=&#8220;150&#8243; button_url=&#8220;https:\/\/t.me\/adsalexaccs&#8220; url_new_window=&#8220;on&#8220; button_text=&#8220;Heute verifiziert werden&#8220; _builder_version=&#8220;4.27.4&#8243; _module_preset=&#8220;default&#8220; link_option_url_new_window=&#8220;on&#8220; global_colors_info=&#8220;{}&#8220; sticky_transition=&#8220;on&#8220;]<\/p>\n<h2 data-section-id=\"uxf01n\" data-start=\"200\" data-end=\"251\">Schnelle und zuverl\u00e4ssige Google Ads Business Verifizierung<\/h2>\n<p data-start=\"253\" data-end=\"378\">Wir helfen Unternehmen, die <strong data-start=\"294\" data-end=\"330\">Google Ads-Gesch\u00e4ftsverifizierung<\/strong> erfolgreich abzuschlie\u00dfen und ihre Konten ohne Verz\u00f6gerungen zu genehmigen.<\/p>\n<p data-start=\"253\" data-end=\"378\">\n<p data-start=\"380\" data-end=\"556\">Wenn Ihr Google Ads-Konto eingeschr\u00e4nkt ist oder \u00fcberpr\u00fcft werden muss, bietet unser Team umfassende Unterst\u00fctzung, um Sie durch den Prozess zu f\u00fchren und die Einhaltung der Google-Richtlinien sicherzustellen.<\/p>\n<p>[\/et_pb_pricing_table][\/et_pb_pricing_tables][\/et_pb_column][et_pb_column type=&#8220;1_2&#8243; _builder_version=&#8220;4.27.4&#8243; _module_preset=&#8220;default&#8220; global_colors_info=&#8220;{}&#8220;][et_pb_pricing_tables _builder_version=&#8220;4.27.4&#8243; _module_preset=&#8220;default&#8220; link_option_url_new_window=&#8220;on&#8220; global_colors_info=&#8220;{}&#8220;][et_pb_pricing_table title=&#8220;Google Ads Identit\u00e4ts\u00fcberpr\u00fcfung&#8220; subtitle=&#8220;Sichern Sie Ihr Werbeerlebnis&#8220; currency=&#8220;$&#8220; sum=&#8220;70&#8243; button_url=&#8220;https:\/\/t.me\/adsalexaccs&#8220; url_new_window=&#8220;on&#8220; button_text=&#8220;Heute verifiziert werden&#8220; _builder_version=&#8220;4.27.4&#8243; _module_preset=&#8220;default&#8220; link_option_url_new_window=&#8220;on&#8220; global_colors_info=&#8220;{}&#8220; sticky_transition=&#8220;on&#8220;]<\/p>\n<h2 data-section-id=\"ctflb8\" data-start=\"192\" data-end=\"241\">Schnelle &amp; sichere Google Ads Identit\u00e4ts\u00fcberpr\u00fcfung<\/h2>\n<p data-start=\"243\" data-end=\"386\">Wir helfen Privatpersonen und Unternehmen dabei, die <strong data-start=\"300\" data-end=\"336\">Identit\u00e4tspr\u00fcfung von Google Ads<\/strong> erfolgreich abzuschlie\u00dfen und ihre Werbekonten vollst\u00e4ndig aktiv zu halten.<\/p>\n<p data-start=\"243\" data-end=\"386\">Wenn Ihr Konto \u00fcberpr\u00fcft wird oder aufgrund von Anforderungen zur Identit\u00e4ts\u00fcberpr\u00fcfung eingeschr\u00e4nkt ist, wird unser Team Sie durch jeden Schritt des Prozesses begleiten.<\/p>\n<p>[\/et_pb_pricing_table][\/et_pb_pricing_tables][\/et_pb_column][\/et_pb_row][et_pb_row _builder_version=&#8220;4.27.4&#8243; _module_preset=&#8220;default&#8220; global_colors_info=&#8220;{}&#8220;][et_pb_column type=&#8220;4_4&#8243; _builder_version=&#8220;4.27.4&#8243; _module_preset=&#8220;default&#8220; global_colors_info=&#8220;{}&#8220;][et_pb_heading title=&#8220;Google Ads Business \u00dcberpr\u00fcfung \ud83c\udfe2.&#8220; _builder_version=&#8220;4.27.4&#8243; _module_preset=&#8220;default&#8220; title_level=&#8220;h2&#8243; global_colors_info=&#8220;{}&#8220;][\/et_pb_heading][\/et_pb_column][\/et_pb_row][et_pb_row _builder_version=&#8220;4.27.4&#8243; _module_preset=&#8220;default&#8220; custom_margin=&#8220;-13px|auto||auto||&#8220; global_colors_info=&#8220;{}&#8220;][et_pb_column type=&#8220;4_4&#8243; _builder_version=&#8220;4.27.4&#8243; _module_preset=&#8220;default&#8220; global_colors_info=&#8220;{}&#8220;][et_pb_text _builder_version=&#8220;4.27.4&#8243; _module_preset=&#8220;default&#8220; custom_margin=&#8220;-35px|||||&#8220; global_colors_info=&#8220;{}&#8220;]<\/p>\n<p>Wir helfen Unternehmen bei der Vorbereitung auf die \u00dcberpr\u00fcfung von Google Ads Business, einschlie\u00dflich der \u00dcberpr\u00fcfung von Kontodetails, Rechnungsinformationen und der Konsistenz von Dokumenten. Eine gute Vorbereitung reduziert Fehler und macht den Prozess reibungsloser. <\/p>\n<p>[\/et_pb_text][\/et_pb_column][\/et_pb_row][et_pb_row _builder_version=&#8220;4.27.4&#8243; _module_preset=&#8220;default&#8220; global_colors_info=&#8220;{}&#8220;][et_pb_column type=&#8220;4_4&#8243; _builder_version=&#8220;4.27.4&#8243; _module_preset=&#8220;default&#8220; global_colors_info=&#8220;{}&#8220;][et_pb_heading title=&#8220;So bestehen Sie die Google ads Business \u00dcberpr\u00fcfung \u2699\ufe0f&#8220; _builder_version=&#8220;4.27.4&#8243; _module_preset=&#8220;default&#8220; title_level=&#8220;h2&#8243; custom_margin=&#8220;-22px|||||&#8220; global_colors_info=&#8220;{}&#8220;][\/et_pb_heading][\/et_pb_column][\/et_pb_row][et_pb_row _builder_version=&#8220;4.27.4&#8243; _module_preset=&#8220;default&#8220; custom_margin=&#8220;-14px|auto||auto||&#8220; global_colors_info=&#8220;{}&#8220;][et_pb_column type=&#8220;4_4&#8243; _builder_version=&#8220;4.27.4&#8243; _module_preset=&#8220;default&#8220; global_colors_info=&#8220;{}&#8220;][et_pb_text _builder_version=&#8220;4.27.4&#8243; _module_preset=&#8220;default&#8220; custom_margin=&#8220;-38px|||||&#8220; global_colors_info=&#8220;{}&#8220;]<\/p>\n<p>Um die \u00dcberpr\u00fcfung erfolgreich zu bestehen, sollten alle Kontodaten mit Ihren offiziellen Dokumenten \u00fcbereinstimmen. Der Name des Unternehmens, das Rechnungsprofil und die eingereichten Details m\u00fcssen korrekt und konsistent sein. Mit einem gut vorbereiteten Konto haben Sie eine viel bessere Chance, die Verifizierung ohne Verz\u00f6gerungen abzuschlie\u00dfen \ud83d\ude80.  <\/p>\n<p>[\/et_pb_text][\/et_pb_column][\/et_pb_row][et_pb_row _builder_version=&#8220;4.27.4&#8243; _module_preset=&#8220;default&#8220; global_colors_info=&#8220;{}&#8220;][et_pb_column type=&#8220;4_4&#8243; _builder_version=&#8220;4.27.4&#8243; _module_preset=&#8220;default&#8220; global_colors_info=&#8220;{}&#8220;][et_pb_heading title=&#8220;\u00dcberpr\u00fcfung der Google-Anzeigen \ud83d\udd0d.&#8220; _builder_version=&#8220;4.27.4&#8243; _module_preset=&#8220;default&#8220; title_level=&#8220;h3&#8243; custom_margin=&#8220;-24px|||||&#8220; global_colors_info=&#8220;{}&#8220;][\/et_pb_heading][\/et_pb_column][\/et_pb_row][et_pb_row _builder_version=&#8220;4.27.4&#8243; _module_preset=&#8220;default&#8220; global_colors_info=&#8220;{}&#8220;][et_pb_column type=&#8220;4_4&#8243; _builder_version=&#8220;4.27.4&#8243; _module_preset=&#8220;default&#8220; global_colors_info=&#8220;{}&#8220;][et_pb_text _builder_version=&#8220;4.27.4&#8243; _module_preset=&#8220;default&#8220; custom_margin=&#8220;-54px|||||&#8220; global_colors_info=&#8220;{}&#8220;]<\/p>\n<p>Die \u00dcberpr\u00fcfung von Google-Anzeigen kann sowohl f\u00fcr Unternehmen als auch f\u00fcr Privatpersonen gelten. Wir helfen bei der \u00dcberpr\u00fcfung des Kontos vor der Einreichung, identifizieren m\u00f6gliche Probleme und f\u00fchren Sie Schritt f\u00fcr Schritt durch den Prozess. Dies hilft, h\u00e4ufige Fehler zu vermeiden und alles zu organisieren.  <\/p>\n<p>[\/et_pb_text][\/et_pb_column][\/et_pb_row][et_pb_row _builder_version=&#8220;4.27.4&#8243; _module_preset=&#8220;default&#8220; global_colors_info=&#8220;{}&#8220;][et_pb_column type=&#8220;4_4&#8243; _builder_version=&#8220;4.27.4&#8243; _module_preset=&#8220;default&#8220; global_colors_info=&#8220;{}&#8220;][et_pb_heading title=&#8220;Verifizierung f\u00fcr Google Ads-Konten \ud83d\udcc4.&#8220; _builder_version=&#8220;4.27.4&#8243; _module_preset=&#8220;default&#8220; title_level=&#8220;h3&#8243; custom_margin=&#8220;-48px|||||&#8220; custom_padding=&#8220;11px|||||&#8220; global_colors_info=&#8220;{}&#8220;][\/et_pb_heading][\/et_pb_column][\/et_pb_row][et_pb_row _builder_version=&#8220;4.27.4&#8243; _module_preset=&#8220;default&#8220; global_colors_info=&#8220;{}&#8220;][et_pb_column type=&#8220;4_4&#8243; _builder_version=&#8220;4.27.4&#8243; _module_preset=&#8220;default&#8220; global_colors_info=&#8220;{}&#8220;][et_pb_text _builder_version=&#8220;4.27.4&#8243; _module_preset=&#8220;default&#8220; custom_margin=&#8220;-77px|||||&#8220; custom_padding=&#8220;21px||0px|||&#8220; global_colors_info=&#8220;{}&#8220;]<\/p>\n<p>Wir bieten Unterst\u00fctzung bei der Verifizierung von Google Ads-Konten sowohl f\u00fcr juristische als auch f\u00fcr Privatpersonen. Ganz gleich, ob Sie Hilfe bei der Verifizierung von Unternehmen oder bei der \u00dcberpr\u00fcfung der pers\u00f6nlichen Identit\u00e4t ben\u00f6tigen, wir helfen Ihnen, das Konto korrekt vorzubereiten und den Prozess mit Zuversicht zu durchlaufen. <\/p>\n<p>[\/et_pb_text][et_pb_heading title=&#8220;Ben\u00f6tigen Sie Hilfe bei der \u00dcberpr\u00fcfung von Google Ads? \ud83d\udcbc&#8220; _builder_version=&#8220;4.27.4&#8243; _module_preset=&#8220;default&#8220; title_level=&#8220;h3&#8243; min_height=&#8220;47px&#8220; custom_margin=&#8220;8px||16px|||&#8220; custom_padding=&#8220;8px|||||&#8220; global_colors_info=&#8220;{}&#8220;][\/et_pb_heading][\/et_pb_column][\/et_pb_row][et_pb_row _builder_version=&#8220;4.27.4&#8243; _module_preset=&#8220;default&#8220; global_colors_info=&#8220;{}&#8220;][et_pb_column type=&#8220;4_4&#8243; _builder_version=&#8220;4.27.4&#8243; _module_preset=&#8220;default&#8220; global_colors_info=&#8220;{}&#8220;][et_pb_text _builder_version=&#8220;4.27.4&#8243; _module_preset=&#8220;default&#8220; custom_margin=&#8220;-75px|||||&#8220; custom_padding=&#8220;3px|||||&#8220; global_colors_info=&#8220;{}&#8220;]<\/p>\n<p>Wir sind bereit, Sie bei der Unternehmens\u00fcberpr\u00fcfung, der Identit\u00e4tspr\u00fcfung, der Kontopr\u00fcfung und der Vorbereitung von Dokumenten zu unterst\u00fctzen. Wenn Sie den Prozess schneller und mit weniger Risiken abschlie\u00dfen m\u00f6chten, k\u00f6nnen wir Ihnen helfen. <\/p>\n<p>[\/et_pb_text][\/et_pb_column][\/et_pb_row][et_pb_row _builder_version=&#8220;4.27.4&#8243; _module_preset=&#8220;default&#8220; global_colors_info=&#8220;{}&#8220;][et_pb_column type=&#8220;4_4&#8243; _builder_version=&#8220;4.27.4&#8243; _module_preset=&#8220;default&#8220; global_colors_info=&#8220;{}&#8220;][et_pb_heading title=&#8220;\ud83d\udc47Verhindern Sie die Sperrung Ihres Kontos und lassen Sie Ihre Anzeigen ohne Unterbrechungen laufen.\ud83d\udc47&#8220; _builder_version=&#8220;4.27.4&#8243; _module_preset=&#8220;default&#8220; title_level=&#8220;h3&#8243; title_text_align=&#8220;center&#8220; custom_margin=&#8220;-12px|||||&#8220; custom_padding=&#8220;0px|||||&#8220; global_colors_info=&#8220;{}&#8220;][\/et_pb_heading][\/et_pb_column][\/et_pb_row][et_pb_row column_structure=&#8220;1_2,1_2&#8243; _builder_version=&#8220;4.27.4&#8243; _module_preset=&#8220;default&#8220; custom_margin=&#8220;-14px|auto||auto||&#8220; global_colors_info=&#8220;{}&#8220;][et_pb_column type=&#8220;1_2&#8243; _builder_version=&#8220;4.27.4&#8243; _module_preset=&#8220;default&#8220; global_colors_info=&#8220;{}&#8220;][et_pb_button button_url=&#8220;https:\/\/t.me\/adsalexaccs&#8220; button_text=&#8220;Telegramm&#8220; button_alignment=&#8220;center&#8220; _builder_version=&#8220;4.27.4&#8243; _module_preset=&#8220;default&#8220; z_index=&#8220;150&#8243; global_colors_info=&#8220;{}&#8220;][\/et_pb_button][\/et_pb_column][et_pb_column type=&#8220;1_2&#8243; _builder_version=&#8220;4.27.4&#8243; _module_preset=&#8220;default&#8220; global_colors_info=&#8220;{}&#8220;][et_pb_button button_url=&#8220;https:\/\/wa.me\/qr\/SDJ73ZYHV2CBK1&#8243; button_text=&#8220;WhatsApp&#8220; button_alignment=&#8220;center&#8220; _builder_version=&#8220;4.27.4&#8243; _module_preset=&#8220;default&#8220; custom_button=&#8220;on&#8220; button_text_color=&#8220;#178939&#8243; global_colors_info=&#8220;{}&#8220;][\/et_pb_button][\/et_pb_column][\/et_pb_row][et_pb_row _builder_version=&#8220;4.27.4&#8243; _module_preset=&#8220;default&#8220; custom_margin=&#8220;-42px|auto||auto||&#8220; global_colors_info=&#8220;{}&#8220;][et_pb_column type=&#8220;4_4&#8243; _builder_version=&#8220;4.27.4&#8243; _module_preset=&#8220;default&#8220; global_colors_info=&#8220;{}&#8220;][et_pb_gallery gallery_ids=&#8220;4252,4260,4268,4276&#8243; _builder_version=&#8220;4.27.4&#8243; _module_preset=&#8220;default&#8220; title_level=&#8220;h5&#8243; min_height=&#8220;175.1px&#8220; custom_margin=&#8220;44px|||||&#8220; global_colors_info=&#8220;{}&#8220;][\/et_pb_gallery][\/et_pb_column][\/et_pb_row][\/et_pb_section]<\/p>\n","protected":false},"excerpt":{"rendered":"<p>Schnelle und zuverl\u00e4ssige Google Ads Business Verifizierung Wir helfen Unternehmen, die Google Ads-Gesch\u00e4ftsverifizierung erfolgreich abzuschlie\u00dfen und ihre Konten ohne Verz\u00f6gerungen zu genehmigen. Wenn Ihr Google Ads-Konto eingeschr\u00e4nkt ist oder \u00fcberpr\u00fcft werden muss, bietet unser Team umfassende Unterst\u00fctzung, um Sie durch den Prozess zu f\u00fchren und die Einhaltung der Google-Richtlinien sicherzustellen.Schnelle &amp; sichere Google Ads Identit\u00e4ts\u00fcberpr\u00fcfung [&hellip;]<\/p>\n","protected":false},"author":4,"featured_media":0,"parent":0,"menu_order":0,"comment_status":"closed","ping_status":"closed","template":"","meta":{"_seopress_robots_primary_cat":"","_seopress_titles_title":"Google Anzeigen verifizieren","_seopress_titles_desc":"Wir helfen Ihnen bei der \u00dcberpr\u00fcfung von Google Ads Business und der Identit\u00e4tspr\u00fcfung f\u00fcr Unternehmen und Privatpersonen. Schnelle Unterst\u00fctzung bei Dokumenten, Kontopr\u00fcfungen und Verifizierungsverfahren. ","_seopress_robots_index":"","_et_pb_use_builder":"on","_et_pb_old_content":"","_et_gb_content_width":"","footnotes":""},"class_list":["post-4892","page","type-page","status-publish","hentry"],"jetpack_sharing_enabled":true,"_links":{"self":[{"href":"https:\/\/www.buygoogleadsaccount.com\/de\/wp-json\/wp\/v2\/pages\/4892","targetHints":{"allow":["GET"]}}],"collection":[{"href":"https:\/\/www.buygoogleadsaccount.com\/de\/wp-json\/wp\/v2\/pages"}],"about":[{"href":"https:\/\/www.buygoogleadsaccount.com\/de\/wp-json\/wp\/v2\/types\/page"}],"author":[{"embeddable":true,"href":"https:\/\/www.buygoogleadsaccount.com\/de\/wp-json\/wp\/v2\/users\/4"}],"replies":[{"embeddable":true,"href":"https:\/\/www.buygoogleadsaccount.com\/de\/wp-json\/wp\/v2\/comments?post=4892"}],"version-history":[{"count":5,"href":"https:\/\/www.buygoogleadsaccount.com\/de\/wp-json\/wp\/v2\/pages\/4892\/revisions"}],"predecessor-version":[{"id":4900,"href":"https:\/\/www.buygoogleadsaccount.com\/de\/wp-json\/wp\/v2\/pages\/4892\/revisions\/4900"}],"wp:attachment":[{"href":"https:\/\/www.buygoogleadsaccount.com\/de\/wp-json\/wp\/v2\/media?parent=4892"}],"curies":[{"name":"wp","href":"https:\/\/api.w.org\/{rel}","templated":true}]}}