{"id":4987,"date":"2026-03-27T16:04:52","date_gmt":"2026-03-27T13:04:52","guid":{"rendered":"https:\/\/www.buygoogleadsaccount.com\/zahlungsprofil-google\/"},"modified":"2026-04-01T13:14:56","modified_gmt":"2026-04-01T10:14:56","slug":"zahlungsprofil-google","status":"publish","type":"page","link":"https:\/\/www.buygoogleadsaccount.com\/de\/zahlungsprofil-google\/","title":{"rendered":"Zahlungsprofil google"},"content":{"rendered":"<p>[et_pb_section fb_built=&#8220;1&#8243; _builder_version=&#8220;4.27.4&#8243; _module_preset=&#8220;default&#8220; global_colors_info=&#8220;{}&#8220;][et_pb_row _builder_version=&#8220;4.27.4&#8243; _module_preset=&#8220;default&#8220; global_colors_info=&#8220;{}&#8220;][et_pb_column type=&#8220;4_4&#8243; _builder_version=&#8220;4.27.4&#8243; _module_preset=&#8220;default&#8220; global_colors_info=&#8220;{}&#8220;][et_pb_heading title=&#8220;Zahlungsprofil google&#8220; _builder_version=&#8220;4.27.4&#8243; _module_preset=&#8220;default&#8220; title_text_align=&#8220;center&#8220; title_text_color=&#8220;#0fb3ff&#8220; title_font_size=&#8220;45px&#8220; custom_margin=&#8220;||65px|||&#8220; global_colors_info=&#8220;{}&#8220; custom_padding=&#8220;||11px|||&#8220;][\/et_pb_heading][et_pb_image src=&#8220;https:\/\/www.buygoogleadsaccount.com\/wp-content\/uploads\/2026\/04\/ChatGPT-Image-1-apr.2026-g.10_51_30-1-1-.png&#8220; _builder_version=&#8220;4.27.4&#8243; _module_preset=&#8220;default&#8220; title_text=&#8220;ChatGPT Bild 1 \u0430\u043f\u0440. 2026 \u0433., 10_51_30 (1) (1)&#8220; hover_enabled=&#8220;0&#8243; sticky_enabled=&#8220;0&#8243; custom_padding=&#8220;||0px|||&#8220; custom_margin=&#8220;-68px|||||&#8220;][\/et_pb_image][et_pb_text _builder_version=&#8220;4.27.4&#8243; _module_preset=&#8220;default&#8220; global_colors_info=&#8220;{}&#8220;]<\/p>\n<p><strong>Wir halfen bei der Verkn\u00fcpfung von Karten aus allen L\u00e4ndern, auch f\u00fcr Kunden, die mehr als 10k$+ ausgeben, k\u00f6nnen wir Konten in Verbindung mit einer Kreditlinie anbieten \ud83c\udf0d\ud83d\udcb3.<\/strong><\/p>\n<p><em><span style=\"font-weight: 400;\">Dieses Angebot gilt, wenn Sie in einem Monat 10k+ $ ausgeben.  <\/span><\/em><\/p>\n<p><em><span style=\"font-weight: 400;\"><\/span><\/em><\/p>\n<ul>\n<li><span style=\"font-weight: 400;\"><span style=\"color: #0000ff;\">F\u00fcr WH Angebote gibt es 0 % nur 50$ Miete in einer Woche <\/span>\u2705.<\/span><\/li>\n<li><span style=\"font-weight: 400;\"><span style=\"color: #0000ff;\">F\u00fcr BH Angebote 100$ in einer Woche + 7% Geb\u00fchr von Zahlungen<\/span> \ud83d\udcc5.<\/span><\/li>\n<\/ul>\n<p>[\/et_pb_text][et_pb_heading title=&#8220;Google Zahlungsprofil \ud83c\udf0d.&#8220; _builder_version=&#8220;4.27.4&#8243; _module_preset=&#8220;default&#8220; title_level=&#8220;h2&#8243; custom_margin=&#8220;-9px|||||&#8220; global_colors_info=&#8220;{}&#8220;][\/et_pb_heading][et_pb_text _builder_version=&#8220;4.27.4&#8243; _module_preset=&#8220;default&#8220; custom_margin=&#8220;-23px|||||&#8220; global_colors_info=&#8220;{}&#8220;]<\/p>\n<p>Ein richtig konfiguriertes Google-Zahlungsprofil hilft Werbetreibenden, die Abrechnung mit weniger Verz\u00f6gerungen \u23f3 und weniger zahlungsbezogenen Problemen zu verwalten \u26a0\ufe0f. Wir unterst\u00fctzen unsere Kunden bei der Einrichtung von Google Ads-Zahlungsprofilen , bei der Aktualisierung von Zahlungsmethoden \ud83d\udd04 und bei der reibungsloseren Vorbereitung von Konten f\u00fcr Kampagnenstarts \ud83d\ude80. Dieser Service ist besonders n\u00fctzlich f\u00fcr Teams, die stabile Abrechnungsabl\u00e4ufe, eine zuverl\u00e4ssige Einrichtung und besser vorhersehbare Anzeigenabl\u00e4ufe ben\u00f6tigen \ud83c\udfaf.  <\/p>\n<p>[\/et_pb_text][\/et_pb_column][\/et_pb_row][et_pb_row _builder_version=&#8220;4.27.4&#8243; _module_preset=&#8220;default&#8220; global_colors_info=&#8220;{}&#8220;][et_pb_column type=&#8220;4_4&#8243; _builder_version=&#8220;4.27.4&#8243; _module_preset=&#8220;default&#8220; global_colors_info=&#8220;{}&#8220;][et_pb_heading title=&#8220;Google Anzeigen Kreditkarte hinzuf\u00fcgen \ud83d\udcb3.&#8220; _builder_version=&#8220;4.27.4&#8243; _module_preset=&#8220;default&#8220; title_level=&#8220;h2&#8243; custom_margin=&#8220;-13px||18px|||&#8220; global_colors_info=&#8220;{}&#8220;][\/et_pb_heading][et_pb_text _builder_version=&#8220;4.27.4&#8243; _module_preset=&#8220;default&#8220; custom_margin=&#8220;-10px|||||&#8220; custom_padding=&#8220;0px|||||&#8220; global_colors_info=&#8220;{}&#8220;]<\/p>\n<p>Wenn Sie bei Google Ads eine Kreditkarte hinzuf\u00fcgen m\u00fcssen, sollte der Prozess sorgf\u00e4ltig durchgef\u00fchrt werden, um Abrechnungsprobleme \ud83d\udeab oder verifizierungsbedingte Verz\u00f6gerungen zu vermeiden \u23f1\ufe0f. Wir helfen unseren Kunden bei der Aktualisierung von Zahlungsmethoden \ud83d\udd04, der korrekten Verbindung von Karten und der Vorbereitung von Konten f\u00fcr einen reibungsloseren Start von Kampagnen. Dies ist n\u00fctzlich f\u00fcr Werbetreibende, die eine schnellere Einrichtung der Abrechnung \u26a1, eine saubere Zahlungsverwaltung und weniger Probleme in den ersten Phasen der Anzeigenschaltung \ud83d\udce3 w\u00fcnschen.  <\/p>\n<p>[\/et_pb_text][\/et_pb_column][\/et_pb_row][et_pb_row _builder_version=&#8220;4.27.4&#8243; _module_preset=&#8220;default&#8220; global_colors_info=&#8220;{}&#8220;][et_pb_column type=&#8220;4_4&#8243; _builder_version=&#8220;4.27.4&#8243; _module_preset=&#8220;default&#8220; global_colors_info=&#8220;{}&#8220;][et_pb_heading title=&#8220;Google Anzeigen Kreditlinie \ud83d\udcc8.&#8220; _builder_version=&#8220;4.27.4&#8243; _module_preset=&#8220;default&#8220; title_level=&#8220;h3&#8243; custom_margin=&#8220;-9px|||||&#8220; global_colors_info=&#8220;{}&#8220;][\/et_pb_heading][\/et_pb_column][\/et_pb_row][et_pb_row _builder_version=&#8220;4.27.4&#8243; _module_preset=&#8220;default&#8220; global_colors_info=&#8220;{}&#8220;][et_pb_column type=&#8220;4_4&#8243; _builder_version=&#8220;4.27.4&#8243; _module_preset=&#8220;default&#8220; global_colors_info=&#8220;{}&#8220;][et_pb_text _builder_version=&#8220;4.27.4&#8243; _module_preset=&#8220;default&#8220; custom_margin=&#8220;-43px|||||&#8220; custom_padding=&#8220;0px|||||&#8220; global_colors_info=&#8220;{}&#8220;]<\/p>\n<p>Eine Google Ads-Kreditlinienl\u00f6sung kann f\u00fcr Werbetreibende relevant sein, die gr\u00f6\u00dfere monatliche Ausgaben verwalten \ud83d\udcb0 und eine flexiblere Abrechnungsstruktur suchen \ud83d\udd04. Wir helfen Unternehmen zu verstehen, wie eine Google Ads-Kreditlinie den laufenden Kampagnenbetrieb und ein bequemeres Zahlungsmanagement unterst\u00fctzen kann \ud83e\udde9. Diese Art von L\u00f6sung ist in der Regel eher f\u00fcr Teams relevant, die Stabilit\u00e4t, Skalierbarkeit und eine vorhersehbare Kontoabrechnung ben\u00f6tigen \ud83d\udccc.  <\/p>\n<p>[\/et_pb_text][\/et_pb_column][\/et_pb_row][et_pb_row _builder_version=&#8220;4.27.4&#8243; _module_preset=&#8220;default&#8220; global_colors_info=&#8220;{}&#8220;][et_pb_column type=&#8220;4_4&#8243; _builder_version=&#8220;4.27.4&#8243; _module_preset=&#8220;default&#8220; global_colors_info=&#8220;{}&#8220;][et_pb_heading title=&#8220;KONTAKTIEREN SIE EINEN MANAGER \ud83d\udc47.&#8220; _builder_version=&#8220;4.27.4&#8243; _module_preset=&#8220;default&#8220; title_level=&#8220;h4&#8243; title_text_align=&#8220;center&#8220; title_text_color=&#8220;#0f8fff&#8220; title_font_size=&#8220;35px&#8220; global_colors_info=&#8220;{}&#8220;][\/et_pb_heading][\/et_pb_column][\/et_pb_row][et_pb_row column_structure=&#8220;1_2,1_2&#8243; _builder_version=&#8220;4.27.4&#8243; _module_preset=&#8220;default&#8220; global_colors_info=&#8220;{}&#8220;][et_pb_column type=&#8220;1_2&#8243; _builder_version=&#8220;4.27.4&#8243; _module_preset=&#8220;default&#8220; global_colors_info=&#8220;{}&#8220;][et_pb_button button_url=&#8220;https:\/\/t.me\/adsalexaccs&#8220; button_text=&#8220;Telegramm&#8220; button_alignment=&#8220;center&#8220; _builder_version=&#8220;4.27.4&#8243; _module_preset=&#8220;default&#8220; z_index=&#8220;150&#8243; global_colors_info=&#8220;{}&#8220;][\/et_pb_button][\/et_pb_column][et_pb_column type=&#8220;1_2&#8243; _builder_version=&#8220;4.27.4&#8243; _module_preset=&#8220;default&#8220; global_colors_info=&#8220;{}&#8220;][et_pb_button button_url=&#8220;https:\/\/wa.me\/qr\/SDJ73ZYHV2CBK1&#8243; button_text=&#8220;WhatsApp&#8220; button_alignment=&#8220;center&#8220; _builder_version=&#8220;4.27.4&#8243; _module_preset=&#8220;default&#8220; custom_button=&#8220;on&#8220; button_text_color=&#8220;#178939&#8243; global_colors_info=&#8220;{}&#8220;][\/et_pb_button][\/et_pb_column][\/et_pb_row][\/et_pb_section]<\/p>\n","protected":false},"excerpt":{"rendered":"<p>Wir halfen bei der Verkn\u00fcpfung von Karten aus allen L\u00e4ndern, auch f\u00fcr Kunden, die mehr als 10k$+ ausgeben, k\u00f6nnen wir Konten in Verbindung mit einer Kreditlinie anbieten \ud83c\udf0d\ud83d\udcb3. Dieses Angebot gilt, wenn Sie in einem Monat 10k+ $ ausgeben. F\u00fcr WH Angebote gibt es 0 % nur 50$ Miete in einer Woche \u2705. F\u00fcr BH [&hellip;]<\/p>\n","protected":false},"author":4,"featured_media":0,"parent":0,"menu_order":0,"comment_status":"closed","ping_status":"closed","template":"","meta":{"_seopress_robots_primary_cat":"","_seopress_titles_title":"Zahlungsprofil google","_seopress_titles_desc":"Wir haben Ihnen geholfen, Karten aus allen L\u00e4ndern zu verkn\u00fcpfen. Auch f\u00fcr Kunden, die mehr als 10k$+ ausgeben, k\u00f6nnen wir Konten in Verbindung mit einem Kreditrahmen anbieten.","_seopress_robots_index":"","_et_pb_use_builder":"on","_et_pb_old_content":"","_et_gb_content_width":"","footnotes":""},"class_list":["post-4987","page","type-page","status-publish","hentry"],"jetpack_sharing_enabled":true,"_links":{"self":[{"href":"https:\/\/www.buygoogleadsaccount.com\/de\/wp-json\/wp\/v2\/pages\/4987","targetHints":{"allow":["GET"]}}],"collection":[{"href":"https:\/\/www.buygoogleadsaccount.com\/de\/wp-json\/wp\/v2\/pages"}],"about":[{"href":"https:\/\/www.buygoogleadsaccount.com\/de\/wp-json\/wp\/v2\/types\/page"}],"author":[{"embeddable":true,"href":"https:\/\/www.buygoogleadsaccount.com\/de\/wp-json\/wp\/v2\/users\/4"}],"replies":[{"embeddable":true,"href":"https:\/\/www.buygoogleadsaccount.com\/de\/wp-json\/wp\/v2\/comments?post=4987"}],"version-history":[{"count":4,"href":"https:\/\/www.buygoogleadsaccount.com\/de\/wp-json\/wp\/v2\/pages\/4987\/revisions"}],"predecessor-version":[{"id":4993,"href":"https:\/\/www.buygoogleadsaccount.com\/de\/wp-json\/wp\/v2\/pages\/4987\/revisions\/4993"}],"wp:attachment":[{"href":"https:\/\/www.buygoogleadsaccount.com\/de\/wp-json\/wp\/v2\/media?parent=4987"}],"curies":[{"name":"wp","href":"https:\/\/api.w.org\/{rel}","templated":true}]}}