{"id":1605,"date":"2026-02-21T22:09:35","date_gmt":"2026-02-21T19:09:35","guid":{"rendered":"https:\/\/www.buygoogleadsaccount.com\/product\/google-ads-konto-ausgegeben-4620\/"},"modified":"2026-04-29T16:27:53","modified_gmt":"2026-04-29T13:27:53","slug":"google-ads-konto-ausgegeben-4620","status":"publish","type":"product","link":"https:\/\/www.buygoogleadsaccount.com\/de\/product\/google-ads-konto-ausgegeben-4620\/","title":{"rendered":"Google Ads-Konto 2021 &#8211; Ausgegebene $4620"},"content":{"rendered":"<p>Ausgabenhistorie: $4620<br \/>\nAlter: <span data-sheets-root=\"1\">2021<\/span><br \/>\nW\u00e4hrung des Kontos: USD<br \/>\nZeitzone: -4<br \/>\nLand des Zahlungsprofils: USA<br \/>\nArt der Zahlungen: <span data-sheets-root=\"1\">zur\u00fccksetzen<\/span><span data-sheets-root=\"1\"><br \/>\n<\/span><\/p>\n<hr>\n<p><strong>Was erhalten Sie nach der Bezahlung?<\/strong><br \/>\n1. E-Mail, Passwort, 2FA-Schl\u00fcssel, Land des Proxys, Cookies, Dokumente, Fingerabdruck f\u00fcr Ihren Antidetektiv-Browser.<br \/>\n2. Nach der Bezahlung k\u00f6nnen Sie die Datei auf der Website herunterladen und Sie erhalten alle Informationen per E-Mail.<\/p>\n<p><em>Wir k\u00f6nnen auch ein Konto per Octobrowser \u00fcbertragen, bitte kontaktieren Sie den Manager <span style=\"color: #0000ff;\"><strong><a style=\"color: #0000ff;\" href=\"https:\/\/t.me\/adsalexaccs\">@adsalexaccs<\/a><\/strong><\/span> (Telegramm).<\/em><\/p>\n","protected":false},"excerpt":{"rendered":"<p>Ausgabenhistorie: $4620 Alter: 2021 W\u00e4hrung des Kontos: USD Zeitzone: -4 Land des Zahlungsprofils: USA Art der Zahlungen: zur\u00fccksetzen Was erhalten Sie nach der Bezahlung? 1. E-Mail, Passwort, 2FA-Schl\u00fcssel, Land des Proxys, Cookies, Dokumente, Fingerabdruck f\u00fcr Ihren Antidetektiv-Browser. 2. Nach der Bezahlung k\u00f6nnen Sie die Datei auf der Website herunterladen und Sie erhalten alle Informationen per [&hellip;]<\/p>\n","protected":false},"featured_media":2605,"template":"","meta":{"_seopress_robots_primary_cat":"none","_seopress_titles_title":"","_seopress_titles_desc":"","_seopress_robots_index":"","_et_pb_use_builder":"off","_et_pb_old_content":"","_et_gb_content_width":""},"product_brand":[],"product_cat":[68],"product_tag":[],"class_list":{"0":"post-1605","1":"product","2":"type-product","3":"status-publish","4":"has-post-thumbnail","6":"product_cat-1k5kspending-gr","8":"first","9":"instock","10":"sold-individually","11":"purchasable","12":"product-type-simple"},"jetpack_sharing_enabled":true,"_links":{"self":[{"href":"https:\/\/www.buygoogleadsaccount.com\/de\/wp-json\/wp\/v2\/product\/1605","targetHints":{"allow":["GET"]}}],"collection":[{"href":"https:\/\/www.buygoogleadsaccount.com\/de\/wp-json\/wp\/v2\/product"}],"about":[{"href":"https:\/\/www.buygoogleadsaccount.com\/de\/wp-json\/wp\/v2\/types\/product"}],"wp:featuredmedia":[{"embeddable":true,"href":"https:\/\/www.buygoogleadsaccount.com\/de\/wp-json\/wp\/v2\/media\/2605"}],"wp:attachment":[{"href":"https:\/\/www.buygoogleadsaccount.com\/de\/wp-json\/wp\/v2\/media?parent=1605"}],"wp:term":[{"taxonomy":"product_brand","embeddable":true,"href":"https:\/\/www.buygoogleadsaccount.com\/de\/wp-json\/wp\/v2\/product_brand?post=1605"},{"taxonomy":"product_cat","embeddable":true,"href":"https:\/\/www.buygoogleadsaccount.com\/de\/wp-json\/wp\/v2\/product_cat?post=1605"},{"taxonomy":"product_tag","embeddable":true,"href":"https:\/\/www.buygoogleadsaccount.com\/de\/wp-json\/wp\/v2\/product_tag?post=1605"}],"curies":[{"name":"wp","href":"https:\/\/api.w.org\/{rel}","templated":true}]}}