{"id":1687,"date":"2026-02-21T22:09:36","date_gmt":"2026-02-21T19:09:36","guid":{"rendered":"https:\/\/www.buygoogleadsaccount.com\/product\/google-ads-konto-ausgegebene-4500\/"},"modified":"2026-03-23T15:17:37","modified_gmt":"2026-03-23T12:17:37","slug":"google-ads-konto-ausgegebene-4500","status":"publish","type":"product","link":"https:\/\/www.buygoogleadsaccount.com\/de\/product\/google-ads-konto-ausgegebene-4500\/","title":{"rendered":"Google Ads-Konto &#8211; Ausgegebene $4500"},"content":{"rendered":"<p>Ausgabenhistorie: 4500 $<br \/>\nAlter: 2021<br \/>\nW\u00e4hrung: USD<br \/>\nZeitzone: &#8211; 4<br \/>\nLand des Zahlungsprofils: USA<br \/>\nArt der Zahlungen: Zur\u00fccksetzen<br \/>\nKann Kreditkarte hinzuf\u00fcgen<br \/>\nVerifizierter, vollst\u00e4ndiger Zugriff auf das Zahlungsprofil<\/p>\n","protected":false},"excerpt":{"rendered":"<p>Ausgabenhistorie: 4500 $ Alter: 2021 W\u00e4hrung: USD Zeitzone: &#8211; 4 Land des Zahlungsprofils: USA Art der Zahlungen: Zur\u00fccksetzen Kann Kreditkarte hinzuf\u00fcgen Verifizierter, vollst\u00e4ndiger Zugriff auf das Zahlungsprofil<\/p>\n","protected":false},"featured_media":2589,"template":"","meta":{"_seopress_robots_primary_cat":"none","_seopress_titles_title":"","_seopress_titles_desc":"","_seopress_robots_index":"","_et_pb_use_builder":"off","_et_pb_old_content":"","_et_gb_content_width":""},"product_brand":[],"product_cat":[68],"product_tag":[],"class_list":{"0":"post-1687","1":"product","2":"type-product","3":"status-publish","4":"has-post-thumbnail","6":"product_cat-1k5kspending-gr","8":"first","9":"instock","10":"sold-individually","11":"purchasable","12":"product-type-simple"},"jetpack_sharing_enabled":true,"_links":{"self":[{"href":"https:\/\/www.buygoogleadsaccount.com\/de\/wp-json\/wp\/v2\/product\/1687","targetHints":{"allow":["GET"]}}],"collection":[{"href":"https:\/\/www.buygoogleadsaccount.com\/de\/wp-json\/wp\/v2\/product"}],"about":[{"href":"https:\/\/www.buygoogleadsaccount.com\/de\/wp-json\/wp\/v2\/types\/product"}],"wp:featuredmedia":[{"embeddable":true,"href":"https:\/\/www.buygoogleadsaccount.com\/de\/wp-json\/wp\/v2\/media\/2589"}],"wp:attachment":[{"href":"https:\/\/www.buygoogleadsaccount.com\/de\/wp-json\/wp\/v2\/media?parent=1687"}],"wp:term":[{"taxonomy":"product_brand","embeddable":true,"href":"https:\/\/www.buygoogleadsaccount.com\/de\/wp-json\/wp\/v2\/product_brand?post=1687"},{"taxonomy":"product_cat","embeddable":true,"href":"https:\/\/www.buygoogleadsaccount.com\/de\/wp-json\/wp\/v2\/product_cat?post=1687"},{"taxonomy":"product_tag","embeddable":true,"href":"https:\/\/www.buygoogleadsaccount.com\/de\/wp-json\/wp\/v2\/product_tag?post=1687"}],"curies":[{"name":"wp","href":"https:\/\/api.w.org\/{rel}","templated":true}]}}