{"id":3454,"date":"2026-02-21T22:09:42","date_gmt":"2026-02-21T19:09:42","guid":{"rendered":"https:\/\/www.buygoogleadsaccount.com\/product\/google-ads-konto-ausgegeben-2555-62\/"},"modified":"2026-04-29T16:39:07","modified_gmt":"2026-04-29T13:39:07","slug":"google-ads-konto-ausgegeben-2555-62","status":"publish","type":"product","link":"https:\/\/www.buygoogleadsaccount.com\/de\/product\/google-ads-konto-ausgegeben-2555-62\/","title":{"rendered":"Google Ads Konto 2024 &#8211; Ausgegeben $2555"},"content":{"rendered":"<p>Ausgabenhistorie: $2555<br \/>\nAlter: <span data-sheets-root=\"1\">2024<\/span><br \/>\nW\u00e4hrung des Kontos: USD<br \/>\nZeitzone: -5<br \/>\nLand des Zahlungsprofils: USA<br \/>\nArt der Zahlungen: zur\u00fccksetzen<br \/>\n<span data-sheets-root=\"1\">Sie ben\u00f6tigen eine vollst\u00e4ndige \u00dcberpr\u00fcfung des Inserenten.<\/span><span data-sheets-root=\"1\"><br \/>\n<\/span><\/p>\n<hr>\n<p><strong>Was erhalten Sie nach der Bezahlung?<\/strong><br \/>\n1. E-Mail, Passwort, 2FA-Schl\u00fcssel, Land des Proxys, Cookies, Dokumente, Fingerabdruck f\u00fcr Ihren Antidetektiv-Browser.<br \/>\n2. Nach der Bezahlung k\u00f6nnen Sie die Datei auf der Website herunterladen und Sie erhalten alle Informationen per E-Mail.<\/p>\n<p><em>Wir k\u00f6nnen auch ein Konto per Octobrowser \u00fcbertragen, bitte kontaktieren Sie den Manager <span style=\"color: #0000ff;\"><strong><a style=\"color: #0000ff;\" href=\"https:\/\/t.me\/adsalexaccs\">@adsalexaccs<\/a><\/strong><\/span> (Telegramm)<\/em><\/p>\n","protected":false},"excerpt":{"rendered":"<p>Ausgabenhistorie: $2555 Alter: 2024 W\u00e4hrung des Kontos: USD Zeitzone: -5 Land des Zahlungsprofils: USA Art der Zahlungen: zur\u00fccksetzen Sie ben\u00f6tigen eine vollst\u00e4ndige \u00dcberpr\u00fcfung des Inserenten. Was erhalten Sie nach der Bezahlung? 1. E-Mail, Passwort, 2FA-Schl\u00fcssel, Land des Proxys, Cookies, Dokumente, Fingerabdruck f\u00fcr Ihren Antidetektiv-Browser. 2. Nach der Bezahlung k\u00f6nnen Sie die Datei auf der Website [&hellip;]<\/p>\n","protected":false},"featured_media":2525,"template":"","meta":{"_seopress_robots_primary_cat":"none","_seopress_titles_title":"","_seopress_titles_desc":"","_seopress_robots_index":"","_et_pb_use_builder":"off","_et_pb_old_content":"","_et_gb_content_width":""},"product_brand":[],"product_cat":[68],"product_tag":[],"class_list":{"0":"post-3454","1":"product","2":"type-product","3":"status-publish","4":"has-post-thumbnail","6":"product_cat-1k5kspending-gr","8":"first","9":"instock","10":"virtual","11":"sold-individually","12":"purchasable","13":"product-type-simple"},"jetpack_sharing_enabled":true,"_links":{"self":[{"href":"https:\/\/www.buygoogleadsaccount.com\/de\/wp-json\/wp\/v2\/product\/3454","targetHints":{"allow":["GET"]}}],"collection":[{"href":"https:\/\/www.buygoogleadsaccount.com\/de\/wp-json\/wp\/v2\/product"}],"about":[{"href":"https:\/\/www.buygoogleadsaccount.com\/de\/wp-json\/wp\/v2\/types\/product"}],"wp:featuredmedia":[{"embeddable":true,"href":"https:\/\/www.buygoogleadsaccount.com\/de\/wp-json\/wp\/v2\/media\/2525"}],"wp:attachment":[{"href":"https:\/\/www.buygoogleadsaccount.com\/de\/wp-json\/wp\/v2\/media?parent=3454"}],"wp:term":[{"taxonomy":"product_brand","embeddable":true,"href":"https:\/\/www.buygoogleadsaccount.com\/de\/wp-json\/wp\/v2\/product_brand?post=3454"},{"taxonomy":"product_cat","embeddable":true,"href":"https:\/\/www.buygoogleadsaccount.com\/de\/wp-json\/wp\/v2\/product_cat?post=3454"},{"taxonomy":"product_tag","embeddable":true,"href":"https:\/\/www.buygoogleadsaccount.com\/de\/wp-json\/wp\/v2\/product_tag?post=3454"}],"curies":[{"name":"wp","href":"https:\/\/api.w.org\/{rel}","templated":true}]}}