{"id":3755,"date":"2026-03-17T15:13:15","date_gmt":"2026-03-17T12:13:15","guid":{"rendered":"https:\/\/www.buygoogleadsaccount.com\/product\/google-ads-konto-10-2024-09-2025-ausgegeben-22248\/"},"modified":"2026-03-23T15:10:38","modified_gmt":"2026-03-23T12:10:38","slug":"google-ads-konto-10-2024-09-2025-ausgegeben-22248","status":"publish","type":"product","link":"https:\/\/www.buygoogleadsaccount.com\/de\/product\/google-ads-konto-10-2024-09-2025-ausgegeben-22248\/","title":{"rendered":"Google Ads Konto 10.2024-09.2025 &#8211; Ausgegeben $22248"},"content":{"rendered":"<p>Ausgabenhistorie: $22248<br \/>\nAlter: <span data-sheets-root=\"1\">10.2024-09.2025<\/span><br \/>\nW\u00e4hrung des Kontos: USD<br \/>\nZeitzone: +5<br \/>\nLand des Zahlungsprofils: PL<br \/>\nArt der Zahlungen: Unternehmen<br \/>\nKann Kreditkarte hinzuf\u00fcgen<br \/>\nVerifiziert, Vollzugriff f\u00fcr Zahlungsprofil<\/p>\n","protected":false},"excerpt":{"rendered":"<p>Ausgabenhistorie: $22248 Alter: 10.2024-09.2025 W\u00e4hrung des Kontos: USD Zeitzone: +5 Land des Zahlungsprofils: PL Art der Zahlungen: Unternehmen Kann Kreditkarte hinzuf\u00fcgen Verifiziert, Vollzugriff f\u00fcr Zahlungsprofil<\/p>\n","protected":false},"featured_media":3749,"template":"","meta":{"_seopress_robots_primary_cat":"none","_seopress_titles_title":"","_seopress_titles_desc":"","_seopress_robots_index":"","_et_pb_use_builder":"off","_et_pb_old_content":"","_et_gb_content_width":""},"product_brand":[],"product_cat":[82],"product_tag":[],"class_list":{"0":"post-3755","1":"product","2":"type-product","3":"status-publish","4":"has-post-thumbnail","6":"product_cat-20k500kspending-gr","8":"first","9":"instock","10":"virtual","11":"sold-individually","12":"purchasable","13":"product-type-simple"},"jetpack_sharing_enabled":true,"_links":{"self":[{"href":"https:\/\/www.buygoogleadsaccount.com\/de\/wp-json\/wp\/v2\/product\/3755","targetHints":{"allow":["GET"]}}],"collection":[{"href":"https:\/\/www.buygoogleadsaccount.com\/de\/wp-json\/wp\/v2\/product"}],"about":[{"href":"https:\/\/www.buygoogleadsaccount.com\/de\/wp-json\/wp\/v2\/types\/product"}],"wp:featuredmedia":[{"embeddable":true,"href":"https:\/\/www.buygoogleadsaccount.com\/de\/wp-json\/wp\/v2\/media\/3749"}],"wp:attachment":[{"href":"https:\/\/www.buygoogleadsaccount.com\/de\/wp-json\/wp\/v2\/media?parent=3755"}],"wp:term":[{"taxonomy":"product_brand","embeddable":true,"href":"https:\/\/www.buygoogleadsaccount.com\/de\/wp-json\/wp\/v2\/product_brand?post=3755"},{"taxonomy":"product_cat","embeddable":true,"href":"https:\/\/www.buygoogleadsaccount.com\/de\/wp-json\/wp\/v2\/product_cat?post=3755"},{"taxonomy":"product_tag","embeddable":true,"href":"https:\/\/www.buygoogleadsaccount.com\/de\/wp-json\/wp\/v2\/product_tag?post=3755"}],"curies":[{"name":"wp","href":"https:\/\/api.w.org\/{rel}","templated":true}]}}