{"id":3820,"date":"2026-03-17T16:10:28","date_gmt":"2026-03-17T13:10:28","guid":{"rendered":"https:\/\/www.buygoogleadsaccount.com\/product\/google-ads-konto-2024-ausgegebene-1120\/"},"modified":"2026-03-23T15:10:28","modified_gmt":"2026-03-23T12:10:28","slug":"google-ads-konto-2024-ausgegebene-1120","status":"publish","type":"product","link":"https:\/\/www.buygoogleadsaccount.com\/de\/product\/google-ads-konto-2024-ausgegebene-1120\/","title":{"rendered":"Google Ads-Konto 2024 &#8211; Ausgegebene $1120"},"content":{"rendered":"<p>Ausgabenhistorie: $1120<br \/>\nAlter: <span data-sheets-root=\"1\">2024<\/span><br \/>\nW\u00e4hrung des Kontos: USD<br \/>\nZeitzone: +3<br \/>\nLand des Zahlungsprofils: PL<br \/>\nZahlungsart: <span data-sheets-root=\"1\">Unternehmen<\/span><br \/>\nKann Kreditkarte hinzuf\u00fcgen<br \/>\nVerifizierter, uneingeschr\u00e4nkter Zugriff f\u00fcr Zahlungsprofil.<\/p>\n<p><strong>Was erhalten Sie nach der Bezahlung?<\/strong><br \/>\n1. E-Mail, Passwort, 2FA-Schl\u00fcssel, Land des Proxys, Cookies, Dokumente, Fingerabdruck f\u00fcr Ihren Antidetektiv-Browser.<br \/>\n2. Nach der Bezahlung k\u00f6nnen Sie die Datei auf der Website herunterladen und Sie erhalten alle Informationen per E-Mail.<\/p>\n<p>Wir k\u00f6nnen auch ein Konto per Octobrowser \u00fcbertragen. Bitte kontaktieren Sie den Manager @adsalexaccs (Telegramm).<\/p>\n","protected":false},"excerpt":{"rendered":"<p>Ausgabenhistorie: $1120 Alter: 2024 W\u00e4hrung des Kontos: USD Zeitzone: +3 Land des Zahlungsprofils: PL Zahlungsart: Unternehmen Kann Kreditkarte hinzuf\u00fcgen Verifizierter, uneingeschr\u00e4nkter Zugriff f\u00fcr Zahlungsprofil. Was erhalten Sie nach der Bezahlung? 1. E-Mail, Passwort, 2FA-Schl\u00fcssel, Land des Proxys, Cookies, Dokumente, Fingerabdruck f\u00fcr Ihren Antidetektiv-Browser. 2. Nach der Bezahlung k\u00f6nnen Sie die Datei auf der Website herunterladen [&hellip;]<\/p>\n","protected":false},"featured_media":3814,"template":"","meta":{"_seopress_robots_primary_cat":"none","_seopress_titles_title":"","_seopress_titles_desc":"","_seopress_robots_index":"","_et_pb_use_builder":"off","_et_pb_old_content":"","_et_gb_content_width":""},"product_brand":[],"product_cat":[68],"product_tag":[],"class_list":{"0":"post-3820","1":"product","2":"type-product","3":"status-publish","4":"has-post-thumbnail","6":"product_cat-1k5kspending-gr","8":"first","9":"instock","10":"virtual","11":"sold-individually","12":"purchasable","13":"product-type-simple"},"jetpack_sharing_enabled":true,"_links":{"self":[{"href":"https:\/\/www.buygoogleadsaccount.com\/de\/wp-json\/wp\/v2\/product\/3820","targetHints":{"allow":["GET"]}}],"collection":[{"href":"https:\/\/www.buygoogleadsaccount.com\/de\/wp-json\/wp\/v2\/product"}],"about":[{"href":"https:\/\/www.buygoogleadsaccount.com\/de\/wp-json\/wp\/v2\/types\/product"}],"wp:featuredmedia":[{"embeddable":true,"href":"https:\/\/www.buygoogleadsaccount.com\/de\/wp-json\/wp\/v2\/media\/3814"}],"wp:attachment":[{"href":"https:\/\/www.buygoogleadsaccount.com\/de\/wp-json\/wp\/v2\/media?parent=3820"}],"wp:term":[{"taxonomy":"product_brand","embeddable":true,"href":"https:\/\/www.buygoogleadsaccount.com\/de\/wp-json\/wp\/v2\/product_brand?post=3820"},{"taxonomy":"product_cat","embeddable":true,"href":"https:\/\/www.buygoogleadsaccount.com\/de\/wp-json\/wp\/v2\/product_cat?post=3820"},{"taxonomy":"product_tag","embeddable":true,"href":"https:\/\/www.buygoogleadsaccount.com\/de\/wp-json\/wp\/v2\/product_tag?post=3820"}],"curies":[{"name":"wp","href":"https:\/\/api.w.org\/{rel}","templated":true}]}}