{"id":4142,"date":"2026-03-24T12:54:30","date_gmt":"2026-03-24T09:54:30","guid":{"rendered":"https:\/\/www.buygoogleadsaccount.com\/product\/google-ads-konto-2023-01-2026-ausgegeben-1-055-000\/"},"modified":"2026-03-25T20:03:22","modified_gmt":"2026-03-25T17:03:22","slug":"google-ads-konto-2023-01-2026-ausgegeben-1-055-000","status":"publish","type":"product","link":"https:\/\/www.buygoogleadsaccount.com\/de\/product\/google-ads-konto-2023-01-2026-ausgegeben-1-055-000\/","title":{"rendered":"Google Ads-Konto 2022 &#8211; Ausgegebene 1 055 000 UAH"},"content":{"rendered":"<p>Ausgabenhistorie: 1 055 000 UAH<br \/>\nAlter: 2022<br \/>\nW\u00e4hrung des Kontos: UAH<br \/>\nZeitzone: +3<br \/>\nLand des Zahlungsprofils: PL<br \/>\nArt der Zahlungen: <span data-sheets-root=\"1\">Unternehmen<\/span><br \/>\n<span data-sheets-root=\"1\">Kann Kreditkarte hinzuf\u00fcgen<\/span><br \/>\n<span data-sheets-root=\"1\">Gepr\u00fcfter, vollst\u00e4ndiger Zugang, alle Dokumente<\/span><\/p>\n<p>&nbsp;<\/p>\n<p><strong>Was erhalten Sie nach der Bezahlung?<\/strong><br \/>\n1. E-Mail, Passwort, 2FA-Schl\u00fcssel, Land des Proxys, Cookies, Dokumente, Fingerabdruck f\u00fcr Ihren Antidetektiv-Browser.<br \/>\n2. Nach der Bezahlung k\u00f6nnen Sie die Datei auf der Website herunterladen und Sie erhalten alle Informationen per E-Mail.<\/p>\n<p>Wir k\u00f6nnen auch ein Konto per Octobrowser \u00fcbertragen. Bitte kontaktieren Sie den Manager @adsalexaccs (Telegramm).<\/p>\n<p>&nbsp;<\/p>\n","protected":false},"excerpt":{"rendered":"<p>Ausgabenhistorie: 1 055 000 UAH Alter: 2022 W\u00e4hrung des Kontos: UAH Zeitzone: +3 Land des Zahlungsprofils: PL Art der Zahlungen: Unternehmen Kann Kreditkarte hinzuf\u00fcgen Gepr\u00fcfter, vollst\u00e4ndiger Zugang, alle Dokumente &nbsp; Was erhalten Sie nach der Bezahlung? 1. E-Mail, Passwort, 2FA-Schl\u00fcssel, Land des Proxys, Cookies, Dokumente, Fingerabdruck f\u00fcr Ihren Antidetektiv-Browser. 2. Nach der Bezahlung k\u00f6nnen Sie [&hellip;]<\/p>\n","protected":false},"featured_media":4099,"template":"","meta":{"_seopress_robots_primary_cat":"none","_seopress_titles_title":"","_seopress_titles_desc":"","_seopress_robots_index":"","_et_pb_use_builder":"off","_et_pb_old_content":"","_et_gb_content_width":""},"product_brand":[],"product_cat":[82],"product_tag":[],"class_list":{"0":"post-4142","1":"product","2":"type-product","3":"status-publish","4":"has-post-thumbnail","6":"product_cat-ausgaben-von-20-000-500-000","8":"first","9":"instock","10":"virtual","11":"sold-individually","12":"purchasable","13":"product-type-simple"},"jetpack_sharing_enabled":true,"_links":{"self":[{"href":"https:\/\/www.buygoogleadsaccount.com\/de\/wp-json\/wp\/v2\/product\/4142","targetHints":{"allow":["GET"]}}],"collection":[{"href":"https:\/\/www.buygoogleadsaccount.com\/de\/wp-json\/wp\/v2\/product"}],"about":[{"href":"https:\/\/www.buygoogleadsaccount.com\/de\/wp-json\/wp\/v2\/types\/product"}],"wp:featuredmedia":[{"embeddable":true,"href":"https:\/\/www.buygoogleadsaccount.com\/de\/wp-json\/wp\/v2\/media\/4099"}],"wp:attachment":[{"href":"https:\/\/www.buygoogleadsaccount.com\/de\/wp-json\/wp\/v2\/media?parent=4142"}],"wp:term":[{"taxonomy":"product_brand","embeddable":true,"href":"https:\/\/www.buygoogleadsaccount.com\/de\/wp-json\/wp\/v2\/product_brand?post=4142"},{"taxonomy":"product_cat","embeddable":true,"href":"https:\/\/www.buygoogleadsaccount.com\/de\/wp-json\/wp\/v2\/product_cat?post=4142"},{"taxonomy":"product_tag","embeddable":true,"href":"https:\/\/www.buygoogleadsaccount.com\/de\/wp-json\/wp\/v2\/product_tag?post=4142"}],"curies":[{"name":"wp","href":"https:\/\/api.w.org\/{rel}","templated":true}]}}