{"id":4390,"date":"2026-03-26T17:57:38","date_gmt":"2026-03-26T14:57:38","guid":{"rendered":"https:\/\/www.buygoogleadsaccount.com\/product\/google-ads-konto-2022-ausgegebene-7680\/"},"modified":"2026-03-26T17:57:38","modified_gmt":"2026-03-26T14:57:38","slug":"google-ads-konto-2022-ausgegebene-7680","status":"publish","type":"product","link":"https:\/\/www.buygoogleadsaccount.com\/de\/product\/google-ads-konto-2022-ausgegebene-7680\/","title":{"rendered":"Google Ads-Konto 2022 &#8211; Ausgegebene $7680"},"content":{"rendered":"<p>Ausgabenhistorie: $7680<br \/>\nAlter: <span data-sheets-root=\"1\">2022<\/span><br \/>\nW\u00e4hrung des Kontos: USD<br \/>\nZeitzone: +5<br \/>\nLand des Zahlungsprofils: <span data-sheets-root=\"1\">Kasachstan<\/span><br \/>\nZahlungsart: Zur\u00fccksetzen<\/p>\n<p><strong>Was erhalten Sie nach der Zahlung?<\/strong><br \/>\n1. E-Mail, Passwort, 2FA-Schl\u00fcssel, Land des Proxys, Cookies, Dokumente, Fingerabdruck f\u00fcr Ihren Antidetect-Browser.<br \/>\n2. Nach der Zahlung k\u00f6nnen Sie die Datei auf der Website herunterladen und Sie erhalten alle Informationen per E-Mail.<\/p>\n<p><em>Wir k\u00f6nnen das Konto auch per Octobrowser \u00fcbertragen, bitte kontaktieren Sie den Manager @adsalexaccs (Telegramm).<\/em><\/p>\n<p>&nbsp;<\/p>\n","protected":false},"excerpt":{"rendered":"<p>Ausgabenhistorie: $7680 Alter: 2022 W\u00e4hrung des Kontos: USD Zeitzone: +5 Land des Zahlungsprofils: Kasachstan Zahlungsart: Zur\u00fccksetzen Was erhalten Sie nach der Zahlung? 1. E-Mail, Passwort, 2FA-Schl\u00fcssel, Land des Proxys, Cookies, Dokumente, Fingerabdruck f\u00fcr Ihren Antidetect-Browser. 2. Nach der Zahlung k\u00f6nnen Sie die Datei auf der Website herunterladen und Sie erhalten alle Informationen per E-Mail. Wir [&hellip;]<\/p>\n","protected":false},"featured_media":4383,"template":"","meta":{"_seopress_robots_primary_cat":"none","_seopress_titles_title":"","_seopress_titles_desc":"","_seopress_robots_index":"","_et_pb_use_builder":"off","_et_pb_old_content":"","_et_gb_content_width":""},"product_brand":[],"product_cat":[80],"product_tag":[],"class_list":{"0":"post-4390","1":"product","2":"type-product","3":"status-publish","4":"has-post-thumbnail","6":"product_cat-ausgaben-von-5-000-10-000","8":"first","9":"instock","10":"virtual","11":"sold-individually","12":"purchasable","13":"product-type-simple"},"jetpack_sharing_enabled":true,"_links":{"self":[{"href":"https:\/\/www.buygoogleadsaccount.com\/de\/wp-json\/wp\/v2\/product\/4390","targetHints":{"allow":["GET"]}}],"collection":[{"href":"https:\/\/www.buygoogleadsaccount.com\/de\/wp-json\/wp\/v2\/product"}],"about":[{"href":"https:\/\/www.buygoogleadsaccount.com\/de\/wp-json\/wp\/v2\/types\/product"}],"wp:featuredmedia":[{"embeddable":true,"href":"https:\/\/www.buygoogleadsaccount.com\/de\/wp-json\/wp\/v2\/media\/4383"}],"wp:attachment":[{"href":"https:\/\/www.buygoogleadsaccount.com\/de\/wp-json\/wp\/v2\/media?parent=4390"}],"wp:term":[{"taxonomy":"product_brand","embeddable":true,"href":"https:\/\/www.buygoogleadsaccount.com\/de\/wp-json\/wp\/v2\/product_brand?post=4390"},{"taxonomy":"product_cat","embeddable":true,"href":"https:\/\/www.buygoogleadsaccount.com\/de\/wp-json\/wp\/v2\/product_cat?post=4390"},{"taxonomy":"product_tag","embeddable":true,"href":"https:\/\/www.buygoogleadsaccount.com\/de\/wp-json\/wp\/v2\/product_tag?post=4390"}],"curies":[{"name":"wp","href":"https:\/\/api.w.org\/{rel}","templated":true}]}}