{"id":5138,"date":"2026-04-03T13:37:20","date_gmt":"2026-04-03T10:37:20","guid":{"rendered":"https:\/\/www.buygoogleadsaccount.com\/product\/google-ads-konto-2024-ausgegeben-2539\/"},"modified":"2026-04-03T13:37:20","modified_gmt":"2026-04-03T10:37:20","slug":"google-ads-konto-2024-ausgegeben-2539","status":"publish","type":"product","link":"https:\/\/www.buygoogleadsaccount.com\/de\/product\/google-ads-konto-2024-ausgegeben-2539\/","title":{"rendered":"Google Ads Konto 2024 &#8211; Ausgegeben $2539"},"content":{"rendered":"<p>Ausgabenhistorie: $2539<br \/>\nAlter: <span data-sheets-root=\"1\">2024<\/span><br \/>\nW\u00e4hrung des Kontos: USD<br \/>\nZeitzone: &#8211; 5<br \/>\nLand des Zahlungsprofils: USA<br \/>\nArt der Zahlungen: enterprice<br \/>\n<em>Kann Kreditkarte hinzuf\u00fcgen<\/em><br \/>\n<em>Gepr\u00fcfter, vollst\u00e4ndiger Zugang, alle Dokumente<\/em><\/p>\n<p><strong>Was erhalten Sie nach der Bezahlung?<\/strong><br \/>\n1. E-Mail, Passwort, 2FA-Schl\u00fcssel, Land des Proxys, Cookies, Dokumente, Fingerabdruck f\u00fcr Ihren Antidetektiv-Browser.<br \/>\n2. Nach der Bezahlung k\u00f6nnen Sie die Datei auf der Website herunterladen und Sie erhalten alle Informationen per E-Mail.<\/p>\n<p><em>Wir k\u00f6nnen auch ein Konto per Octobrowser \u00fcbertragen. Bitte kontaktieren Sie den Manager @adsalexaccs (Telegramm).<\/em><\/p>\n<p>&nbsp;<\/p>\n","protected":false},"excerpt":{"rendered":"<p>Ausgabenhistorie: $2539 Alter: 2024 W\u00e4hrung des Kontos: USD Zeitzone: &#8211; 5 Land des Zahlungsprofils: USA Art der Zahlungen: enterprice Kann Kreditkarte hinzuf\u00fcgen Gepr\u00fcfter, vollst\u00e4ndiger Zugang, alle Dokumente Was erhalten Sie nach der Bezahlung? 1. E-Mail, Passwort, 2FA-Schl\u00fcssel, Land des Proxys, Cookies, Dokumente, Fingerabdruck f\u00fcr Ihren Antidetektiv-Browser. 2. Nach der Bezahlung k\u00f6nnen Sie die Datei auf [&hellip;]<\/p>\n","protected":false},"featured_media":5131,"template":"","meta":{"_seopress_robots_primary_cat":"none","_seopress_titles_title":"","_seopress_titles_desc":"","_seopress_robots_index":"","_et_pb_use_builder":"off","_et_pb_old_content":"","_et_gb_content_width":""},"product_brand":[],"product_cat":[68],"product_tag":[],"class_list":{"0":"post-5138","1":"product","2":"type-product","3":"status-publish","4":"has-post-thumbnail","6":"product_cat-ausgaben-von-1000-5000","8":"first","9":"instock","10":"virtual","11":"sold-individually","12":"purchasable","13":"product-type-simple"},"jetpack_sharing_enabled":true,"_links":{"self":[{"href":"https:\/\/www.buygoogleadsaccount.com\/de\/wp-json\/wp\/v2\/product\/5138","targetHints":{"allow":["GET"]}}],"collection":[{"href":"https:\/\/www.buygoogleadsaccount.com\/de\/wp-json\/wp\/v2\/product"}],"about":[{"href":"https:\/\/www.buygoogleadsaccount.com\/de\/wp-json\/wp\/v2\/types\/product"}],"wp:featuredmedia":[{"embeddable":true,"href":"https:\/\/www.buygoogleadsaccount.com\/de\/wp-json\/wp\/v2\/media\/5131"}],"wp:attachment":[{"href":"https:\/\/www.buygoogleadsaccount.com\/de\/wp-json\/wp\/v2\/media?parent=5138"}],"wp:term":[{"taxonomy":"product_brand","embeddable":true,"href":"https:\/\/www.buygoogleadsaccount.com\/de\/wp-json\/wp\/v2\/product_brand?post=5138"},{"taxonomy":"product_cat","embeddable":true,"href":"https:\/\/www.buygoogleadsaccount.com\/de\/wp-json\/wp\/v2\/product_cat?post=5138"},{"taxonomy":"product_tag","embeddable":true,"href":"https:\/\/www.buygoogleadsaccount.com\/de\/wp-json\/wp\/v2\/product_tag?post=5138"}],"curies":[{"name":"wp","href":"https:\/\/api.w.org\/{rel}","templated":true}]}}