{"id":5167,"date":"2026-04-03T11:26:45","date_gmt":"2026-04-03T08:26:45","guid":{"rendered":"https:\/\/www.buygoogleadsaccount.com\/product\/google-ads-konto-2024-ausgegeben-28-988\/"},"modified":"2026-04-03T11:26:45","modified_gmt":"2026-04-03T08:26:45","slug":"google-ads-konto-2024-ausgegeben-28-988","status":"publish","type":"product","link":"https:\/\/www.buygoogleadsaccount.com\/de\/product\/google-ads-konto-2024-ausgegeben-28-988\/","title":{"rendered":"Google Ads Konto 2024 &#8211; Ausgegeben $28 988"},"content":{"rendered":"<p>Ausgabenhistorie: $28 988<br \/>\nAlter: <span data-sheets-root=\"1\">2024<\/span><br \/>\nW\u00e4hrung des Kontos: USD<br \/>\nZeitzone: +5<br \/>\nLand des Zahlungsprofils: Kasachstan<br \/>\nZahlungsart: Zur\u00fccksetzen<br \/>\nBen\u00f6tigen Sie eine vollst\u00e4ndige Verifizierung des Inserenten.<\/p>\n<p><strong>Was erhalten Sie nach der Zahlung?<\/strong><br \/>\n1. E-Mail, Passwort, 2FA-Schl\u00fcssel, Land des Proxys, Cookies, Dokumente, Fingerabdruck f\u00fcr Ihren Antidetect-Browser.<br \/>\n2. Nach der Zahlung k\u00f6nnen Sie die Datei auf der Website herunterladen und Sie erhalten alle Informationen per E-Mail.<\/p>\n<p><em>Wir k\u00f6nnen das Konto auch per Octobrowser \u00fcbertragen, bitte kontaktieren Sie den Manager @adsalexaccs (Telegramm).<\/em><\/p>\n<p>&nbsp;<\/p>\n","protected":false},"excerpt":{"rendered":"<p>Ausgabenhistorie: $28 988 Alter: 2024 W\u00e4hrung des Kontos: USD Zeitzone: +5 Land des Zahlungsprofils: Kasachstan Zahlungsart: Zur\u00fccksetzen Ben\u00f6tigen Sie eine vollst\u00e4ndige Verifizierung des Inserenten. Was erhalten Sie nach der Zahlung? 1. E-Mail, Passwort, 2FA-Schl\u00fcssel, Land des Proxys, Cookies, Dokumente, Fingerabdruck f\u00fcr Ihren Antidetect-Browser. 2. Nach der Zahlung k\u00f6nnen Sie die Datei auf der Website herunterladen [&hellip;]<\/p>\n","protected":false},"featured_media":5045,"template":"","meta":{"_seopress_robots_primary_cat":"none","_seopress_titles_title":"","_seopress_titles_desc":"","_seopress_robots_index":"","_et_pb_use_builder":"off","_et_pb_old_content":"","_et_gb_content_width":""},"product_brand":[],"product_cat":[82],"product_tag":[],"class_list":{"0":"post-5167","1":"product","2":"type-product","3":"status-publish","4":"has-post-thumbnail","6":"product_cat-ausgaben-von-20-000-500-000","8":"first","9":"instock","10":"virtual","11":"sold-individually","12":"purchasable","13":"product-type-simple"},"jetpack_sharing_enabled":true,"_links":{"self":[{"href":"https:\/\/www.buygoogleadsaccount.com\/de\/wp-json\/wp\/v2\/product\/5167","targetHints":{"allow":["GET"]}}],"collection":[{"href":"https:\/\/www.buygoogleadsaccount.com\/de\/wp-json\/wp\/v2\/product"}],"about":[{"href":"https:\/\/www.buygoogleadsaccount.com\/de\/wp-json\/wp\/v2\/types\/product"}],"wp:featuredmedia":[{"embeddable":true,"href":"https:\/\/www.buygoogleadsaccount.com\/de\/wp-json\/wp\/v2\/media\/5045"}],"wp:attachment":[{"href":"https:\/\/www.buygoogleadsaccount.com\/de\/wp-json\/wp\/v2\/media?parent=5167"}],"wp:term":[{"taxonomy":"product_brand","embeddable":true,"href":"https:\/\/www.buygoogleadsaccount.com\/de\/wp-json\/wp\/v2\/product_brand?post=5167"},{"taxonomy":"product_cat","embeddable":true,"href":"https:\/\/www.buygoogleadsaccount.com\/de\/wp-json\/wp\/v2\/product_cat?post=5167"},{"taxonomy":"product_tag","embeddable":true,"href":"https:\/\/www.buygoogleadsaccount.com\/de\/wp-json\/wp\/v2\/product_tag?post=5167"}],"curies":[{"name":"wp","href":"https:\/\/api.w.org\/{rel}","templated":true}]}}