{"id":5372,"date":"2026-04-10T09:59:39","date_gmt":"2026-04-10T06:59:39","guid":{"rendered":"https:\/\/www.buygoogleadsaccount.com\/product\/google-ads-konto-2025-ausgegeben-27-700\/"},"modified":"2026-04-10T09:59:39","modified_gmt":"2026-04-10T06:59:39","slug":"google-ads-konto-2025-ausgegeben-27-700","status":"publish","type":"product","link":"https:\/\/www.buygoogleadsaccount.com\/de\/product\/google-ads-konto-2025-ausgegeben-27-700\/","title":{"rendered":"Google Ads-Konto 2025 &#8211; Ausgegeben $27 700"},"content":{"rendered":"<p>Ausgabenhistorie: $27 700<br \/>\nAlter: <span data-sheets-root=\"1\">2025<\/span><br \/>\nW\u00e4hrung des Kontos: USD<br \/>\nZeitzone: -4<br \/>\nLand des Zahlungsprofils: USA<br \/>\nArt der Zahlungen: <span data-sheets-root=\"1\">Unternehmen<\/span><br \/>\n<span data-sheets-root=\"1\">Kann Kreditkarte hinzuf\u00fcgen<br \/>\n<\/span><span data-sheets-root=\"1\">Gepr\u00fcft<\/span><\/p>\n<p><strong>Was erhalten Sie nach der Bezahlung?<\/strong><br \/>\n1. E-Mail, Passwort, 2FA-Schl\u00fcssel, Land des Proxys, Cookies, Dokumente, Fingerabdruck f\u00fcr Ihren Antidetektiv-Browser.<br \/>\n2. Nach der Bezahlung k\u00f6nnen Sie die Datei auf der Website herunterladen und Sie erhalten alle Informationen per E-Mail.<\/p>\n<p><em>Wir k\u00f6nnen auch ein Konto per Octobrowser \u00fcbertragen. Bitte kontaktieren Sie den Manager @adsalexaccs (Telegramm).<\/em><\/p>\n","protected":false},"excerpt":{"rendered":"<p>Ausgabenhistorie: $27 700 Alter: 2025 W\u00e4hrung des Kontos: USD Zeitzone: -4 Land des Zahlungsprofils: USA Art der Zahlungen: Unternehmen Kann Kreditkarte hinzuf\u00fcgen Gepr\u00fcft Was erhalten Sie nach der Bezahlung? 1. E-Mail, Passwort, 2FA-Schl\u00fcssel, Land des Proxys, Cookies, Dokumente, Fingerabdruck f\u00fcr Ihren Antidetektiv-Browser. 2. Nach der Bezahlung k\u00f6nnen Sie die Datei auf der Website herunterladen und [&hellip;]<\/p>\n","protected":false},"featured_media":5361,"template":"","meta":{"_seopress_robots_primary_cat":"none","_seopress_titles_title":"","_seopress_titles_desc":"","_seopress_robots_index":"","_et_pb_use_builder":"off","_et_pb_old_content":"","_et_gb_content_width":""},"product_brand":[],"product_cat":[82],"product_tag":[],"class_list":{"0":"post-5372","1":"product","2":"type-product","3":"status-publish","4":"has-post-thumbnail","6":"product_cat-20k500kspending-gr","8":"first","9":"instock","10":"virtual","11":"sold-individually","12":"purchasable","13":"product-type-simple"},"jetpack_sharing_enabled":true,"_links":{"self":[{"href":"https:\/\/www.buygoogleadsaccount.com\/de\/wp-json\/wp\/v2\/product\/5372","targetHints":{"allow":["GET"]}}],"collection":[{"href":"https:\/\/www.buygoogleadsaccount.com\/de\/wp-json\/wp\/v2\/product"}],"about":[{"href":"https:\/\/www.buygoogleadsaccount.com\/de\/wp-json\/wp\/v2\/types\/product"}],"wp:featuredmedia":[{"embeddable":true,"href":"https:\/\/www.buygoogleadsaccount.com\/de\/wp-json\/wp\/v2\/media\/5361"}],"wp:attachment":[{"href":"https:\/\/www.buygoogleadsaccount.com\/de\/wp-json\/wp\/v2\/media?parent=5372"}],"wp:term":[{"taxonomy":"product_brand","embeddable":true,"href":"https:\/\/www.buygoogleadsaccount.com\/de\/wp-json\/wp\/v2\/product_brand?post=5372"},{"taxonomy":"product_cat","embeddable":true,"href":"https:\/\/www.buygoogleadsaccount.com\/de\/wp-json\/wp\/v2\/product_cat?post=5372"},{"taxonomy":"product_tag","embeddable":true,"href":"https:\/\/www.buygoogleadsaccount.com\/de\/wp-json\/wp\/v2\/product_tag?post=5372"}],"curies":[{"name":"wp","href":"https:\/\/api.w.org\/{rel}","templated":true}]}}