{"id":5405,"date":"2026-04-10T10:10:43","date_gmt":"2026-04-10T07:10:43","guid":{"rendered":"https:\/\/www.buygoogleadsaccount.com\/product\/google-ads-konto-2025-ausgegebene-11-500\/"},"modified":"2026-04-10T10:10:43","modified_gmt":"2026-04-10T07:10:43","slug":"google-ads-konto-2025-ausgegebene-11-500","status":"publish","type":"product","link":"https:\/\/www.buygoogleadsaccount.com\/de\/product\/google-ads-konto-2025-ausgegebene-11-500\/","title":{"rendered":"Google Ads-Konto 2025 &#8211; Ausgegebene $11 500"},"content":{"rendered":"<p>Ausgabenhistorie: $11 500<br \/>\nAlter: <span data-sheets-root=\"1\">2025<\/span><br \/>\nW\u00e4hrung des Kontos: USD<br \/>\nZeitzone: -4<br \/>\nLand des Zahlungsprofils: USA<br \/>\nArt der Zahlungen: <span data-sheets-root=\"1\">Unternehmen<\/span><br \/>\n<span data-sheets-root=\"1\">Fragen Sie \u00dcberpr\u00fcfen Sie Ihre Identit\u00e4t<br \/>\nVoller Zugriff auf das Zahlungsprotokoll<br \/>\n<\/span><\/p>\n<p><strong>Was erhalten Sie nach der Bezahlung?<\/strong><br \/>\n1. E-Mail, Passwort, 2FA-Schl\u00fcssel, Land des Proxys, Cookies, Dokumente, Fingerabdruck f\u00fcr Ihren Antidetektiv-Browser.<br \/>\n2. Nach der Bezahlung k\u00f6nnen Sie die Datei auf der Website herunterladen und Sie erhalten alle Informationen per E-Mail.<\/p>\n<p><em>Wir k\u00f6nnen auch ein Konto per Octobrowser \u00fcbertragen. Bitte kontaktieren Sie den Manager @adsalexaccs (Telegramm).<\/em><\/p>\n","protected":false},"excerpt":{"rendered":"<p>Ausgabenhistorie: $11 500 Alter: 2025 W\u00e4hrung des Kontos: USD Zeitzone: -4 Land des Zahlungsprofils: USA Art der Zahlungen: Unternehmen Fragen Sie \u00dcberpr\u00fcfen Sie Ihre Identit\u00e4t Voller Zugriff auf das Zahlungsprotokoll Was erhalten Sie nach der Bezahlung? 1. E-Mail, Passwort, 2FA-Schl\u00fcssel, Land des Proxys, Cookies, Dokumente, Fingerabdruck f\u00fcr Ihren Antidetektiv-Browser. 2. Nach der Bezahlung k\u00f6nnen Sie [&hellip;]<\/p>\n","protected":false},"featured_media":5398,"template":"","meta":{"_seopress_robots_primary_cat":"none","_seopress_titles_title":"","_seopress_titles_desc":"","_seopress_robots_index":"","_et_pb_use_builder":"off","_et_pb_old_content":"","_et_gb_content_width":""},"product_brand":[],"product_cat":[81],"product_tag":[],"class_list":{"0":"post-5405","1":"product","2":"type-product","3":"status-publish","4":"has-post-thumbnail","6":"product_cat-10k20kspending-gr","8":"first","9":"instock","10":"virtual","11":"sold-individually","12":"purchasable","13":"product-type-simple"},"jetpack_sharing_enabled":true,"_links":{"self":[{"href":"https:\/\/www.buygoogleadsaccount.com\/de\/wp-json\/wp\/v2\/product\/5405","targetHints":{"allow":["GET"]}}],"collection":[{"href":"https:\/\/www.buygoogleadsaccount.com\/de\/wp-json\/wp\/v2\/product"}],"about":[{"href":"https:\/\/www.buygoogleadsaccount.com\/de\/wp-json\/wp\/v2\/types\/product"}],"wp:featuredmedia":[{"embeddable":true,"href":"https:\/\/www.buygoogleadsaccount.com\/de\/wp-json\/wp\/v2\/media\/5398"}],"wp:attachment":[{"href":"https:\/\/www.buygoogleadsaccount.com\/de\/wp-json\/wp\/v2\/media?parent=5405"}],"wp:term":[{"taxonomy":"product_brand","embeddable":true,"href":"https:\/\/www.buygoogleadsaccount.com\/de\/wp-json\/wp\/v2\/product_brand?post=5405"},{"taxonomy":"product_cat","embeddable":true,"href":"https:\/\/www.buygoogleadsaccount.com\/de\/wp-json\/wp\/v2\/product_cat?post=5405"},{"taxonomy":"product_tag","embeddable":true,"href":"https:\/\/www.buygoogleadsaccount.com\/de\/wp-json\/wp\/v2\/product_tag?post=5405"}],"curies":[{"name":"wp","href":"https:\/\/api.w.org\/{rel}","templated":true}]}}