{"id":5609,"date":"2026-04-15T09:58:12","date_gmt":"2026-04-15T06:58:12","guid":{"rendered":"https:\/\/www.buygoogleadsaccount.com\/product\/google-ads-konto-2026-ausgegeben-9454\/"},"modified":"2026-04-15T10:03:44","modified_gmt":"2026-04-15T07:03:44","slug":"google-ads-konto-2026-ausgegeben-9454","status":"publish","type":"product","link":"https:\/\/www.buygoogleadsaccount.com\/de\/product\/google-ads-konto-2026-ausgegeben-9454\/","title":{"rendered":"Google Ads Konto 2026 &#8211; Ausgegeben $9454"},"content":{"rendered":"<p>Ausgabenhistorie: $9454<br \/>\nAlter: <span data-sheets-root=\"1\">2026<\/span><br \/>\nW\u00e4hrung des Kontos: USD<br \/>\nZeitzone: +5<br \/>\nLand des Zahlungsprofils: <span data-sheets-root=\"1\">Kazazstan<\/span><br \/>\nArt der Zahlungen: <span data-sheets-root=\"1\">Unternehmen<\/span><br \/>\n<span data-sheets-root=\"1\">\u0421an add credit card<br \/>\nVerifizierung anfordern<br \/>\n<\/span><\/p>\n<hr>\n<p><strong>Was erhalten Sie nach der Bezahlung?<\/strong><br \/>\n1. E-Mail, Passwort, 2FA-Schl\u00fcssel, Land des Proxys, Cookies, Dokumente, Fingerabdruck f\u00fcr Ihren Antidetektiv-Browser.<br \/>\n2. Nach der Bezahlung k\u00f6nnen Sie die Datei auf der Website herunterladen und Sie erhalten alle Informationen per E-Mail.<\/p>\n<p><em>Wir k\u00f6nnen auch ein Konto per Octobrowser \u00fcbertragen, bitte kontaktieren Sie den Manager <span style=\"color: #0000ff;\"><strong><a style=\"color: #0000ff;\" href=\"https:\/\/t.me\/adsalexaccs\">@adsalexaccs<\/a><\/strong><\/span> (Telegramm).<\/em><\/p>\n","protected":false},"excerpt":{"rendered":"<p>Ausgabenhistorie: $9454 Alter: 2026 W\u00e4hrung des Kontos: USD Zeitzone: +5 Land des Zahlungsprofils: Kazazstan Art der Zahlungen: Unternehmen \u0421an add credit card Verifizierung anfordern Was erhalten Sie nach der Bezahlung? 1. E-Mail, Passwort, 2FA-Schl\u00fcssel, Land des Proxys, Cookies, Dokumente, Fingerabdruck f\u00fcr Ihren Antidetektiv-Browser. 2. Nach der Bezahlung k\u00f6nnen Sie die Datei auf der Website herunterladen [&hellip;]<\/p>\n","protected":false},"featured_media":5602,"template":"","meta":{"_seopress_robots_primary_cat":"none","_seopress_titles_title":"","_seopress_titles_desc":"","_seopress_robots_index":"","_et_pb_use_builder":"off","_et_pb_old_content":"","_et_gb_content_width":""},"product_brand":[],"product_cat":[80],"product_tag":[],"class_list":{"0":"post-5609","1":"product","2":"type-product","3":"status-publish","4":"has-post-thumbnail","6":"product_cat-5k10kspending-gr","8":"first","9":"instock","10":"virtual","11":"sold-individually","12":"purchasable","13":"product-type-simple"},"jetpack_sharing_enabled":true,"_links":{"self":[{"href":"https:\/\/www.buygoogleadsaccount.com\/de\/wp-json\/wp\/v2\/product\/5609","targetHints":{"allow":["GET"]}}],"collection":[{"href":"https:\/\/www.buygoogleadsaccount.com\/de\/wp-json\/wp\/v2\/product"}],"about":[{"href":"https:\/\/www.buygoogleadsaccount.com\/de\/wp-json\/wp\/v2\/types\/product"}],"wp:featuredmedia":[{"embeddable":true,"href":"https:\/\/www.buygoogleadsaccount.com\/de\/wp-json\/wp\/v2\/media\/5602"}],"wp:attachment":[{"href":"https:\/\/www.buygoogleadsaccount.com\/de\/wp-json\/wp\/v2\/media?parent=5609"}],"wp:term":[{"taxonomy":"product_brand","embeddable":true,"href":"https:\/\/www.buygoogleadsaccount.com\/de\/wp-json\/wp\/v2\/product_brand?post=5609"},{"taxonomy":"product_cat","embeddable":true,"href":"https:\/\/www.buygoogleadsaccount.com\/de\/wp-json\/wp\/v2\/product_cat?post=5609"},{"taxonomy":"product_tag","embeddable":true,"href":"https:\/\/www.buygoogleadsaccount.com\/de\/wp-json\/wp\/v2\/product_tag?post=5609"}],"curies":[{"name":"wp","href":"https:\/\/api.w.org\/{rel}","templated":true}]}}