{"id":5840,"date":"2026-04-15T12:59:59","date_gmt":"2026-04-15T09:59:59","guid":{"rendered":"https:\/\/www.buygoogleadsaccount.com\/product\/google-ads-konto-04-2026-fr-2\/"},"modified":"2026-04-15T13:05:31","modified_gmt":"2026-04-15T10:05:31","slug":"google-ads-konto-04-2026-fr-2","status":"publish","type":"product","link":"https:\/\/www.buygoogleadsaccount.com\/de\/product\/google-ads-konto-04-2026-fr-2\/","title":{"rendered":"Google Ads-Konto 04.2026 FR"},"content":{"rendered":"<p>Google Ads-Konto vom 04.2026<br \/>\nLand der Verifizierung: FR<br \/>\nW\u00e4hrung des Kontos: EURO<br \/>\nZeitzone: +2<br \/>\nLand des Zahlungsprofils: FR<br \/>\nArt der Zahlungen: \u0415nterprise<br \/>\nKonto verifiziert, Verkauf mit vollem Zugriff und allen Dokumenten.<\/p>\n<hr>\n<p><strong>Was erhalten Sie nach der Bezahlung?<\/strong><br \/>\n1. E-Mail, Passwort, 2FA-Schl\u00fcssel, Land des Proxys, Cookies, Dokumente, Fingerabdruck f\u00fcr Ihren Antidetektiv-Browser.<br \/>\n2. Nach der Bezahlung k\u00f6nnen Sie die Datei auf der Website herunterladen und Sie erhalten alle Informationen per E-Mail.<\/p>\n<p><em>Wir k\u00f6nnen auch ein Konto per Octobrowser \u00fcbertragen, bitte kontaktieren Sie den Manager <strong><a href=\"https:\/\/t.me\/adsalexaccs\">@adsalexaccs<\/a><\/strong> (Telegramm).<\/em><\/p>\n","protected":false},"excerpt":{"rendered":"<p>Google Ads-Konto vom 04.2026 Land der Verifizierung: FR W\u00e4hrung des Kontos: EURO Zeitzone: +2 Land des Zahlungsprofils: FR Art der Zahlungen: \u0415nterprise Konto verifiziert, Verkauf mit vollem Zugriff und allen Dokumenten. Was erhalten Sie nach der Bezahlung? 1. E-Mail, Passwort, 2FA-Schl\u00fcssel, Land des Proxys, Cookies, Dokumente, Fingerabdruck f\u00fcr Ihren Antidetektiv-Browser. 2. Nach der Bezahlung k\u00f6nnen [&hellip;]<\/p>\n","protected":false},"featured_media":1959,"template":"","meta":{"_seopress_robots_primary_cat":"none","_seopress_titles_title":"","_seopress_titles_desc":"","_seopress_robots_index":"","_et_pb_use_builder":"","_et_pb_old_content":"","_et_gb_content_width":""},"product_brand":[],"product_cat":[227],"product_tag":[],"class_list":{"0":"post-5840","1":"product","2":"type-product","3":"status-publish","4":"has-post-thumbnail","6":"product_cat-farmed-accounts-gr","8":"first","9":"instock","10":"virtual","11":"purchasable","12":"product-type-simple"},"jetpack_sharing_enabled":true,"_links":{"self":[{"href":"https:\/\/www.buygoogleadsaccount.com\/de\/wp-json\/wp\/v2\/product\/5840","targetHints":{"allow":["GET"]}}],"collection":[{"href":"https:\/\/www.buygoogleadsaccount.com\/de\/wp-json\/wp\/v2\/product"}],"about":[{"href":"https:\/\/www.buygoogleadsaccount.com\/de\/wp-json\/wp\/v2\/types\/product"}],"wp:featuredmedia":[{"embeddable":true,"href":"https:\/\/www.buygoogleadsaccount.com\/de\/wp-json\/wp\/v2\/media\/1959"}],"wp:attachment":[{"href":"https:\/\/www.buygoogleadsaccount.com\/de\/wp-json\/wp\/v2\/media?parent=5840"}],"wp:term":[{"taxonomy":"product_brand","embeddable":true,"href":"https:\/\/www.buygoogleadsaccount.com\/de\/wp-json\/wp\/v2\/product_brand?post=5840"},{"taxonomy":"product_cat","embeddable":true,"href":"https:\/\/www.buygoogleadsaccount.com\/de\/wp-json\/wp\/v2\/product_cat?post=5840"},{"taxonomy":"product_tag","embeddable":true,"href":"https:\/\/www.buygoogleadsaccount.com\/de\/wp-json\/wp\/v2\/product_tag?post=5840"}],"curies":[{"name":"wp","href":"https:\/\/api.w.org\/{rel}","templated":true}]}}