{"id":6620,"date":"2026-04-29T16:42:34","date_gmt":"2026-04-29T13:42:34","guid":{"rendered":"https:\/\/www.buygoogleadsaccount.com\/product\/google-ads-konto-2025-01-2026-ausgegebene-900\/"},"modified":"2026-04-29T16:42:34","modified_gmt":"2026-04-29T13:42:34","slug":"google-ads-konto-2025-01-2026-ausgegebene-900","status":"publish","type":"product","link":"https:\/\/www.buygoogleadsaccount.com\/de\/product\/google-ads-konto-2025-01-2026-ausgegebene-900\/","title":{"rendered":"Google Ads Konto 2025-01.2026 &#8211; Ausgegebene $900"},"content":{"rendered":"<p>Ausgabenhistorie: $900<br \/>\nAlter: <span data-sheets-root=\"1\">2025-01.2026<\/span><br \/>\nW\u00e4hrung des Kontos: USD<br \/>\nZeitzone: +5<br \/>\nLand des Zahlungsprofils: Kasachstan<br \/>\nArt der Zahlungen: zur\u00fccksetzen<br \/>\n<span data-sheets-root=\"1\">Nur f\u00fcr Kreditlinie<\/span><\/p>\n<hr>\n<p><strong>Was erhalten Sie nach der Bezahlung?<\/strong><br \/>\n1. E-Mail, Passwort, 2FA-Schl\u00fcssel, Land des Proxys, Cookies, Dokumente, Fingerabdruck f\u00fcr Ihren Antidetektiv-Browser.<br \/>\n2. Nach der Bezahlung k\u00f6nnen Sie die Datei auf der Website herunterladen und Sie erhalten alle Informationen per E-Mail.<\/p>\n<p><em>Wir k\u00f6nnen auch ein Konto per Octobrowser \u00fcbertragen, bitte kontaktieren Sie den Manager <span style=\"color: #0000ff;\"><strong><a style=\"color: #0000ff;\" href=\"https:\/\/t.me\/adsalexaccs\">@adsalexaccs<\/a><\/strong><\/span> (Telegramm).<\/em><\/p>\n","protected":false},"excerpt":{"rendered":"<p>Ausgabenhistorie: $900 Alter: 2025-01.2026 W\u00e4hrung des Kontos: USD Zeitzone: +5 Land des Zahlungsprofils: Kasachstan Art der Zahlungen: zur\u00fccksetzen Nur f\u00fcr Kreditlinie Was erhalten Sie nach der Bezahlung? 1. E-Mail, Passwort, 2FA-Schl\u00fcssel, Land des Proxys, Cookies, Dokumente, Fingerabdruck f\u00fcr Ihren Antidetektiv-Browser. 2. Nach der Bezahlung k\u00f6nnen Sie die Datei auf der Website herunterladen und Sie erhalten [&hellip;]<\/p>\n","protected":false},"featured_media":6609,"template":"","meta":{"_seopress_robots_primary_cat":"none","_seopress_titles_title":"","_seopress_titles_desc":"","_seopress_robots_index":"","_et_pb_use_builder":"off","_et_pb_old_content":"","_et_gb_content_width":""},"product_brand":[],"product_cat":[60],"product_tag":[],"class_list":{"0":"post-6620","1":"product","2":"type-product","3":"status-publish","4":"has-post-thumbnail","6":"product_cat-gads200-gr","8":"first","9":"instock","10":"virtual","11":"sold-individually","12":"purchasable","13":"product-type-simple"},"jetpack_sharing_enabled":true,"_links":{"self":[{"href":"https:\/\/www.buygoogleadsaccount.com\/de\/wp-json\/wp\/v2\/product\/6620","targetHints":{"allow":["GET"]}}],"collection":[{"href":"https:\/\/www.buygoogleadsaccount.com\/de\/wp-json\/wp\/v2\/product"}],"about":[{"href":"https:\/\/www.buygoogleadsaccount.com\/de\/wp-json\/wp\/v2\/types\/product"}],"wp:featuredmedia":[{"embeddable":true,"href":"https:\/\/www.buygoogleadsaccount.com\/de\/wp-json\/wp\/v2\/media\/6609"}],"wp:attachment":[{"href":"https:\/\/www.buygoogleadsaccount.com\/de\/wp-json\/wp\/v2\/media?parent=6620"}],"wp:term":[{"taxonomy":"product_brand","embeddable":true,"href":"https:\/\/www.buygoogleadsaccount.com\/de\/wp-json\/wp\/v2\/product_brand?post=6620"},{"taxonomy":"product_cat","embeddable":true,"href":"https:\/\/www.buygoogleadsaccount.com\/de\/wp-json\/wp\/v2\/product_cat?post=6620"},{"taxonomy":"product_tag","embeddable":true,"href":"https:\/\/www.buygoogleadsaccount.com\/de\/wp-json\/wp\/v2\/product_tag?post=6620"}],"curies":[{"name":"wp","href":"https:\/\/api.w.org\/{rel}","templated":true}]}}