{"id":1148,"date":"2025-10-27T16:10:17","date_gmt":"2025-10-27T13:10:17","guid":{"rendered":"https:\/\/www.buygoogleadsaccount.com\/politica-de-privacidad\/"},"modified":"2026-04-01T13:18:15","modified_gmt":"2026-04-01T10:18:15","slug":"politica-de-privacidad","status":"publish","type":"page","link":"https:\/\/www.buygoogleadsaccount.com\/es\/politica-de-privacidad\/","title":{"rendered":"Pol\u00edtica de privacidad y cookies"},"content":{"rendered":"<p>[et_pb_section fb_built=\u00bb1&#8243; _builder_version=\u00bb4.16&#8243; global_colors_info=\u00bb{}\u00bb][et_pb_row _builder_version=\u00bb4.16&#8243; background_size=\u00bbinitial\u00bb background_position=\u00bbtop_left\u00bb background_repeat=\u00bbrepeat\u00bb global_colors_info=\u00bb{}\u00bb][et_pb_column type=\u00bb4_4&#8243; _builder_version=\u00bb4.16&#8243; custom_padding=\u00bb|||\u00bb global_colors_info=\u00bb{}\u00bb custom_padding__hover=\u00bb|||\u00bb][et_pb_text _builder_version=\u00bb4.27.4&#8243; background_size=\u00bbinitial\u00bb background_position=\u00bbtop_left\u00bb background_repeat=\u00bbrepeat\u00bb hover_enabled=\u00bb0&#8243; global_colors_info=\u00bb{}\u00bb sticky_enabled=\u00bb0&#8243;]<\/p>\n<p><!-- divi:heading --><\/p>\n<p class=\"wp-block-heading\">\u00daltima actualizaci\u00f3n: Marzo , 2026<\/p>\n<h1 data-section-id=\"1ij7vfn\" data-start=\"2418\" data-end=\"2435\">Pol\u00edtica de privacidad y Cookei<\/h1>\n<p>&nbsp;<\/p>\n<h2 data-section-id=\"1ij7vfn\" data-start=\"2418\" data-end=\"2435\">Pol\u00edtica de privacidad<\/h2>\n<p data-start=\"2437\" data-end=\"2457\">Fecha de entrada en vigor: 2026<\/p>\n<p data-start=\"2459\" data-end=\"2557\">Esta Pol\u00edtica de Privacidad explica c\u00f3mo <strong data-start=\"2492\" data-end=\"2519\">buygoogleadsaccount.com<\/strong> recoge y procesa los datos personales.<\/p>\n<hr data-start=\"2559\" data-end=\"2562\">\n<h2 data-section-id=\"1pmvrr9\" data-start=\"2564\" data-end=\"2589\">Informaci\u00f3n que recogemos<\/h2>\n<p data-start=\"2591\" data-end=\"2606\">Podemos recopilar:<\/p>\n<ul data-start=\"2608\" data-end=\"2697\">\n<li data-section-id=\"1j3bszz\" data-start=\"2608\" data-end=\"2614\">\n<p data-start=\"2610\" data-end=\"2614\">nombre<\/p>\n<\/li>\n<li data-section-id=\"okl7hu\" data-start=\"2615\" data-end=\"2630\">\n<p data-start=\"2617\" data-end=\"2630\">direcci\u00f3n de correo electr\u00f3nico<\/p>\n<\/li>\n<li data-section-id=\"lyg2ke\" data-start=\"2631\" data-end=\"2652\">\n<p data-start=\"2633\" data-end=\"2652\">informaci\u00f3n sobre el pago<\/p>\n<\/li>\n<li data-section-id=\"1w1hmsn\" data-start=\"2653\" data-end=\"2665\">\n<p data-start=\"2655\" data-end=\"2665\">Direcci\u00f3n IP<\/p>\n<\/li>\n<li data-section-id=\"1ne1y94\" data-start=\"2666\" data-end=\"2687\">\n<p data-start=\"2668\" data-end=\"2687\">informaci\u00f3n del navegador<\/p>\n<\/li>\n<li data-section-id=\"1zqcov\" data-start=\"2688\" data-end=\"2697\">\n<p data-start=\"2690\" data-end=\"2697\">galletas<\/p>\n<\/li>\n<\/ul>\n<hr data-start=\"2699\" data-end=\"2702\">\n<h2 data-section-id=\"1usefoo\" data-start=\"2704\" data-end=\"2729\">C\u00f3mo utilizamos la informaci\u00f3n<\/h2>\n<p data-start=\"2731\" data-end=\"2758\">La informaci\u00f3n puede utilizarse para:<\/p>\n<ul data-start=\"2760\" data-end=\"2874\">\n<li data-section-id=\"xam5dq\" data-start=\"2760\" data-end=\"2776\">\n<p data-start=\"2762\" data-end=\"2776\">procesar pedidos<\/p>\n<\/li>\n<li data-section-id=\"1y5fvsg\" data-start=\"2777\" data-end=\"2803\">\n<p data-start=\"2779\" data-end=\"2803\">prestar asistencia al cliente<\/p>\n<\/li>\n<li data-section-id=\"rtnrjk\" data-start=\"2804\" data-end=\"2825\">\n<p data-start=\"2806\" data-end=\"2825\">mejorar el sitio web<\/p>\n<\/li>\n<li data-section-id=\"1m77jxe\" data-start=\"2826\" data-end=\"2841\">\n<p data-start=\"2828\" data-end=\"2841\">prevenir el fraude<\/p>\n<\/li>\n<li data-section-id=\"i0m7du\" data-start=\"2842\" data-end=\"2874\">\n<p data-start=\"2844\" data-end=\"2874\">cumplir con las obligaciones legales.<\/p>\n<\/li>\n<\/ul>\n<hr data-start=\"2876\" data-end=\"2879\">\n<h2 data-section-id=\"1oumuza\" data-start=\"2881\" data-end=\"2899\">Protecci\u00f3n de datos<\/h2>\n<p data-start=\"2901\" data-end=\"2942\">Aplicamos medidas de seguridad que incluyen:<\/p>\n<ul data-start=\"2944\" data-end=\"2999\">\n<li data-section-id=\"1xh15yf\" data-start=\"2944\" data-end=\"2956\">\n<p data-start=\"2946\" data-end=\"2956\">encriptaci\u00f3n<\/p>\n<\/li>\n<li data-section-id=\"1usrl1l\" data-start=\"2957\" data-end=\"2973\">\n<p data-start=\"2959\" data-end=\"2973\">servidores seguros<\/p>\n<\/li>\n<li data-section-id=\"spe3u7\" data-start=\"2974\" data-end=\"2999\">\n<p data-start=\"2976\" data-end=\"2999\">acceso restringido a los datos.<\/p>\n<\/li>\n<\/ul>\n<hr data-start=\"3001\" data-end=\"3004\">\n<h2 data-section-id=\"1nkfe3v\" data-start=\"3006\" data-end=\"3029\">Servicios de terceros<\/h2>\n<p data-start=\"3031\" data-end=\"3071\">Podemos utilizar servicios de terceros como<\/p>\n<ul data-start=\"3073\" data-end=\"3130\">\n<li data-section-id=\"1heucao\" data-start=\"3073\" data-end=\"3092\">\n<p data-start=\"3075\" data-end=\"3092\">proveedores de pagos<\/p>\n<\/li>\n<li data-section-id=\"11wd2qd\" data-start=\"3093\" data-end=\"3110\">\n<p data-start=\"3095\" data-end=\"3110\">herramientas de an\u00e1lisis<\/p>\n<\/li>\n<li data-section-id=\"1aq3lmw\" data-start=\"3111\" data-end=\"3130\">\n<p data-start=\"3113\" data-end=\"3130\">servicios de alojamiento.<\/p>\n<\/li>\n<\/ul>\n<p data-start=\"3132\" data-end=\"3198\">Estos proveedores pueden procesar tus datos de acuerdo con sus pol\u00edticas.<\/p>\n<hr data-start=\"3200\" data-end=\"3203\">\n<h2 data-section-id=\"17t6qev\" data-start=\"3205\" data-end=\"3219\">Derechos GDPR<\/h2>\n<p data-start=\"3221\" data-end=\"3239\">Los usuarios pueden solicitar:<\/p>\n<ul data-start=\"3241\" data-end=\"3319\">\n<li data-section-id=\"1qmlvnj\" data-start=\"3241\" data-end=\"3266\">\n<p data-start=\"3243\" data-end=\"3266\">acceso a los datos personales<\/p>\n<\/li>\n<li data-section-id=\"5b32la\" data-start=\"3267\" data-end=\"3279\">\n<p data-start=\"3269\" data-end=\"3279\">correcci\u00f3n<\/p>\n<\/li>\n<li data-section-id=\"1bw2jdo\" data-start=\"3280\" data-end=\"3290\">\n<p data-start=\"3282\" data-end=\"3290\">supresi\u00f3n<\/p>\n<\/li>\n<li data-section-id=\"1nb8qls\" data-start=\"3291\" data-end=\"3319\">\n<p data-start=\"3293\" data-end=\"3319\">restricci\u00f3n del tratamiento.<\/p>\n<\/li>\n<\/ul>\n<p data-start=\"3321\" data-end=\"3345\">Las solicitudes pueden enviarse a<\/p>\n<p data-start=\"3347\" data-end=\"3378\"><a data-start=\"3347\" data-end=\"3378\" class=\"decorated-link cursor-pointer\" rel=\"noopener\">support@buygoogleadsaccount.com<\/a><\/p>\n<p data-start=\"3347\" data-end=\"3378\">\n<p data-start=\"3347\" data-end=\"3378\">\n<h2 data-section-id=\"fhqaqp\" data-start=\"3927\" data-end=\"3943\">Pol\u00edtica de cookies<\/h2>\n<p data-start=\"3945\" data-end=\"3997\">El Sitio Web utiliza cookies para mejorar la experiencia del usuario.<\/p>\n<p data-start=\"3999\" data-end=\"4015\">Las cookies nos ayudan:<\/p>\n<ul data-start=\"4017\" data-end=\"4085\">\n<li data-section-id=\"1ogpdti\" data-start=\"4017\" data-end=\"4044\">\n<p data-start=\"4019\" data-end=\"4044\">recordar las preferencias del usuario<\/p>\n<\/li>\n<li data-section-id=\"i2ety9\" data-start=\"4045\" data-end=\"4062\">\n<p data-start=\"4047\" data-end=\"4062\">analizar el tr\u00e1fico<\/p>\n<\/li>\n<li data-section-id=\"8m9lwk\" data-start=\"4063\" data-end=\"4085\">\n<p data-start=\"4065\" data-end=\"4085\">mejorar el rendimiento.<\/p>\n<\/li>\n<\/ul>\n<p data-start=\"4087\" data-end=\"4109\">Tipos de cookies utilizadas:<\/p>\n<p data-start=\"4111\" data-end=\"4170\">Cookies esenciales<br data-start=\"4132\" data-end=\"4135\">Necesarias para el funcionamiento del sitio web.<\/p>\n<p data-start=\"4172\" data-end=\"4245\">Cookies anal\u00edticas<br data-start=\"4193\" data-end=\"4196\">Ayudan a comprender c\u00f3mo interact\u00faan los usuarios con el sitio.<\/p>\n<p data-start=\"4247\" data-end=\"4308\"><strong data-start=\"4247\" data-end=\"4268\">Cookies de marketing<\/strong><br data-start=\"4268\" data-end=\"4271\">Pueden utilizarse con fines publicitarios.<\/p>\n<p data-start=\"4310\" data-end=\"4362\">Los usuarios pueden desactivar las cookies en la configuraci\u00f3n de su navegador.<\/p>\n<p>&nbsp;<\/p>\n<p>&nbsp;<\/p>\n<p><!-- \/divi:paragraph --><\/p>\n<p>[\/et_pb_text][\/et_pb_column][\/et_pb_row][\/et_pb_section]<\/p>\n","protected":false},"excerpt":{"rendered":"<p>\u00daltima actualizaci\u00f3n: Marzo , 2026 Pol\u00edtica de privacidad y Cookei &nbsp; Pol\u00edtica de privacidad Fecha de entrada en vigor: 2026 Esta Pol\u00edtica de Privacidad explica c\u00f3mo buygoogleadsaccount.com recoge y procesa los datos personales. Informaci\u00f3n que recogemos Podemos recopilar: nombre direcci\u00f3n de correo electr\u00f3nico informaci\u00f3n sobre el pago Direcci\u00f3n IP informaci\u00f3n del navegador galletas C\u00f3mo utilizamos [&hellip;]<\/p>\n","protected":false},"author":1,"featured_media":0,"parent":0,"menu_order":0,"comment_status":"closed","ping_status":"closed","template":"","meta":{"_seopress_robots_primary_cat":"","_seopress_titles_title":"","_seopress_titles_desc":"","_seopress_robots_index":"","_et_pb_use_builder":"on","_et_pb_old_content":"","_et_gb_content_width":"","footnotes":""},"class_list":["post-1148","page","type-page","status-publish","hentry"],"jetpack_sharing_enabled":true,"_links":{"self":[{"href":"https:\/\/www.buygoogleadsaccount.com\/es\/wp-json\/wp\/v2\/pages\/1148","targetHints":{"allow":["GET"]}}],"collection":[{"href":"https:\/\/www.buygoogleadsaccount.com\/es\/wp-json\/wp\/v2\/pages"}],"about":[{"href":"https:\/\/www.buygoogleadsaccount.com\/es\/wp-json\/wp\/v2\/types\/page"}],"author":[{"embeddable":true,"href":"https:\/\/www.buygoogleadsaccount.com\/es\/wp-json\/wp\/v2\/users\/1"}],"replies":[{"embeddable":true,"href":"https:\/\/www.buygoogleadsaccount.com\/es\/wp-json\/wp\/v2\/comments?post=1148"}],"version-history":[{"count":10,"href":"https:\/\/www.buygoogleadsaccount.com\/es\/wp-json\/wp\/v2\/pages\/1148\/revisions"}],"predecessor-version":[{"id":5017,"href":"https:\/\/www.buygoogleadsaccount.com\/es\/wp-json\/wp\/v2\/pages\/1148\/revisions\/5017"}],"wp:attachment":[{"href":"https:\/\/www.buygoogleadsaccount.com\/es\/wp-json\/wp\/v2\/media?parent=1148"}],"curies":[{"name":"wp","href":"https:\/\/api.w.org\/{rel}","templated":true}]}}