{"id":2757,"date":"2026-03-10T13:33:14","date_gmt":"2026-03-10T10:33:14","guid":{"rendered":"https:\/\/www.buygoogleadsaccount.com\/pol-tica-de-devoluciones\/"},"modified":"2026-03-10T14:02:25","modified_gmt":"2026-03-10T11:02:25","slug":"pol-tica-de-devoluciones","status":"publish","type":"page","link":"https:\/\/www.buygoogleadsaccount.com\/es\/pol-tica-de-devoluciones\/","title":{"rendered":"Pol\u00edtica de devoluciones"},"content":{"rendered":"<p>[et_pb_section fb_built=\u00bb1&#8243; theme_builder_area=\u00bbpost_content\u00bb _builder_version=\u00bb4.27.4&#8243; _module_preset=\u00bbdefault\u00bb][et_pb_row _builder_version=\u00bb4.27.4&#8243; _module_preset=\u00bbdefault\u00bb theme_builder_area=\u00bbpost_content\u00bb][et_pb_column _builder_version=\u00bb4.27.4&#8243; _module_preset=\u00bbdefault\u00bb type=\u00bb4_4&#8243; theme_builder_area=\u00bbpost_content\u00bb][et_pb_text _builder_version=\u00bb4.27.4&#8243; _module_preset=\u00bbdefault\u00bb theme_builder_area=\u00bbpost_content\u00bb hover_enabled=\u00bb0&#8243; sticky_enabled=\u00bb0&#8243;]<\/p>\n<h1 data-section-id=\"5i7sfp\" data-start=\"3385\" data-end=\"3403\">POL\u00cdTICA DE DEVOLUCI\u00d3N<\/h1>\n<h2 data-section-id=\"1us7a8b\" data-start=\"3405\" data-end=\"3421\">Pol\u00edtica de devoluciones<\/h2>\n<p data-start=\"3423\" data-end=\"3483\">Debido a la naturaleza de los <strong data-start=\"3444\" data-end=\"3461\">productos digitales<\/strong>, los reembolsos son limitados.<\/p>\n<p data-start=\"3485\" data-end=\"3511\">Se pueden conceder reembolsos si<\/p>\n<ul data-start=\"3513\" data-end=\"3618\">\n<li data-section-id=\"nv0hke\" data-start=\"3513\" data-end=\"3544\">\n<p data-start=\"3515\" data-end=\"3544\">el producto no fue entregado<\/p>\n<\/li>\n<li data-section-id=\"18610xg\" data-start=\"3545\" data-end=\"3589\">\n<p data-start=\"3547\" data-end=\"3589\">la cuenta no coincide con la descripci\u00f3n<\/p>\n<\/li>\n<li data-section-id=\"133n2o5\" data-start=\"3590\" data-end=\"3618\">\n<p data-start=\"3592\" data-end=\"3618\">se han producido errores t\u00e9cnicos.<\/p>\n<\/li>\n<\/ul>\n<p data-start=\"3620\" data-end=\"3686\">Las solicitudes de reembolso deben presentarse en las <strong data-start=\"3661\" data-end=\"3685\">24 horas siguientes a la compra<\/strong>.<\/p>\n<p data-start=\"3688\" data-end=\"3718\">No se efectuar\u00e1n devoluciones si<\/p>\n<ul data-start=\"3720\" data-end=\"3838\">\n<li data-section-id=\"1qbfbf8\" data-start=\"3720\" data-end=\"3750\">\n<p data-start=\"3722\" data-end=\"3750\">la cuenta ya estaba utilizada<\/p>\n<\/li>\n<li data-section-id=\"1qx2pcy\" data-start=\"3751\" data-end=\"3799\">\n<p data-start=\"3753\" data-end=\"3799\">la plataforma bloquea la cuenta debido a la actividad del usuario<\/p>\n<\/li>\n<li data-section-id=\"rxxucz\" data-start=\"3800\" data-end=\"3838\">\n<p data-start=\"3802\" data-end=\"3838\">el cliente infringi\u00f3 las pol\u00edticas de la plataforma.<\/p>\n<\/li>\n<\/ul>\n<p data-start=\"3840\" data-end=\"3900\">Todas las decisiones de reembolso son tomadas por la administraci\u00f3n del Sitio Web.<\/p>\n<p>[\/et_pb_text][\/et_pb_column][\/et_pb_row][\/et_pb_section]<\/p>\n","protected":false},"excerpt":{"rendered":"<p>POL\u00cdTICA DE DEVOLUCI\u00d3N Pol\u00edtica de devoluciones Debido a la naturaleza de los productos digitales, los reembolsos son limitados. Se pueden conceder reembolsos si el producto no fue entregado la cuenta no coincide con la descripci\u00f3n se han producido errores t\u00e9cnicos. Las solicitudes de reembolso deben presentarse en las 24 horas siguientes a la compra. No [&hellip;]<\/p>\n","protected":false},"author":1,"featured_media":0,"parent":0,"menu_order":0,"comment_status":"closed","ping_status":"closed","template":"","meta":{"_seopress_robots_primary_cat":"","_seopress_titles_title":"","_seopress_titles_desc":"","_seopress_robots_index":"","_et_pb_use_builder":"on","_et_pb_old_content":"","_et_gb_content_width":"","footnotes":""},"class_list":["post-2757","page","type-page","status-publish","hentry"],"jetpack_sharing_enabled":true,"_links":{"self":[{"href":"https:\/\/www.buygoogleadsaccount.com\/es\/wp-json\/wp\/v2\/pages\/2757","targetHints":{"allow":["GET"]}}],"collection":[{"href":"https:\/\/www.buygoogleadsaccount.com\/es\/wp-json\/wp\/v2\/pages"}],"about":[{"href":"https:\/\/www.buygoogleadsaccount.com\/es\/wp-json\/wp\/v2\/types\/page"}],"author":[{"embeddable":true,"href":"https:\/\/www.buygoogleadsaccount.com\/es\/wp-json\/wp\/v2\/users\/1"}],"replies":[{"embeddable":true,"href":"https:\/\/www.buygoogleadsaccount.com\/es\/wp-json\/wp\/v2\/comments?post=2757"}],"version-history":[{"count":6,"href":"https:\/\/www.buygoogleadsaccount.com\/es\/wp-json\/wp\/v2\/pages\/2757\/revisions"}],"predecessor-version":[{"id":2769,"href":"https:\/\/www.buygoogleadsaccount.com\/es\/wp-json\/wp\/v2\/pages\/2757\/revisions\/2769"}],"wp:attachment":[{"href":"https:\/\/www.buygoogleadsaccount.com\/es\/wp-json\/wp\/v2\/media?parent=2757"}],"curies":[{"name":"wp","href":"https:\/\/api.w.org\/{rel}","templated":true}]}}