{"id":4649,"date":"2026-03-27T14:42:39","date_gmt":"2026-03-27T11:42:39","guid":{"rendered":"https:\/\/www.buygoogleadsaccount.com\/servicios-de-gesti-n-de-campa-as-de-google-ads\/"},"modified":"2026-03-27T15:19:30","modified_gmt":"2026-03-27T12:19:30","slug":"servicios-de-gesti-n-de-campa-as-de-google-ads","status":"publish","type":"page","link":"https:\/\/www.buygoogleadsaccount.com\/es\/servicios-de-gesti-n-de-campa-as-de-google-ads\/","title":{"rendered":"Servicios de gesti\u00f3n de campa\u00f1as de Google Ads"},"content":{"rendered":"<p>[et_pb_section fb_built=\u00bb1&#8243; theme_builder_area=\u00bbpost_content\u00bb _builder_version=\u00bb4.27.4&#8243; _module_preset=\u00bbdefault\u00bb][et_pb_row _builder_version=\u00bb4.27.4&#8243; _module_preset=\u00bbdefault\u00bb theme_builder_area=\u00bbpost_content\u00bb][et_pb_column _builder_version=\u00bb4.27.4&#8243; _module_preset=\u00bbdefault\u00bb type=\u00bb4_4&#8243; theme_builder_area=\u00bbpost_content\u00bb][et_pb_heading title=\u00bbServicios de gesti\u00f3n de campa\u00f1as de Google Ads\u00bb _builder_version=\u00bb4.27.4&#8243; _module_preset=\u00bbdefault\u00bb theme_builder_area=\u00bbpost_content\u00bb title_text_align=\u00bbcenter\u00bb hover_enabled=\u00bb0&#8243; sticky_enabled=\u00bb0&#8243; title_text_color=\u00bb#0fa9fc\u00bb title_font_size=\u00bb40px\u00bb][\/et_pb_heading][\/et_pb_column][\/et_pb_row][et_pb_row _builder_version=\u00bb4.27.4&#8243; _module_preset=\u00bbdefault\u00bb column_structure=\u00bb1_3,1_3,1_3&#8243; theme_builder_area=\u00bbpost_content\u00bb][et_pb_column _builder_version=\u00bb4.27.4&#8243; _module_preset=\u00bbdefault\u00bb type=\u00bb1_3&#8243; theme_builder_area=\u00bbpost_content\u00bb][et_pb_pricing_tables _builder_version=\u00bb4.27.4&#8243; _module_preset=\u00bbdefault\u00bb link_option_url_new_window=\u00bbon\u00bb hover_enabled=\u00bb0&#8243; global_colors_info=\u00bb{}\u00bb theme_builder_area=\u00bbpost_content\u00bb sticky_enabled=\u00bb0&#8243; link_option_url=\u00bbhttps:\/\/t.me\/adsalexaccs\u00bb][et_pb_pricing_table title=\u00bbB\u00c1SICO\u00bb currency=\u00bb$\u00bb sum=\u00bb300&#8243; button_url=\u00bbhttps:\/\/t.me\/adsalexaccs\u00bb url_new_window=\u00bbon\u00bb button_text=\u00bbComprar ahora \/ Chatear con el director\u00bb _builder_version=\u00bb4.27.4&#8243; _module_preset=\u00bbdefault\u00bb link_option_url_new_window=\u00bbon\u00bb hover_enabled=\u00bb0&#8243; global_colors_info=\u00bb{}\u00bb sticky_transition=\u00bbon\u00bb theme_builder_area=\u00bbpost_content\u00bb sticky_enabled=\u00bb0&#8243;]<\/p>\n<p data-section-id=\"ctflb8\" data-start=\"192\" data-end=\"241\">1 campa\u00f1a, hasta 15 palabras clave<br \/>1 anuncio responsive<br \/>1 optimizaci\u00f3n GRATUITA en los 30 d\u00edas siguientes al lanzamiento<br \/> 7 d\u00edas de<strong>entrega<\/strong><br \/>Configuraci\u00f3n de la cuenta<br \/>1 sugerencia<br \/>1 sugerencia de segmentaci\u00f3n de la audiencia<br \/>3 extensiones de anuncios<br \/>Control de calidad de la campa\u00f1a<\/p>\n<p>[\/et_pb_pricing_table][\/et_pb_pricing_tables][\/et_pb_column][et_pb_column _builder_version=\u00bb4.27.4&#8243; _module_preset=\u00bbdefault\u00bb type=\u00bb1_3&#8243; theme_builder_area=\u00bbpost_content\u00bb][et_pb_pricing_tables _builder_version=\u00bb4.27.4&#8243; _module_preset=\u00bbdefault\u00bb link_option_url_new_window=\u00bbon\u00bb global_colors_info=\u00bb{}\u00bb theme_builder_area=\u00bbpost_content\u00bb hover_enabled=\u00bb0&#8243; sticky_enabled=\u00bb0&#8243;][et_pb_pricing_table title=\u00bbVENTAS Y CLIENTES POTENCIALES\u00bb currency=\u00bb$\u00bb sum=\u00bb600&#8243; button_url=\u00bbhttps:\/\/t.me\/adsalexaccs\u00bb url_new_window=\u00bbon\u00bb button_text=\u00bbComprar ahora \/ Chatear con el director\u00bb _builder_version=\u00bb4.27.4&#8243; _module_preset=\u00bbdefault\u00bb link_option_url_new_window=\u00bbon\u00bb global_colors_info=\u00bb{}\u00bb sticky_transition=\u00bbon\u00bb theme_builder_area=\u00bbpost_content\u00bb hover_enabled=\u00bb0&#8243; sticky_enabled=\u00bb0&#8243;]<\/p>\n<p>1 campa\u00f1a, hasta 30 palabras clave<br \/>2 anuncios responsive<br \/>1 optimizaci\u00f3n GRATUITA en los 30 d\u00edas siguientes al lanzamiento<br \/> 6 d\u00edas de<strong>entrega<\/strong><br \/>Configuraci\u00f3n de la cuenta<br \/>2 sugerencias<br \/>2 sugerencias de segmentaci\u00f3n de audiencias<br \/>4 extensiones de anuncios<br \/>Control de calidad de la campa\u00f1a<\/p>\n<p>[\/et_pb_pricing_table][\/et_pb_pricing_tables][\/et_pb_column][et_pb_column _builder_version=\u00bb4.27.4&#8243; _module_preset=\u00bbdefault\u00bb type=\u00bb1_3&#8243; theme_builder_area=\u00bbpost_content\u00bb][et_pb_pricing_tables _builder_version=\u00bb4.27.4&#8243; _module_preset=\u00bbdefault\u00bb link_option_url_new_window=\u00bbon\u00bb global_colors_info=\u00bb{}\u00bb theme_builder_area=\u00bbpost_content\u00bb hover_enabled=\u00bb0&#8243; sticky_enabled=\u00bb0&#8243;][et_pb_pricing_table title=\u00bbVENTAS Y CLIENTES POTENCIALES PRO\u00bb currency=\u00bb$\u00bb sum=\u00bb750&#8243; button_url=\u00bbhttps:\/\/t.me\/adsalexaccs\u00bb url_new_window=\u00bbon\u00bb button_text=\u00bbComprar ahora \/ Chatear con el director\u00bb _builder_version=\u00bb4.27.4&#8243; _module_preset=\u00bbdefault\u00bb link_option_url_new_window=\u00bbon\u00bb global_colors_info=\u00bb{}\u00bb sticky_transition=\u00bbon\u00bb theme_builder_area=\u00bbpost_content\u00bb hover_enabled=\u00bb0&#8243; sticky_enabled=\u00bb0&#8243;]<\/p>\n<p>1 campa\u00f1a, 50+ palabras clave<br \/>3+ anuncios responsive<br \/>3 optimizaciones GRATUITAS en los 30 d\u00edas posteriores al lanzamiento<br \/><strong>Entrega en<\/strong> 6 d\u00edas<br \/>Configuraci\u00f3n de la cuenta<br \/>3 sugerencias<br \/>3 sugerencias de segmentaci\u00f3n de audiencias<br \/>5 extensiones de anuncios<br \/>Control de calidad de la campa\u00f1a<\/p>\n<p>[\/et_pb_pricing_table][\/et_pb_pricing_tables][\/et_pb_column][\/et_pb_row][et_pb_row _builder_version=\u00bb4.27.4&#8243; _module_preset=\u00bbdefault\u00bb theme_builder_area=\u00bbpost_content\u00bb][et_pb_column _builder_version=\u00bb4.27.4&#8243; _module_preset=\u00bbdefault\u00bb type=\u00bb4_4&#8243; theme_builder_area=\u00bbpost_content\u00bb][et_pb_heading title=\u00bbServicios de campa\u00f1as de Google Ads \ud83d\udc47\u00bb _builder_version=\u00bb4.27.4&#8243; _module_preset=\u00bbdefault\u00bb theme_builder_area=\u00bbpost_content\u00bb title_level=\u00bbh2&#8243; hover_enabled=\u00bb0&#8243; sticky_enabled=\u00bb0&#8243; title_text_color=\u00bb#000000&#8243; title_font_size=\u00bb32px\u00bb title_text_align=\u00bbleft\u00bb][\/et_pb_heading][\/et_pb_column][\/et_pb_row][et_pb_row _builder_version=\u00bb4.27.4&#8243; _module_preset=\u00bbdefault\u00bb theme_builder_area=\u00bbpost_content\u00bb][et_pb_column _builder_version=\u00bb4.27.4&#8243; _module_preset=\u00bbdefault\u00bb type=\u00bb4_4&#8243; theme_builder_area=\u00bbpost_content\u00bb][et_pb_accordion _builder_version=\u00bb4.27.4&#8243; _module_preset=\u00bbdefault\u00bb theme_builder_area=\u00bbpost_content\u00bb hover_enabled=\u00bb0&#8243; sticky_enabled=\u00bb0&#8243;][et_pb_accordion_item title=\u00bbExperto Senior en Anuncios de Google \ud83d\ude80\u00bb _builder_version=\u00bb4.27.4&#8243; _module_preset=\u00bbdefault\u00bb open=\u00bbon\u00bb theme_builder_area=\u00bbpost_content\u00bb toggle_level=\u00bbh5&#8243; hover_enabled=\u00bb0&#8243; sticky_enabled=\u00bb0&#8243;]<\/p>\n<p>Desarrollamos estrategias de Google Ads basadas en datos y adaptadas a tus objetivos empresariales, ayud\u00e1ndote a crecer con claridad, control y resultados medibles\ud83d\udcc8.<\/p>\n<p>[\/et_pb_accordion_item][et_pb_accordion_item title=\u00bb15 a\u00f1os de experiencia en PPC \ud83d\udd52\u00bb _builder_version=\u00bb4.27.4&#8243; _module_preset=\u00bbdefault\u00bb open=\u00bboff\u00bb theme_builder_area=\u00bbpost_content\u00bb toggle_level=\u00bbh5&#8243; hover_enabled=\u00bb0&#8243; sticky_enabled=\u00bb0&#8243;]<\/p>\n<p>Con 15 a\u00f1os de experiencia pr\u00e1ctica en PPC, sabemos c\u00f3mo lanzar, optimizar y escalar campa\u00f1as de forma eficiente en diferentes nichos y presupuestos \ud83c\udfaf.<\/p>\n<p>[\/et_pb_accordion_item][et_pb_accordion_item title=\u00bbSocio certificado de Google \u2705\u00bb _builder_version=\u00bb4.27.4&#8243; _module_preset=\u00bbdefault\u00bb theme_builder_area=\u00bbpost_content\u00bb hover_enabled=\u00bb0&#8243; sticky_enabled=\u00bb0&#8243; open=\u00bboff\u00bb]<\/p>\n<p>Como socio certificado de Google, aplicamos las mejores pr\u00e1cticas probadas y nos mantenemos alineados con los \u00faltimos est\u00e1ndares, herramientas y actualizaciones publicitarias de la plataforma \ud83d\udd0d.<\/p>\n<p>[\/et_pb_accordion_item][et_pb_accordion_item title=\u00bb#n\u00ba 1 en anuncios de Google \ud83e\udd47\u00bb _builder_version=\u00bb4.27.4&#8243; _module_preset=\u00bbdefault\u00bb theme_builder_area=\u00bbpost_content\u00bb hover_enabled=\u00bb0&#8243; sticky_enabled=\u00bb0&#8243; open=\u00bboff\u00bb]<\/p>\n<p>Trabaja con un equipo galardonado y reconocido por la creaci\u00f3n de campa\u00f1as de Google Ads de alto rendimiento centradas en la calidad, la transparencia y los resultados a largo plazo \ud83e\udd1d<\/p>\n<p>[\/et_pb_accordion_item][\/et_pb_accordion][\/et_pb_column][\/et_pb_row][\/et_pb_section]<\/p>\n","protected":false},"excerpt":{"rendered":"<p>1 campa\u00f1a, hasta 15 palabras clave1 anuncio responsive1 optimizaci\u00f3n GRATUITA en los 30 d\u00edas siguientes al lanzamiento 7 d\u00edas deentregaConfiguraci\u00f3n de la cuenta1 sugerencia1 sugerencia de segmentaci\u00f3n de la audiencia3 extensiones de anunciosControl de calidad de la campa\u00f1a1 campa\u00f1a, hasta 30 palabras clave2 anuncios responsive1 optimizaci\u00f3n GRATUITA en los 30 d\u00edas siguientes al lanzamiento 6 [&hellip;]<\/p>\n","protected":false},"author":1,"featured_media":0,"parent":0,"menu_order":0,"comment_status":"closed","ping_status":"closed","template":"","meta":{"_seopress_robots_primary_cat":"","_seopress_titles_title":"Servicios de gesti\u00f3n de campa\u00f1as de Google Ads","_seopress_titles_desc":"Servicios profesionales de gesti\u00f3n de campa\u00f1as de Google Ads centrados en la estrategia, la optimizaci\u00f3n y el crecimiento medible para tu negocio.","_seopress_robots_index":"","_et_pb_use_builder":"on","_et_pb_old_content":"","_et_gb_content_width":"","footnotes":""},"class_list":["post-4649","page","type-page","status-publish","hentry"],"jetpack_sharing_enabled":true,"_links":{"self":[{"href":"https:\/\/www.buygoogleadsaccount.com\/es\/wp-json\/wp\/v2\/pages\/4649","targetHints":{"allow":["GET"]}}],"collection":[{"href":"https:\/\/www.buygoogleadsaccount.com\/es\/wp-json\/wp\/v2\/pages"}],"about":[{"href":"https:\/\/www.buygoogleadsaccount.com\/es\/wp-json\/wp\/v2\/types\/page"}],"author":[{"embeddable":true,"href":"https:\/\/www.buygoogleadsaccount.com\/es\/wp-json\/wp\/v2\/users\/1"}],"replies":[{"embeddable":true,"href":"https:\/\/www.buygoogleadsaccount.com\/es\/wp-json\/wp\/v2\/comments?post=4649"}],"version-history":[{"count":2,"href":"https:\/\/www.buygoogleadsaccount.com\/es\/wp-json\/wp\/v2\/pages\/4649\/revisions"}],"predecessor-version":[{"id":4651,"href":"https:\/\/www.buygoogleadsaccount.com\/es\/wp-json\/wp\/v2\/pages\/4649\/revisions\/4651"}],"wp:attachment":[{"href":"https:\/\/www.buygoogleadsaccount.com\/es\/wp-json\/wp\/v2\/media?parent=4649"}],"curies":[{"name":"wp","href":"https:\/\/api.w.org\/{rel}","templated":true}]}}