{"id":4903,"date":"2026-03-25T14:24:18","date_gmt":"2026-03-25T11:24:18","guid":{"rendered":"https:\/\/www.buygoogleadsaccount.com\/los-anuncios-de-google-verifican\/"},"modified":"2026-04-01T13:09:07","modified_gmt":"2026-04-01T10:09:07","slug":"los-anuncios-de-google-verifican","status":"publish","type":"page","link":"https:\/\/www.buygoogleadsaccount.com\/es\/los-anuncios-de-google-verifican\/","title":{"rendered":"Los anuncios de Google verifican"},"content":{"rendered":"<p>[et_pb_section fb_built=\u00bb1&#8243; _builder_version=\u00bb4.27.4&#8243; _module_preset=\u00bbdefault\u00bb global_colors_info=\u00bb{}\u00bb][et_pb_row _builder_version=\u00bb4.27.4&#8243; _module_preset=\u00bbdefault\u00bb min_height=\u00bb72px\u00bb custom_margin=\u00bb-11px|auto||auto||\u00bb global_colors_info=\u00bb{}\u00bb][et_pb_column type=\u00bb4_4&#8243; _builder_version=\u00bb4.27.4&#8243; _module_preset=\u00bbdefault\u00bb global_colors_info=\u00bb{}\u00bb][et_pb_heading title=\u00bbVERIFICACI\u00d3N DE GOOGLE ADS\u00bb _builder_version=\u00bb4.27.4&#8243; _module_preset=\u00bbdefault\u00bb title_font=\u00bb|600|||||||\u00bb title_text_align=\u00bbcenter\u00bb title_text_color=\u00bb#0C71C3&#8243; title_font_size=\u00bb35px\u00bb min_height=\u00bb22px\u00bb global_colors_info=\u00bb{}\u00bb][\/et_pb_heading][\/et_pb_column][\/et_pb_row][et_pb_row column_structure=\u00bb1_2,1_2&#8243; _builder_version=\u00bb4.27.4&#8243; _module_preset=\u00bbdefault\u00bb global_colors_info=\u00bb{}\u00bb][et_pb_column type=\u00bb1_2&#8243; _builder_version=\u00bb4.27.4&#8243; _module_preset=\u00bbdefault\u00bb global_colors_info=\u00bb{}\u00bb][et_pb_pricing_tables _builder_version=\u00bb4.27.4&#8243; _module_preset=\u00bbdefault\u00bb global_colors_info=\u00bb{}\u00bb][et_pb_pricing_table title=\u00bbServicio de verificaci\u00f3n de empresas de Google Ads\u00bb subtitle=\u00bbEleva tu juego publicitario\u00bb currency=\u00bb$\u00bb sum=\u00bb150&#8243; button_url=\u00bbhttps:\/\/t.me\/adsalexaccs\u00bb url_new_window=\u00bbon\u00bb button_text=\u00bbVerif\u00edcate hoy\u00bb _builder_version=\u00bb4.27.4&#8243; _module_preset=\u00bbdefault\u00bb link_option_url_new_window=\u00bbon\u00bb global_colors_info=\u00bb{}\u00bb sticky_transition=\u00bbon\u00bb]<\/p>\n<h2 data-section-id=\"uxf01n\" data-start=\"200\" data-end=\"251\">Verificaci\u00f3n r\u00e1pida y fiable de empresas en Google Ads<\/h2>\n<p data-start=\"253\" data-end=\"378\">Ayudamos a las empresas a completar con \u00e9xito <strong data-start=\"294\" data-end=\"330\">la verificaci\u00f3n de empresas de Google Ads<\/strong> y a obtener la aprobaci\u00f3n de sus cuentas sin retrasos.<\/p>\n<p data-start=\"253\" data-end=\"378\">\n<p data-start=\"380\" data-end=\"556\">Si tu cuenta de Google Ads est\u00e1 restringida o requiere verificaci\u00f3n, nuestro equipo te ofrece asistencia completa para guiarte en el proceso y garantizar el cumplimiento de las pol\u00edticas de Google.<\/p>\n<p>[\/et_pb_pricing_table][\/et_pb_pricing_tables][\/et_pb_column][et_pb_column type=\u00bb1_2&#8243; _builder_version=\u00bb4.27.4&#8243; _module_preset=\u00bbdefault\u00bb global_colors_info=\u00bb{}\u00bb][et_pb_pricing_tables _builder_version=\u00bb4.27.4&#8243; _module_preset=\u00bbdefault\u00bb link_option_url_new_window=\u00bbon\u00bb global_colors_info=\u00bb{}\u00bb][et_pb_pricing_table title=\u00bbVerificaci\u00f3n de identidad en Google Ads\u00bb subtitle=\u00bbAsegura tu experiencia publicitaria\u00bb currency=\u00bb$\u00bb sum=\u00bb70&#8243; button_url=\u00bbhttps:\/\/t.me\/adsalexaccs\u00bb url_new_window=\u00bbon\u00bb button_text=\u00bbVerif\u00edcate hoy\u00bb _builder_version=\u00bb4.27.4&#8243; _module_preset=\u00bbdefault\u00bb link_option_url_new_window=\u00bbon\u00bb global_colors_info=\u00bb{}\u00bb sticky_transition=\u00bbon\u00bb]<\/p>\n<h2 data-section-id=\"ctflb8\" data-start=\"192\" data-end=\"241\">Verificaci\u00f3n r\u00e1pida y segura de la identidad en Google Ads<\/h2>\n<p data-start=\"243\" data-end=\"386\">Ayudamos a particulares y empresas a completar con \u00e9xito la <strong data-start=\"300\" data-end=\"336\">verificaci\u00f3n de identidad de Google Ads<\/strong> y a mantener sus cuentas publicitarias totalmente activas.<\/p>\n<p data-start=\"243\" data-end=\"386\">Si tu cuenta est\u00e1 siendo revisada o restringida debido a requisitos de verificaci\u00f3n de identidad, nuestro equipo te guiar\u00e1 en cada paso del proceso.<\/p>\n<p>[\/et_pb_pricing_table][\/et_pb_pricing_tables][\/et_pb_column][\/et_pb_row][et_pb_row _builder_version=\u00bb4.27.4&#8243; _module_preset=\u00bbdefault\u00bb global_colors_info=\u00bb{}\u00bb][et_pb_column type=\u00bb4_4&#8243; _builder_version=\u00bb4.27.4&#8243; _module_preset=\u00bbdefault\u00bb global_colors_info=\u00bb{}\u00bb][et_pb_heading title=\u00bbVerificaci\u00f3n de Google Ads Business \ud83c\udfe2\u00bb _builder_version=\u00bb4.27.4&#8243; _module_preset=\u00bbdefault\u00bb title_level=\u00bbh2&#8243; global_colors_info=\u00bb{}\u00bb][\/et_pb_heading][\/et_pb_column][\/et_pb_row][et_pb_row _builder_version=\u00bb4.27.4&#8243; _module_preset=\u00bbdefault\u00bb custom_margin=\u00bb-13px|auto||auto||\u00bb global_colors_info=\u00bb{}\u00bb][et_pb_column type=\u00bb4_4&#8243; _builder_version=\u00bb4.27.4&#8243; _module_preset=\u00bbdefault\u00bb global_colors_info=\u00bb{}\u00bb][et_pb_text _builder_version=\u00bb4.27.4&#8243; _module_preset=\u00bbdefault\u00bb custom_margin=\u00bb-35px|||||\u00bb global_colors_info=\u00bb{}\u00bb]<\/p>\n<p>Ayudamos a las empresas a prepararse para la verificaci\u00f3n de Google Ads Business, lo que incluye comprobar los datos de la cuenta, la informaci\u00f3n de facturaci\u00f3n y la coherencia de los documentos. Una preparaci\u00f3n adecuada reduce los errores y facilita el proceso. <\/p>\n<p>[\/et_pb_text][\/et_pb_column][\/et_pb_row][et_pb_row _builder_version=\u00bb4.27.4&#8243; _module_preset=\u00bbdefault\u00bb global_colors_info=\u00bb{}\u00bb][et_pb_column type=\u00bb4_4&#8243; _builder_version=\u00bb4.27.4&#8243; _module_preset=\u00bbdefault\u00bb global_colors_info=\u00bb{}\u00bb][et_pb_heading title=\u00bbC\u00f3mo pasar la verificaci\u00f3n de Google ads Business \u2699\ufe0f\u00bb _builder_version=\u00bb4.27.4&#8243; _module_preset=\u00bbdefault\u00bb title_level=\u00bbh2&#8243; custom_margin=\u00bb-22px|||||\u00bb global_colors_info=\u00bb{}\u00bb][\/et_pb_heading][\/et_pb_column][\/et_pb_row][et_pb_row _builder_version=\u00bb4.27.4&#8243; _module_preset=\u00bbdefault\u00bb custom_margin=\u00bb-14px|auto||auto||\u00bb global_colors_info=\u00bb{}\u00bb][et_pb_column type=\u00bb4_4&#8243; _builder_version=\u00bb4.27.4&#8243; _module_preset=\u00bbdefault\u00bb global_colors_info=\u00bb{}\u00bb][et_pb_text _builder_version=\u00bb4.27.4&#8243; _module_preset=\u00bbdefault\u00bb custom_margin=\u00bb-38px|||||\u00bb global_colors_info=\u00bb{}\u00bb]<\/p>\n<p>Para superar con \u00e9xito la verificaci\u00f3n, todos los datos de la cuenta deben coincidir con tus documentos oficiales. El nombre de la empresa, el perfil de facturaci\u00f3n y los datos presentados deben ser precisos y coherentes. Una cuenta bien preparada te da muchas m\u00e1s posibilidades de completar la verificaci\u00f3n sin retrasos \ud83d\ude80.  <\/p>\n<p>[\/et_pb_text][\/et_pb_column][\/et_pb_row][et_pb_row _builder_version=\u00bb4.27.4&#8243; _module_preset=\u00bbdefault\u00bb global_colors_info=\u00bb{}\u00bb][et_pb_column type=\u00bb4_4&#8243; _builder_version=\u00bb4.27.4&#8243; _module_preset=\u00bbdefault\u00bb global_colors_info=\u00bb{}\u00bb][et_pb_heading title=\u00bbVerificaci\u00f3n de anuncios de Google \ud83d\udd0d\u00bb _builder_version=\u00bb4.27.4&#8243; _module_preset=\u00bbdefault\u00bb title_level=\u00bbh3&#8243; custom_margin=\u00bb-24px|||||\u00bb global_colors_info=\u00bb{}\u00bb][\/et_pb_heading][\/et_pb_column][\/et_pb_row][et_pb_row _builder_version=\u00bb4.27.4&#8243; _module_preset=\u00bbdefault\u00bb global_colors_info=\u00bb{}\u00bb][et_pb_column type=\u00bb4_4&#8243; _builder_version=\u00bb4.27.4&#8243; _module_preset=\u00bbdefault\u00bb global_colors_info=\u00bb{}\u00bb][et_pb_text _builder_version=\u00bb4.27.4&#8243; _module_preset=\u00bbdefault\u00bb custom_margin=\u00bb-54px|||||\u00bb global_colors_info=\u00bb{}\u00bb]<\/p>\n<p>La verificaci\u00f3n de anuncios de Google puede aplicarse tanto a empresas como a particulares. Ayudamos a revisar la cuenta antes de enviarla, identificamos posibles problemas y guiamos el proceso paso a paso. Esto ayuda a evitar errores comunes y mantiene todo organizado.  <\/p>\n<p>[\/et_pb_text][\/et_pb_column][\/et_pb_row][et_pb_row _builder_version=\u00bb4.27.4&#8243; _module_preset=\u00bbdefault\u00bb global_colors_info=\u00bb{}\u00bb][et_pb_column type=\u00bb4_4&#8243; _builder_version=\u00bb4.27.4&#8243; _module_preset=\u00bbdefault\u00bb global_colors_info=\u00bb{}\u00bb][et_pb_heading title=\u00bbVerificaci\u00f3n para cuentas de google ads \ud83d\udcc4\u00bb _builder_version=\u00bb4.27.4&#8243; _module_preset=\u00bbdefault\u00bb title_level=\u00bbh3&#8243; custom_margin=\u00bb-48px|||||\u00bb custom_padding=\u00bb11px|||||\u00bb global_colors_info=\u00bb{}\u00bb][\/et_pb_heading][\/et_pb_column][\/et_pb_row][et_pb_row _builder_version=\u00bb4.27.4&#8243; _module_preset=\u00bbdefault\u00bb global_colors_info=\u00bb{}\u00bb][et_pb_column type=\u00bb4_4&#8243; _builder_version=\u00bb4.27.4&#8243; _module_preset=\u00bbdefault\u00bb global_colors_info=\u00bb{}\u00bb][et_pb_text _builder_version=\u00bb4.27.4&#8243; _module_preset=\u00bbdefault\u00bb custom_margin=\u00bb-77px|||||\u00bb custom_padding=\u00bb21px||0px|||\u00bb global_colors_info=\u00bb{}\u00bb]<\/p>\n<p>Ofrecemos ayuda con la verificaci\u00f3n de cuentas de google ads tanto para personas jur\u00eddicas como para particulares. Tanto si necesitas ayuda con la verificaci\u00f3n empresarial como con la verificaci\u00f3n de la identidad personal, te ayudamos a preparar la cuenta correctamente y a avanzar en el proceso con confianza. <\/p>\n<p>[\/et_pb_text][et_pb_heading title=\u00bb\u00bfNecesitas ayuda con la verificaci\u00f3n de Google Ads? \ud83d\udcbc\u00bb _builder_version=\u00bb4.27.4&#8243; _module_preset=\u00bbdefault\u00bb title_level=\u00bbh3&#8243; min_height=\u00bb47px\u00bb custom_margin=\u00bb8px||16px|||\u00bb custom_padding=\u00bb8px|||||\u00bb global_colors_info=\u00bb{}\u00bb][\/et_pb_heading][\/et_pb_column][\/et_pb_row][et_pb_row _builder_version=\u00bb4.27.4&#8243; _module_preset=\u00bbdefault\u00bb global_colors_info=\u00bb{}\u00bb][et_pb_column type=\u00bb4_4&#8243; _builder_version=\u00bb4.27.4&#8243; _module_preset=\u00bbdefault\u00bb global_colors_info=\u00bb{}\u00bb][et_pb_text _builder_version=\u00bb4.27.4&#8243; _module_preset=\u00bbdefault\u00bb custom_margin=\u00bb-75px|||||\u00bb custom_padding=\u00bb3px|||||\u00bb global_colors_info=\u00bb{}\u00bb]<\/p>\n<p>Estamos preparados para ayudarte con la verificaci\u00f3n empresarial, la verificaci\u00f3n de identidad, la revisi\u00f3n de cuentas y la preparaci\u00f3n de documentos. Si quieres completar el proceso m\u00e1s r\u00e1pidamente y con menos riesgos, podemos ayudarte. <\/p>\n<p>[\/et_pb_text][\/et_pb_column][\/et_pb_row][et_pb_row _builder_version=\u00bb4.27.4&#8243; _module_preset=\u00bbdefault\u00bb global_colors_info=\u00bb{}\u00bb][et_pb_column type=\u00bb4_4&#8243; _builder_version=\u00bb4.27.4&#8243; _module_preset=\u00bbdefault\u00bb global_colors_info=\u00bb{}\u00bb][et_pb_heading title=\u00bb\ud83d\udc47Evita la suspensi\u00f3n de la cuenta y mant\u00e9n tus anuncios en funcionamiento sin interrupciones.\ud83d\udc47\u00bb _builder_version=\u00bb4.27.4&#8243; _module_preset=\u00bbdefault\u00bb title_level=\u00bbh3&#8243; title_text_align=\u00bbcenter\u00bb custom_margin=\u00bb-12px|||||\u00bb custom_padding=\u00bb0px|||||\u00bb global_colors_info=\u00bb{}\u00bb][\/et_pb_heading][\/et_pb_column][\/et_pb_row][et_pb_row column_structure=\u00bb1_2,1_2&#8243; _builder_version=\u00bb4.27.4&#8243; _module_preset=\u00bbdefault\u00bb custom_margin=\u00bb-14px|auto||auto||\u00bb global_colors_info=\u00bb{}\u00bb][et_pb_column type=\u00bb1_2&#8243; _builder_version=\u00bb4.27.4&#8243; _module_preset=\u00bbdefault\u00bb global_colors_info=\u00bb{}\u00bb][et_pb_button button_url=\u00bbhttps:\/\/t.me\/adsalexaccs\u00bb button_text=\u00bbTelegrama\u00bb button_alignment=\u00bbcenter\u00bb _builder_version=\u00bb4.27.4&#8243; _module_preset=\u00bbdefault\u00bb z_index=\u00bb150&#8243; global_colors_info=\u00bb{}\u00bb][\/et_pb_button][\/et_pb_column][et_pb_column type=\u00bb1_2&#8243; _builder_version=\u00bb4.27.4&#8243; _module_preset=\u00bbdefault\u00bb global_colors_info=\u00bb{}\u00bb][et_pb_button button_url=\u00bbhttps:\/\/wa.me\/qr\/SDJ73ZYHV2CBK1&#8243; button_text=\u00bbWhatsApp\u00bb button_alignment=\u00bbcenter\u00bb _builder_version=\u00bb4.27.4&#8243; _module_preset=\u00bbdefault\u00bb custom_button=\u00bbon\u00bb button_text_color=\u00bb#178939&#8243; global_colors_info=\u00bb{}\u00bb][\/et_pb_button][\/et_pb_column][\/et_pb_row][et_pb_row _builder_version=\u00bb4.27.4&#8243; _module_preset=\u00bbdefault\u00bb custom_margin=\u00bb-42px|auto||auto||\u00bb global_colors_info=\u00bb{}\u00bb][et_pb_column type=\u00bb4_4&#8243; _builder_version=\u00bb4.27.4&#8243; _module_preset=\u00bbdefault\u00bb global_colors_info=\u00bb{}\u00bb][et_pb_gallery gallery_ids=\u00bb4255,4263,4271,4279&#8243; _builder_version=\u00bb4.27.4&#8243; _module_preset=\u00bbdefault\u00bb title_level=\u00bbh5&#8243; min_height=\u00bb175.1px\u00bb custom_margin=\u00bb44px|||||\u00bb global_colors_info=\u00bb{}\u00bb][\/et_pb_gallery][\/et_pb_column][\/et_pb_row][\/et_pb_section]<\/p>\n","protected":false},"excerpt":{"rendered":"<p>Verificaci\u00f3n r\u00e1pida y fiable de empresas en Google Ads Ayudamos a las empresas a completar con \u00e9xito la verificaci\u00f3n de empresas de Google Ads y a obtener la aprobaci\u00f3n de sus cuentas sin retrasos. Si tu cuenta de Google Ads est\u00e1 restringida o requiere verificaci\u00f3n, nuestro equipo te ofrece asistencia completa para guiarte en el [&hellip;]<\/p>\n","protected":false},"author":4,"featured_media":0,"parent":0,"menu_order":0,"comment_status":"closed","ping_status":"closed","template":"","meta":{"_seopress_robots_primary_cat":"","_seopress_titles_title":"Los anuncios de Google verifican","_seopress_titles_desc":"Ayudamos con la verificaci\u00f3n de Google Ads Business y la verificaci\u00f3n de identidad para empresas y particulares. Asistencia r\u00e1pida con documentos, comprobaci\u00f3n de cuentas y proceso de verificaci\u00f3n. ","_seopress_robots_index":"","_et_pb_use_builder":"on","_et_pb_old_content":"","_et_gb_content_width":"","footnotes":""},"class_list":["post-4903","page","type-page","status-publish","hentry"],"jetpack_sharing_enabled":true,"_links":{"self":[{"href":"https:\/\/www.buygoogleadsaccount.com\/es\/wp-json\/wp\/v2\/pages\/4903","targetHints":{"allow":["GET"]}}],"collection":[{"href":"https:\/\/www.buygoogleadsaccount.com\/es\/wp-json\/wp\/v2\/pages"}],"about":[{"href":"https:\/\/www.buygoogleadsaccount.com\/es\/wp-json\/wp\/v2\/types\/page"}],"author":[{"embeddable":true,"href":"https:\/\/www.buygoogleadsaccount.com\/es\/wp-json\/wp\/v2\/users\/4"}],"replies":[{"embeddable":true,"href":"https:\/\/www.buygoogleadsaccount.com\/es\/wp-json\/wp\/v2\/comments?post=4903"}],"version-history":[{"count":7,"href":"https:\/\/www.buygoogleadsaccount.com\/es\/wp-json\/wp\/v2\/pages\/4903\/revisions"}],"predecessor-version":[{"id":4918,"href":"https:\/\/www.buygoogleadsaccount.com\/es\/wp-json\/wp\/v2\/pages\/4903\/revisions\/4918"}],"wp:attachment":[{"href":"https:\/\/www.buygoogleadsaccount.com\/es\/wp-json\/wp\/v2\/media?parent=4903"}],"curies":[{"name":"wp","href":"https:\/\/api.w.org\/{rel}","templated":true}]}}