{"id":5001,"date":"2026-03-27T16:04:52","date_gmt":"2026-03-27T13:04:52","guid":{"rendered":"https:\/\/www.buygoogleadsaccount.com\/perfil-de-pagos-google\/"},"modified":"2026-04-01T13:15:23","modified_gmt":"2026-04-01T10:15:23","slug":"perfil-de-pagos-google","status":"publish","type":"page","link":"https:\/\/www.buygoogleadsaccount.com\/es\/perfil-de-pagos-google\/","title":{"rendered":"Perfil de pagos google"},"content":{"rendered":"<p>[et_pb_section fb_built=\u00bb1&#8243; _builder_version=\u00bb4.27.4&#8243; _module_preset=\u00bbdefault\u00bb global_colors_info=\u00bb{}\u00bb][et_pb_row _builder_version=\u00bb4.27.4&#8243; _module_preset=\u00bbdefault\u00bb global_colors_info=\u00bb{}\u00bb][et_pb_column type=\u00bb4_4&#8243; _builder_version=\u00bb4.27.4&#8243; _module_preset=\u00bbdefault\u00bb global_colors_info=\u00bb{}\u00bb][et_pb_heading title=\u00bbPerfil de pagos google\u00bb _builder_version=\u00bb4.27.4&#8243; _module_preset=\u00bbdefault\u00bb title_text_align=\u00bbcenter\u00bb title_text_color=\u00bb#0fb3ff\u00bb title_font_size=\u00bb45px\u00bb custom_margin=\u00bb||65px|||\u00bb global_colors_info=\u00bb{}\u00bb custom_padding=\u00bb||11px|||\u00bb][\/et_pb_heading][et_pb_image src=\u00bbhttps:\/\/www.buygoogleadsaccount.com\/wp-content\/uploads\/2026\/04\/ChatGPT-Image-1-apr.2026-g.10_51_30-1-1-.png\u00bb _builder_version=\u00bb4.27.4&#8243; _module_preset=\u00bbdefault\u00bb title_text=\u00bbChatGPT Imagen 1 \u0430\u043f\u0440. 2026 \u0433., 10_51_30 (1) (1)\u00bb hover_enabled=\u00bb0&#8243; sticky_enabled=\u00bb0&#8243; custom_padding=\u00bb||0px|||\u00bb custom_margin=\u00bb-68px|||||\u00bb][\/et_pb_image][et_pb_text _builder_version=\u00bb4.27.4&#8243; _module_preset=\u00bbdefault\u00bb global_colors_info=\u00bb{}\u00bb]<\/p>\n<p><strong>Ayudamos a vincular tarjeta de cualquier pa\u00eds, tambi\u00e9n para clientes que gastan m\u00e1s de 10k$+ podemos ofrecer cuentas vinculadas con l\u00ednea de cr\u00e9dito \ud83c\udf0d\ud83d\udcb3<\/strong><\/p>\n<p><em><span style=\"font-weight: 400;\">Esta oferta si gastas 10k+ $ en un mes.  <\/span><\/em><\/p>\n<p><em><span style=\"font-weight: 400;\"><\/span><\/em><\/p>\n<ul>\n<li><span style=\"font-weight: 400;\"><span style=\"color: #0000ff;\">Para las ofertas de WH es 0 % s\u00f3lo alquilar 50$ en una semana <\/span>\u2705<\/span><\/li>\n<li><span style=\"font-weight: 400;\"><span style=\"color: #0000ff;\">Para BH ofrece 100$ en una semana + 7% de comisi\u00f3n de los pagos<\/span> \ud83d\udcc5<\/span><\/li>\n<\/ul>\n<p>[\/et_pb_text][et_pb_heading title=\u00bbPerfil de pago de Google \ud83c\udf0d\u00bb _builder_version=\u00bb4.27.4&#8243; _module_preset=\u00bbdefault\u00bb title_level=\u00bbh2&#8243; custom_margin=\u00bb-9px|||||\u00bb global_colors_info=\u00bb{}\u00bb][\/et_pb_heading][et_pb_text _builder_version=\u00bb4.27.4&#8243; _module_preset=\u00bbdefault\u00bb custom_margin=\u00bb-23px|||||\u00bb global_colors_info=\u00bb{}\u00bb]<\/p>\n<p>Una configuraci\u00f3n adecuada del perfil de pagos de Google ayuda a los anunciantes a gestionar la facturaci\u00f3n con menos retrasos \u23f3 y menos problemas relacionados con los pagos \u26a0\ufe0f. Ayudamos a los clientes con la configuraci\u00f3n del perfil de pagos de Google Ads , las actualizaciones del m\u00e9todo de pago \ud83d\udd04, y una preparaci\u00f3n de la cuenta m\u00e1s fluida para el lanzamiento de campa\u00f1as \ud83d\ude80. Este servicio es especialmente \u00fatil para equipos que necesitan flujos de trabajo de facturaci\u00f3n estables , una configuraci\u00f3n fiable y operaciones publicitarias m\u00e1s predecibles \ud83c\udfaf.  <\/p>\n<p>[\/et_pb_text][\/et_pb_column][\/et_pb_row][et_pb_row _builder_version=\u00bb4.27.4&#8243; _module_preset=\u00bbdefault\u00bb global_colors_info=\u00bb{}\u00bb][et_pb_column type=\u00bb4_4&#8243; _builder_version=\u00bb4.27.4&#8243; _module_preset=\u00bbdefault\u00bb global_colors_info=\u00bb{}\u00bb][et_pb_heading title=\u00bbLos anuncios de Google a\u00f1aden tarjeta de cr\u00e9dito \ud83d\udcb3\u00bb _builder_version=\u00bb4.27.4&#8243; _module_preset=\u00bbdefault\u00bb title_level=\u00bbh2&#8243; custom_margin=\u00bb-13px||18px|||\u00bb global_colors_info=\u00bb{}\u00bb][\/et_pb_heading][et_pb_text _builder_version=\u00bb4.27.4&#8243; _module_preset=\u00bbdefault\u00bb custom_margin=\u00bb-10px|||||\u00bb custom_padding=\u00bb0px|||||\u00bb global_colors_info=\u00bb{}\u00bb]<\/p>\n<p>Si necesitas a\u00f1adir una tarjeta de cr\u00e9dito a Google Ads, el proceso debe hacerse con cuidado para evitar problemas de facturaci\u00f3n \ud83d\udeab o retrasos relacionados con la verificaci\u00f3n \u23f1\ufe0f. Ayudamos a los clientes a actualizar los m\u00e9todos de pago \ud83d\udd04, a conectar correctamente las tarjetas y a preparar las cuentas para lanzar campa\u00f1as sin problemas . Esto es \u00fatil para los anunciantes que quieren una configuraci\u00f3n de facturaci\u00f3n \u26a1 m\u00e1s r\u00e1pida, una gesti\u00f3n de pagos m\u00e1s limpia y menos problemas durante las primeras etapas de la entrega de anuncios \ud83d\udce3.  <\/p>\n<p>[\/et_pb_text][\/et_pb_column][\/et_pb_row][et_pb_row _builder_version=\u00bb4.27.4&#8243; _module_preset=\u00bbdefault\u00bb global_colors_info=\u00bb{}\u00bb][et_pb_column type=\u00bb4_4&#8243; _builder_version=\u00bb4.27.4&#8243; _module_preset=\u00bbdefault\u00bb global_colors_info=\u00bb{}\u00bb][et_pb_heading title=\u00bbL\u00ednea de cr\u00e9dito de anuncios de Google \ud83d\udcc8\u00bb _builder_version=\u00bb4.27.4&#8243; _module_preset=\u00bbdefault\u00bb title_level=\u00bbh3&#8243; custom_margin=\u00bb-9px|||||\u00bb global_colors_info=\u00bb{}\u00bb][\/et_pb_heading][\/et_pb_column][\/et_pb_row][et_pb_row _builder_version=\u00bb4.27.4&#8243; _module_preset=\u00bbdefault\u00bb global_colors_info=\u00bb{}\u00bb][et_pb_column type=\u00bb4_4&#8243; _builder_version=\u00bb4.27.4&#8243; _module_preset=\u00bbdefault\u00bb global_colors_info=\u00bb{}\u00bb][et_pb_text _builder_version=\u00bb4.27.4&#8243; _module_preset=\u00bbdefault\u00bb custom_margin=\u00bb-43px|||||\u00bb custom_padding=\u00bb0px|||||\u00bb global_colors_info=\u00bb{}\u00bb]<\/p>\n<p>Una soluci\u00f3n de l\u00ednea de cr\u00e9dito de Google Ads puede ser relevante para los anunciantes que gestionan un gasto mensual mayor \ud83d\udcb0 y buscan una estructura de facturaci\u00f3n m\u00e1s flexible \ud83d\udd04. Ayudamos a las empresas a comprender c\u00f3mo una configuraci\u00f3n de l\u00ednea de cr\u00e9dito de Google Ads puede respaldar las operaciones de campa\u00f1a en curso y una gesti\u00f3n de pagos m\u00e1s c\u00f3moda \ud83e\udde9. Este tipo de soluci\u00f3n suele ser m\u00e1s relevante para equipos que necesitan estabilidad, escala y una facturaci\u00f3n predecible de la cuenta \ud83d\udccc.  <\/p>\n<p>[\/et_pb_text][\/et_pb_column][\/et_pb_row][et_pb_row _builder_version=\u00bb4.27.4&#8243; _module_preset=\u00bbdefault\u00bb global_colors_info=\u00bb{}\u00bb][et_pb_column type=\u00bb4_4&#8243; _builder_version=\u00bb4.27.4&#8243; _module_preset=\u00bbdefault\u00bb global_colors_info=\u00bb{}\u00bb][et_pb_heading title=\u00bbCONTACTA CON UN GESTOR \ud83d\udc47\u00bb _builder_version=\u00bb4.27.4&#8243; _module_preset=\u00bbdefault\u00bb title_level=\u00bbh4&#8243; title_text_align=\u00bbcenter\u00bb title_text_color=\u00bb#0f8fff\u00bb title_font_size=\u00bb35px\u00bb global_colors_info=\u00bb{}\u00bb][\/et_pb_heading][\/et_pb_column][\/et_pb_row][et_pb_row column_structure=\u00bb1_2,1_2&#8243; _builder_version=\u00bb4.27.4&#8243; _module_preset=\u00bbdefault\u00bb global_colors_info=\u00bb{}\u00bb][et_pb_column type=\u00bb1_2&#8243; _builder_version=\u00bb4.27.4&#8243; _module_preset=\u00bbdefault\u00bb global_colors_info=\u00bb{}\u00bb][et_pb_button button_url=\u00bbhttps:\/\/t.me\/adsalexaccs\u00bb button_text=\u00bbTelegrama\u00bb button_alignment=\u00bbcenter\u00bb _builder_version=\u00bb4.27.4&#8243; _module_preset=\u00bbdefault\u00bb z_index=\u00bb150&#8243; global_colors_info=\u00bb{}\u00bb][\/et_pb_button][\/et_pb_column][et_pb_column type=\u00bb1_2&#8243; _builder_version=\u00bb4.27.4&#8243; _module_preset=\u00bbdefault\u00bb global_colors_info=\u00bb{}\u00bb][et_pb_button button_url=\u00bbhttps:\/\/wa.me\/qr\/SDJ73ZYHV2CBK1&#8243; button_text=\u00bbWhatsApp\u00bb button_alignment=\u00bbcenter\u00bb _builder_version=\u00bb4.27.4&#8243; _module_preset=\u00bbdefault\u00bb custom_button=\u00bbon\u00bb button_text_color=\u00bb#178939&#8243; global_colors_info=\u00bb{}\u00bb][\/et_pb_button][\/et_pb_column][\/et_pb_row][\/et_pb_section]<\/p>\n","protected":false},"excerpt":{"rendered":"<p>Ayudamos a vincular tarjeta de cualquier pa\u00eds, tambi\u00e9n para clientes que gastan m\u00e1s de 10k$+ podemos ofrecer cuentas vinculadas con l\u00ednea de cr\u00e9dito \ud83c\udf0d\ud83d\udcb3 Esta oferta si gastas 10k+ $ en un mes. Para las ofertas de WH es 0 % s\u00f3lo alquilar 50$ en una semana \u2705 Para BH ofrece 100$ en una semana [&hellip;]<\/p>\n","protected":false},"author":4,"featured_media":0,"parent":0,"menu_order":0,"comment_status":"closed","ping_status":"closed","template":"","meta":{"_seopress_robots_primary_cat":"","_seopress_titles_title":"Perfil de pagos google","_seopress_titles_desc":"Ayudamos a vincular tarjetas de cualquier pa\u00eds, tambi\u00e9n para clientes que gastan m\u00e1s de 10k$+ podemos ofrecer cuentas vinculadas con l\u00ednea de cr\u00e9dito.","_seopress_robots_index":"","_et_pb_use_builder":"on","_et_pb_old_content":"","_et_gb_content_width":"","footnotes":""},"class_list":["post-5001","page","type-page","status-publish","hentry"],"jetpack_sharing_enabled":true,"_links":{"self":[{"href":"https:\/\/www.buygoogleadsaccount.com\/es\/wp-json\/wp\/v2\/pages\/5001","targetHints":{"allow":["GET"]}}],"collection":[{"href":"https:\/\/www.buygoogleadsaccount.com\/es\/wp-json\/wp\/v2\/pages"}],"about":[{"href":"https:\/\/www.buygoogleadsaccount.com\/es\/wp-json\/wp\/v2\/types\/page"}],"author":[{"embeddable":true,"href":"https:\/\/www.buygoogleadsaccount.com\/es\/wp-json\/wp\/v2\/users\/4"}],"replies":[{"embeddable":true,"href":"https:\/\/www.buygoogleadsaccount.com\/es\/wp-json\/wp\/v2\/comments?post=5001"}],"version-history":[{"count":2,"href":"https:\/\/www.buygoogleadsaccount.com\/es\/wp-json\/wp\/v2\/pages\/5001\/revisions"}],"predecessor-version":[{"id":5003,"href":"https:\/\/www.buygoogleadsaccount.com\/es\/wp-json\/wp\/v2\/pages\/5001\/revisions\/5003"}],"wp:attachment":[{"href":"https:\/\/www.buygoogleadsaccount.com\/es\/wp-json\/wp\/v2\/media?parent=5001"}],"curies":[{"name":"wp","href":"https:\/\/api.w.org\/{rel}","templated":true}]}}