{"id":1690,"date":"2026-02-21T22:09:36","date_gmt":"2026-02-21T19:09:36","guid":{"rendered":"https:\/\/www.buygoogleadsaccount.com\/product\/cuenta-de-google-ads-gastado-4500\/"},"modified":"2026-03-23T16:18:08","modified_gmt":"2026-03-23T13:18:08","slug":"cuenta-de-google-ads-gastado-4500","status":"publish","type":"product","link":"https:\/\/www.buygoogleadsaccount.com\/es\/product\/cuenta-de-google-ads-gastado-4500\/","title":{"rendered":"Cuenta de Google Ads &#8211; Gastado $4500"},"content":{"rendered":"<p>Historial de gastos: 4500 $<br \/>\nEdad: 2021<br \/>\nMoneda: USD<br \/>\nZona horaria: &#8211; 4<br \/>\nPerfil del pa\u00eds de pago: EE.UU.<br \/>\nTipo de pagos: Reiniciar<br \/>\nPuedes a\u00f1adir tarjeta de cr\u00e9dito<br \/>\nVerificado, acceso total para el perfil de pago<\/p>\n","protected":false},"excerpt":{"rendered":"<p>Historial de gastos: 4500 $ Edad: 2021 Moneda: USD Zona horaria: &#8211; 4 Perfil del pa\u00eds de pago: EE.UU. Tipo de pagos: Reiniciar Puedes a\u00f1adir tarjeta de cr\u00e9dito Verificado, acceso total para el perfil de pago<\/p>\n","protected":false},"featured_media":2592,"template":"","meta":{"_seopress_robots_primary_cat":"none","_seopress_titles_title":"","_seopress_titles_desc":"","_seopress_robots_index":"","_et_pb_use_builder":"off","_et_pb_old_content":"","_et_gb_content_width":""},"product_brand":[],"product_cat":[65],"product_tag":[],"class_list":{"0":"post-1690","1":"product","2":"type-product","3":"status-publish","4":"has-post-thumbnail","6":"product_cat-1k5kspending-sp","8":"first","9":"instock","10":"sold-individually","11":"purchasable","12":"product-type-simple"},"jetpack_sharing_enabled":true,"_links":{"self":[{"href":"https:\/\/www.buygoogleadsaccount.com\/es\/wp-json\/wp\/v2\/product\/1690","targetHints":{"allow":["GET"]}}],"collection":[{"href":"https:\/\/www.buygoogleadsaccount.com\/es\/wp-json\/wp\/v2\/product"}],"about":[{"href":"https:\/\/www.buygoogleadsaccount.com\/es\/wp-json\/wp\/v2\/types\/product"}],"wp:featuredmedia":[{"embeddable":true,"href":"https:\/\/www.buygoogleadsaccount.com\/es\/wp-json\/wp\/v2\/media\/2592"}],"wp:attachment":[{"href":"https:\/\/www.buygoogleadsaccount.com\/es\/wp-json\/wp\/v2\/media?parent=1690"}],"wp:term":[{"taxonomy":"product_brand","embeddable":true,"href":"https:\/\/www.buygoogleadsaccount.com\/es\/wp-json\/wp\/v2\/product_brand?post=1690"},{"taxonomy":"product_cat","embeddable":true,"href":"https:\/\/www.buygoogleadsaccount.com\/es\/wp-json\/wp\/v2\/product_cat?post=1690"},{"taxonomy":"product_tag","embeddable":true,"href":"https:\/\/www.buygoogleadsaccount.com\/es\/wp-json\/wp\/v2\/product_tag?post=1690"}],"curies":[{"name":"wp","href":"https:\/\/api.w.org\/{rel}","templated":true}]}}