{"id":1943,"date":"2026-03-04T17:26:30","date_gmt":"2026-03-04T14:26:30","guid":{"rendered":"https:\/\/www.buygoogleadsaccount.com\/product\/cuenta-google-ads-03-2026-ee-uu-2\/"},"modified":"2026-03-23T16:17:15","modified_gmt":"2026-03-23T13:17:15","slug":"cuenta-google-ads-03-2026-ee-uu-2","status":"publish","type":"product","link":"https:\/\/www.buygoogleadsaccount.com\/es\/product\/cuenta-google-ads-03-2026-ee-uu-2\/","title":{"rendered":"Cuenta Google Ads 03.2026 EE.UU."},"content":{"rendered":"<p>Cuenta de Google Ads desde 03.2026 USA<br \/>\nPa\u00eds de verificaci\u00f3n: Estados Unidos<br \/>\nMoneda de la cuenta: USD<br \/>\nZona horaria: &#8211; 5<br \/>\nPa\u00eds del perfil de pago: USA<br \/>\nTipo de pagos: \u0415nterprise<br \/>\nCuenta verificada, vender con acceso completo y todos los documentos.<\/p>\n","protected":false},"excerpt":{"rendered":"<p>Cuenta de Google Ads desde 03.2026 USA Pa\u00eds de verificaci\u00f3n: Estados Unidos Moneda de la cuenta: USD Zona horaria: &#8211; 5 Pa\u00eds del perfil de pago: USA Tipo de pagos: \u0415nterprise Cuenta verificada, vender con acceso completo y todos los documentos.<\/p>\n","protected":false},"featured_media":1962,"template":"","meta":{"_seopress_robots_primary_cat":"none","_seopress_titles_title":"","_seopress_titles_desc":"","_seopress_robots_index":"","_et_pb_use_builder":"","_et_pb_old_content":"","_et_gb_content_width":""},"product_brand":[],"product_cat":[231],"product_tag":[],"class_list":{"0":"post-1943","1":"product","2":"type-product","3":"status-publish","4":"has-post-thumbnail","6":"product_cat-farmed-accounts-sp","8":"first","9":"instock","10":"virtual","11":"purchasable","12":"product-type-simple"},"jetpack_sharing_enabled":true,"_links":{"self":[{"href":"https:\/\/www.buygoogleadsaccount.com\/es\/wp-json\/wp\/v2\/product\/1943","targetHints":{"allow":["GET"]}}],"collection":[{"href":"https:\/\/www.buygoogleadsaccount.com\/es\/wp-json\/wp\/v2\/product"}],"about":[{"href":"https:\/\/www.buygoogleadsaccount.com\/es\/wp-json\/wp\/v2\/types\/product"}],"wp:featuredmedia":[{"embeddable":true,"href":"https:\/\/www.buygoogleadsaccount.com\/es\/wp-json\/wp\/v2\/media\/1962"}],"wp:attachment":[{"href":"https:\/\/www.buygoogleadsaccount.com\/es\/wp-json\/wp\/v2\/media?parent=1943"}],"wp:term":[{"taxonomy":"product_brand","embeddable":true,"href":"https:\/\/www.buygoogleadsaccount.com\/es\/wp-json\/wp\/v2\/product_brand?post=1943"},{"taxonomy":"product_cat","embeddable":true,"href":"https:\/\/www.buygoogleadsaccount.com\/es\/wp-json\/wp\/v2\/product_cat?post=1943"},{"taxonomy":"product_tag","embeddable":true,"href":"https:\/\/www.buygoogleadsaccount.com\/es\/wp-json\/wp\/v2\/product_tag?post=1943"}],"curies":[{"name":"wp","href":"https:\/\/api.w.org\/{rel}","templated":true}]}}