{"id":3759,"date":"2026-03-17T15:13:15","date_gmt":"2026-03-17T12:13:15","guid":{"rendered":"https:\/\/www.buygoogleadsaccount.com\/product\/cuenta-google-ads-10-2024-09-2025-gastado-22-248\/"},"modified":"2026-03-23T16:05:40","modified_gmt":"2026-03-23T13:05:40","slug":"cuenta-google-ads-10-2024-09-2025-gastado-22-248","status":"publish","type":"product","link":"https:\/\/www.buygoogleadsaccount.com\/es\/product\/cuenta-google-ads-10-2024-09-2025-gastado-22-248\/","title":{"rendered":"Cuenta Google Ads 10.2024-09.2025 &#8211; Gastado 22.248"},"content":{"rendered":"<p>Historial de gastos: $22248<br \/>\nEdad: <span data-sheets-root=\"1\">10.2024-09.2025<\/span><br \/>\nMoneda de la cuenta: USD<br \/>\nZona horaria: +5<br \/>\nPa\u00eds del perfil de pago: PL<br \/>\nTipo de pagos: Empresa<br \/>\nPuede a\u00f1adir tarjeta de cr\u00e9dito<br \/>\nVerificado, acceso total para el perfil de pago<\/p>\n","protected":false},"excerpt":{"rendered":"<p>Historial de gastos: $22248 Edad: 10.2024-09.2025 Moneda de la cuenta: USD Zona horaria: +5 Pa\u00eds del perfil de pago: PL Tipo de pagos: Empresa Puede a\u00f1adir tarjeta de cr\u00e9dito Verificado, acceso total para el perfil de pago<\/p>\n","protected":false},"featured_media":3752,"template":"","meta":{"_seopress_robots_primary_cat":"none","_seopress_titles_title":"","_seopress_titles_desc":"","_seopress_robots_index":"","_et_pb_use_builder":"off","_et_pb_old_content":"","_et_gb_content_width":""},"product_brand":[],"product_cat":[91],"product_tag":[],"class_list":{"0":"post-3759","1":"product","2":"type-product","3":"status-publish","4":"has-post-thumbnail","6":"product_cat-20k500kspending-sp","8":"first","9":"instock","10":"virtual","11":"sold-individually","12":"purchasable","13":"product-type-simple"},"jetpack_sharing_enabled":true,"_links":{"self":[{"href":"https:\/\/www.buygoogleadsaccount.com\/es\/wp-json\/wp\/v2\/product\/3759","targetHints":{"allow":["GET"]}}],"collection":[{"href":"https:\/\/www.buygoogleadsaccount.com\/es\/wp-json\/wp\/v2\/product"}],"about":[{"href":"https:\/\/www.buygoogleadsaccount.com\/es\/wp-json\/wp\/v2\/types\/product"}],"wp:featuredmedia":[{"embeddable":true,"href":"https:\/\/www.buygoogleadsaccount.com\/es\/wp-json\/wp\/v2\/media\/3752"}],"wp:attachment":[{"href":"https:\/\/www.buygoogleadsaccount.com\/es\/wp-json\/wp\/v2\/media?parent=3759"}],"wp:term":[{"taxonomy":"product_brand","embeddable":true,"href":"https:\/\/www.buygoogleadsaccount.com\/es\/wp-json\/wp\/v2\/product_brand?post=3759"},{"taxonomy":"product_cat","embeddable":true,"href":"https:\/\/www.buygoogleadsaccount.com\/es\/wp-json\/wp\/v2\/product_cat?post=3759"},{"taxonomy":"product_tag","embeddable":true,"href":"https:\/\/www.buygoogleadsaccount.com\/es\/wp-json\/wp\/v2\/product_tag?post=3759"}],"curies":[{"name":"wp","href":"https:\/\/api.w.org\/{rel}","templated":true}]}}