{"id":4146,"date":"2026-03-24T12:54:30","date_gmt":"2026-03-24T09:54:30","guid":{"rendered":"https:\/\/www.buygoogleadsaccount.com\/product\/cuenta-2023-01-2026-de-google-ads-gastado-1-055-000-d-lares\/"},"modified":"2026-03-25T20:03:44","modified_gmt":"2026-03-25T17:03:44","slug":"cuenta-2023-01-2026-de-google-ads-gastado-1-055-000-d-lares","status":"publish","type":"product","link":"https:\/\/www.buygoogleadsaccount.com\/es\/product\/cuenta-2023-01-2026-de-google-ads-gastado-1-055-000-d-lares\/","title":{"rendered":"Cuenta 2022 de Google Ads &#8211; Gastado 1 055 000 UAH"},"content":{"rendered":"<p>Historial de gastos: 1 055 000 UAH<br \/>\nEdad: 2022<br \/>\nMoneda de la cuenta: UAH<br \/>\nZona horaria: +3<br \/>\nPa\u00eds del perfil de pago: PL<br \/>\nTipo de pagos: <span data-sheets-root=\"1\">empresa<\/span><br \/>\n<span data-sheets-root=\"1\">Puedes a\u00f1adir tarjeta de cr\u00e9dito<\/span><br \/>\n<span data-sheets-root=\"1\">Verificado, acceso total, todos los documentos<\/span><\/p>\n<p>&nbsp;<\/p>\n<p><strong>\u00bfQu\u00e9 recibir\u00e1s despu\u00e9s de pagar?<\/strong><br \/>\n1. Correo electr\u00f3nico, contrase\u00f1a, clave 2FA, pa\u00eds del proxy, cookies, documentos, huella dactilar para tu navegador antidetecci\u00f3n.<br \/>\n2. Despu\u00e9s de pagar podr\u00e1s descargar el archivo en el sitio web, tambi\u00e9n recibir\u00e1s toda la informaci\u00f3n en tu correo electr\u00f3nico.<\/p>\n<p>Tambi\u00e9n podemos transferir cuenta por Octobrowser por favor contacta con manager @adsalexaccs (telegram).<\/p>\n<p>&nbsp;<\/p>\n","protected":false},"excerpt":{"rendered":"<p>Historial de gastos: 1 055 000 UAH Edad: 2022 Moneda de la cuenta: UAH Zona horaria: +3 Pa\u00eds del perfil de pago: PL Tipo de pagos: empresa Puedes a\u00f1adir tarjeta de cr\u00e9dito Verificado, acceso total, todos los documentos &nbsp; \u00bfQu\u00e9 recibir\u00e1s despu\u00e9s de pagar? 1. Correo electr\u00f3nico, contrase\u00f1a, clave 2FA, pa\u00eds del proxy, cookies, documentos, [&hellip;]<\/p>\n","protected":false},"featured_media":4102,"template":"","meta":{"_seopress_robots_primary_cat":"none","_seopress_titles_title":"","_seopress_titles_desc":"","_seopress_robots_index":"","_et_pb_use_builder":"off","_et_pb_old_content":"","_et_gb_content_width":""},"product_brand":[],"product_cat":[91],"product_tag":[],"class_list":{"0":"post-4146","1":"product","2":"type-product","3":"status-publish","4":"has-post-thumbnail","6":"product_cat-gastos-de-entre-20-000-y-500-000-dolares","8":"first","9":"instock","10":"virtual","11":"sold-individually","12":"purchasable","13":"product-type-simple"},"jetpack_sharing_enabled":true,"_links":{"self":[{"href":"https:\/\/www.buygoogleadsaccount.com\/es\/wp-json\/wp\/v2\/product\/4146","targetHints":{"allow":["GET"]}}],"collection":[{"href":"https:\/\/www.buygoogleadsaccount.com\/es\/wp-json\/wp\/v2\/product"}],"about":[{"href":"https:\/\/www.buygoogleadsaccount.com\/es\/wp-json\/wp\/v2\/types\/product"}],"wp:featuredmedia":[{"embeddable":true,"href":"https:\/\/www.buygoogleadsaccount.com\/es\/wp-json\/wp\/v2\/media\/4102"}],"wp:attachment":[{"href":"https:\/\/www.buygoogleadsaccount.com\/es\/wp-json\/wp\/v2\/media?parent=4146"}],"wp:term":[{"taxonomy":"product_brand","embeddable":true,"href":"https:\/\/www.buygoogleadsaccount.com\/es\/wp-json\/wp\/v2\/product_brand?post=4146"},{"taxonomy":"product_cat","embeddable":true,"href":"https:\/\/www.buygoogleadsaccount.com\/es\/wp-json\/wp\/v2\/product_cat?post=4146"},{"taxonomy":"product_tag","embeddable":true,"href":"https:\/\/www.buygoogleadsaccount.com\/es\/wp-json\/wp\/v2\/product_tag?post=4146"}],"curies":[{"name":"wp","href":"https:\/\/api.w.org\/{rel}","templated":true}]}}