{"id":4427,"date":"2026-03-27T11:45:51","date_gmt":"2026-03-27T08:45:51","guid":{"rendered":"https:\/\/www.buygoogleadsaccount.com\/product\/cuenta-2023-de-google-ads-gastado-3210\/"},"modified":"2026-03-27T11:45:51","modified_gmt":"2026-03-27T08:45:51","slug":"cuenta-2023-de-google-ads-gastado-3210","status":"publish","type":"product","link":"https:\/\/www.buygoogleadsaccount.com\/es\/product\/cuenta-2023-de-google-ads-gastado-3210\/","title":{"rendered":"Cuenta 2023 de Google Ads &#8211; Gastado 3210 $"},"content":{"rendered":"<p>Historial de gastos: 3210 $<br \/>\nEdad: <span data-sheets-root=\"1\">2023<\/span><br \/>\nMoneda de la cuenta: USD<br \/>\nZona horaria: +5<br \/>\nPa\u00eds del perfil de pago: <span data-sheets-root=\"1\">Kazajst\u00e1n<\/span><br \/>\nTipo de pagos: restablecimiento<\/p>\n<p><strong>\u00bfQu\u00e9 recibir\u00e1s despu\u00e9s de pagar?<\/strong><br \/>\n1. Correo electr\u00f3nico, contrase\u00f1a, clave 2FA, pa\u00eds de proxy, cookies, documentos, huella dactilar para tu navegador antidetecci\u00f3n.<br \/>\n2. Despu\u00e9s de pagar puedes descargar el archivo en el sitio web tambi\u00e9n recibir\u00e1s toda la informaci\u00f3n a tu correo electr\u00f3nico.<\/p>\n<p><em>Tambi\u00e9n podemos transferir la cuenta por Octobrowser por favor contacta con el gestor @adsalexaccs (telegram).<\/em><\/p>\n<p>&nbsp;<\/p>\n","protected":false},"excerpt":{"rendered":"<p>Historial de gastos: 3210 $ Edad: 2023 Moneda de la cuenta: USD Zona horaria: +5 Pa\u00eds del perfil de pago: Kazajst\u00e1n Tipo de pagos: restablecimiento \u00bfQu\u00e9 recibir\u00e1s despu\u00e9s de pagar? 1. Correo electr\u00f3nico, contrase\u00f1a, clave 2FA, pa\u00eds de proxy, cookies, documentos, huella dactilar para tu navegador antidetecci\u00f3n. 2. Despu\u00e9s de pagar puedes descargar el archivo [&hellip;]<\/p>\n","protected":false},"featured_media":4422,"template":"","meta":{"_seopress_robots_primary_cat":"none","_seopress_titles_title":"","_seopress_titles_desc":"","_seopress_robots_index":"","_et_pb_use_builder":"off","_et_pb_old_content":"","_et_gb_content_width":""},"product_brand":[],"product_cat":[65],"product_tag":[],"class_list":{"0":"post-4427","1":"product","2":"type-product","3":"status-publish","4":"has-post-thumbnail","6":"product_cat-gastos-de-entre-1-000-y-5-000-dolares","8":"first","9":"instock","10":"virtual","11":"sold-individually","12":"purchasable","13":"product-type-simple"},"jetpack_sharing_enabled":true,"_links":{"self":[{"href":"https:\/\/www.buygoogleadsaccount.com\/es\/wp-json\/wp\/v2\/product\/4427","targetHints":{"allow":["GET"]}}],"collection":[{"href":"https:\/\/www.buygoogleadsaccount.com\/es\/wp-json\/wp\/v2\/product"}],"about":[{"href":"https:\/\/www.buygoogleadsaccount.com\/es\/wp-json\/wp\/v2\/types\/product"}],"wp:featuredmedia":[{"embeddable":true,"href":"https:\/\/www.buygoogleadsaccount.com\/es\/wp-json\/wp\/v2\/media\/4422"}],"wp:attachment":[{"href":"https:\/\/www.buygoogleadsaccount.com\/es\/wp-json\/wp\/v2\/media?parent=4427"}],"wp:term":[{"taxonomy":"product_brand","embeddable":true,"href":"https:\/\/www.buygoogleadsaccount.com\/es\/wp-json\/wp\/v2\/product_brand?post=4427"},{"taxonomy":"product_cat","embeddable":true,"href":"https:\/\/www.buygoogleadsaccount.com\/es\/wp-json\/wp\/v2\/product_cat?post=4427"},{"taxonomy":"product_tag","embeddable":true,"href":"https:\/\/www.buygoogleadsaccount.com\/es\/wp-json\/wp\/v2\/product_tag?post=4427"}],"curies":[{"name":"wp","href":"https:\/\/api.w.org\/{rel}","templated":true}]}}