{"id":4462,"date":"2026-03-27T11:59:41","date_gmt":"2026-03-27T08:59:41","guid":{"rendered":"https:\/\/www.buygoogleadsaccount.com\/product\/cuenta-2023-de-google-ads-gastado-2500\/"},"modified":"2026-03-27T11:59:41","modified_gmt":"2026-03-27T08:59:41","slug":"cuenta-2023-de-google-ads-gastado-2500","status":"publish","type":"product","link":"https:\/\/www.buygoogleadsaccount.com\/es\/product\/cuenta-2023-de-google-ads-gastado-2500\/","title":{"rendered":"Cuenta 2023 de Google Ads &#8211; Gastado $2500"},"content":{"rendered":"<p>Historial de gastos: $2500<br \/>\nEdad: <span data-sheets-root=\"1\">2023<\/span><br \/>\nMoneda de la cuenta: USD<br \/>\nZona horaria: +5<br \/>\nPa\u00eds del perfil de pago: <span data-sheets-root=\"1\">Kazajst\u00e1n<\/span><br \/>\nTipo de pagos: reinicio<br \/>\n<span data-sheets-root=\"1\">Necesitas una verificaci\u00f3n completa del anunciante.<\/span><\/p>\n<p><strong>\u00bfQu\u00e9 recibir\u00e1s despu\u00e9s de pagar?<\/strong><br \/>\n1. Correo electr\u00f3nico, contrase\u00f1a, clave 2FA, pa\u00eds del proxy, cookies, documentos, huella dactilar para tu navegador antidetecci\u00f3n.<br \/>\n2. Despu\u00e9s de pagar podr\u00e1s descargar el archivo en el sitio web, tambi\u00e9n recibir\u00e1s toda la informaci\u00f3n en tu correo electr\u00f3nico.<\/p>\n<p><em>Tambi\u00e9n podemos transferir cuenta por Octobrowser por favor contacta con manager @adsalexaccs (telegram).<\/em><\/p>\n<p>&nbsp;<\/p>\n","protected":false},"excerpt":{"rendered":"<p>Historial de gastos: $2500 Edad: 2023 Moneda de la cuenta: USD Zona horaria: +5 Pa\u00eds del perfil de pago: Kazajst\u00e1n Tipo de pagos: reinicio Necesitas una verificaci\u00f3n completa del anunciante. \u00bfQu\u00e9 recibir\u00e1s despu\u00e9s de pagar? 1. Correo electr\u00f3nico, contrase\u00f1a, clave 2FA, pa\u00eds del proxy, cookies, documentos, huella dactilar para tu navegador antidetecci\u00f3n. 2. Despu\u00e9s de [&hellip;]<\/p>\n","protected":false},"featured_media":4456,"template":"","meta":{"_seopress_robots_primary_cat":"none","_seopress_titles_title":"","_seopress_titles_desc":"","_seopress_robots_index":"","_et_pb_use_builder":"off","_et_pb_old_content":"","_et_gb_content_width":""},"product_brand":[],"product_cat":[65],"product_tag":[],"class_list":{"0":"post-4462","1":"product","2":"type-product","3":"status-publish","4":"has-post-thumbnail","6":"product_cat-gastos-de-entre-1-000-y-5-000-dolares","8":"first","9":"instock","10":"virtual","11":"sold-individually","12":"purchasable","13":"product-type-simple"},"jetpack_sharing_enabled":true,"_links":{"self":[{"href":"https:\/\/www.buygoogleadsaccount.com\/es\/wp-json\/wp\/v2\/product\/4462","targetHints":{"allow":["GET"]}}],"collection":[{"href":"https:\/\/www.buygoogleadsaccount.com\/es\/wp-json\/wp\/v2\/product"}],"about":[{"href":"https:\/\/www.buygoogleadsaccount.com\/es\/wp-json\/wp\/v2\/types\/product"}],"wp:featuredmedia":[{"embeddable":true,"href":"https:\/\/www.buygoogleadsaccount.com\/es\/wp-json\/wp\/v2\/media\/4456"}],"wp:attachment":[{"href":"https:\/\/www.buygoogleadsaccount.com\/es\/wp-json\/wp\/v2\/media?parent=4462"}],"wp:term":[{"taxonomy":"product_brand","embeddable":true,"href":"https:\/\/www.buygoogleadsaccount.com\/es\/wp-json\/wp\/v2\/product_brand?post=4462"},{"taxonomy":"product_cat","embeddable":true,"href":"https:\/\/www.buygoogleadsaccount.com\/es\/wp-json\/wp\/v2\/product_cat?post=4462"},{"taxonomy":"product_tag","embeddable":true,"href":"https:\/\/www.buygoogleadsaccount.com\/es\/wp-json\/wp\/v2\/product_tag?post=4462"}],"curies":[{"name":"wp","href":"https:\/\/api.w.org\/{rel}","templated":true}]}}