{"id":4874,"date":"2026-04-01T12:01:00","date_gmt":"2026-04-01T09:01:00","guid":{"rendered":"https:\/\/www.buygoogleadsaccount.com\/product\/cuenta-google-ads-03-2026-chl-2\/"},"modified":"2026-04-01T12:01:00","modified_gmt":"2026-04-01T09:01:00","slug":"cuenta-google-ads-03-2026-chl-2","status":"publish","type":"product","link":"https:\/\/www.buygoogleadsaccount.com\/es\/product\/cuenta-google-ads-03-2026-chl-2\/","title":{"rendered":"Cuenta Google Ads 03.2026 CHL"},"content":{"rendered":"<p>Cuenta de Google Ads desde 03.2026 <span data-sheets-root=\"1\">CHL<\/span><br \/>\nPa\u00eds de verificaci\u00f3n: <span data-sheets-root=\"1\">CHL<\/span><br \/>\nMoneda de la cuenta: <span data-sheets-root=\"1\">CLP<\/span><br \/>\nZona horaria: &#8211; 3<br \/>\nPa\u00eds del perfil de pago: <span data-sheets-root=\"1\">CHL<\/span><br \/>\nTipo de pagos: \u0415nterprise<br \/>\nCuenta verificada, vender con acceso completo y todos los documentos.<\/p>\n<p><strong>\u00bfQu\u00e9 recibir\u00e1s despu\u00e9s de pagar?<\/strong><br \/>\n1. Correo electr\u00f3nico, contrase\u00f1a, clave 2FA, pa\u00eds del proxy, cookies, documentos, huella dactilar para tu navegador antidetecci\u00f3n.<br \/>\n2. Despu\u00e9s de pagar podr\u00e1s descargar el archivo en el sitio web, tambi\u00e9n recibir\u00e1s toda la informaci\u00f3n en tu correo electr\u00f3nico.<\/p>\n<p><em>Tambi\u00e9n podemos transferir cuenta por Octobrowser por favor contacta con manager @adsalexaccs (telegram).<\/em><\/p>\n","protected":false},"excerpt":{"rendered":"<p>Cuenta de Google Ads desde 03.2026 CHL Pa\u00eds de verificaci\u00f3n: CHL Moneda de la cuenta: CLP Zona horaria: &#8211; 3 Pa\u00eds del perfil de pago: CHL Tipo de pagos: \u0415nterprise Cuenta verificada, vender con acceso completo y todos los documentos. \u00bfQu\u00e9 recibir\u00e1s despu\u00e9s de pagar? 1. Correo electr\u00f3nico, contrase\u00f1a, clave 2FA, pa\u00eds del proxy, cookies, [&hellip;]<\/p>\n","protected":false},"featured_media":1962,"template":"","meta":{"_seopress_robots_primary_cat":"none","_seopress_titles_title":"","_seopress_titles_desc":"","_seopress_robots_index":"","_et_pb_use_builder":"","_et_pb_old_content":"","_et_gb_content_width":""},"product_brand":[],"product_cat":[231],"product_tag":[],"class_list":{"0":"post-4874","1":"product","2":"type-product","3":"status-publish","4":"has-post-thumbnail","6":"product_cat-farmed-accounts-sp","8":"first","9":"instock","10":"virtual","11":"purchasable","12":"product-type-simple"},"jetpack_sharing_enabled":true,"_links":{"self":[{"href":"https:\/\/www.buygoogleadsaccount.com\/es\/wp-json\/wp\/v2\/product\/4874","targetHints":{"allow":["GET"]}}],"collection":[{"href":"https:\/\/www.buygoogleadsaccount.com\/es\/wp-json\/wp\/v2\/product"}],"about":[{"href":"https:\/\/www.buygoogleadsaccount.com\/es\/wp-json\/wp\/v2\/types\/product"}],"wp:featuredmedia":[{"embeddable":true,"href":"https:\/\/www.buygoogleadsaccount.com\/es\/wp-json\/wp\/v2\/media\/1962"}],"wp:attachment":[{"href":"https:\/\/www.buygoogleadsaccount.com\/es\/wp-json\/wp\/v2\/media?parent=4874"}],"wp:term":[{"taxonomy":"product_brand","embeddable":true,"href":"https:\/\/www.buygoogleadsaccount.com\/es\/wp-json\/wp\/v2\/product_brand?post=4874"},{"taxonomy":"product_cat","embeddable":true,"href":"https:\/\/www.buygoogleadsaccount.com\/es\/wp-json\/wp\/v2\/product_cat?post=4874"},{"taxonomy":"product_tag","embeddable":true,"href":"https:\/\/www.buygoogleadsaccount.com\/es\/wp-json\/wp\/v2\/product_tag?post=4874"}],"curies":[{"name":"wp","href":"https:\/\/api.w.org\/{rel}","templated":true}]}}