{"id":5093,"date":"2026-04-03T12:53:08","date_gmt":"2026-04-03T09:53:08","guid":{"rendered":"https:\/\/www.buygoogleadsaccount.com\/product\/google-ads-account-2020-spent-4270\/"},"modified":"2026-04-03T12:53:08","modified_gmt":"2026-04-03T09:53:08","slug":"google-ads-account-2020-spent-4270","status":"publish","type":"product","link":"https:\/\/www.buygoogleadsaccount.com\/es\/product\/google-ads-account-2020-spent-4270\/","title":{"rendered":"Google Ads Account 2020 &#8211; Spent $4270"},"content":{"rendered":"<p>Historial de gastos: 4270 $<br \/>\nEdad: <span data-sheets-root=\"1\">2020<\/span><br \/>\nMoneda de la cuenta: USD<br \/>\nZona horaria: &#8211; 4<br \/>\nPa\u00eds del perfil de pago: EE.UU.<br \/>\nTipo de pagos: restablecimiento<br \/>\n<em>Puedes a\u00f1adir tarjeta de cr\u00e9dito<\/em><br \/>\n<em>Verificado, acceso total, todos los documentos<\/em><\/p>\n<p><strong>\u00bfQu\u00e9 recibir\u00e1s despu\u00e9s de pagar?<\/strong><br \/>\n1. Correo electr\u00f3nico, contrase\u00f1a, clave 2FA, pa\u00eds del proxy, cookies, documentos, huella dactilar para tu navegador antidetecci\u00f3n.<br \/>\n2. Despu\u00e9s de pagar podr\u00e1s descargar el archivo en el sitio web, tambi\u00e9n recibir\u00e1s toda la informaci\u00f3n en tu correo electr\u00f3nico.<\/p>\n<p><em>Tambi\u00e9n podemos transferir cuenta por Octobrowser por favor contacta con manager @adsalexaccs (telegram).<\/em><\/p>\n<p>&nbsp;<\/p>\n","protected":false},"excerpt":{"rendered":"<p>Historial de gastos: 4270 $ Edad: 2020 Moneda de la cuenta: USD Zona horaria: &#8211; 4 Pa\u00eds del perfil de pago: EE.UU. Tipo de pagos: restablecimiento Puedes a\u00f1adir tarjeta de cr\u00e9dito Verificado, acceso total, todos los documentos \u00bfQu\u00e9 recibir\u00e1s despu\u00e9s de pagar? 1. Correo electr\u00f3nico, contrase\u00f1a, clave 2FA, pa\u00eds del proxy, cookies, documentos, huella dactilar [&hellip;]<\/p>\n","protected":false},"featured_media":5084,"template":"","meta":{"_seopress_robots_primary_cat":"none","_seopress_titles_title":"","_seopress_titles_desc":"","_seopress_robots_index":"","_et_pb_use_builder":"off","_et_pb_old_content":"","_et_gb_content_width":""},"product_brand":[],"product_cat":[65],"product_tag":[],"class_list":{"0":"post-5093","1":"product","2":"type-product","3":"status-publish","4":"has-post-thumbnail","6":"product_cat-gastos-de-entre-1-000-y-5-000-dolares","8":"first","9":"instock","10":"virtual","11":"sold-individually","12":"purchasable","13":"product-type-simple"},"jetpack_sharing_enabled":true,"_links":{"self":[{"href":"https:\/\/www.buygoogleadsaccount.com\/es\/wp-json\/wp\/v2\/product\/5093","targetHints":{"allow":["GET"]}}],"collection":[{"href":"https:\/\/www.buygoogleadsaccount.com\/es\/wp-json\/wp\/v2\/product"}],"about":[{"href":"https:\/\/www.buygoogleadsaccount.com\/es\/wp-json\/wp\/v2\/types\/product"}],"wp:featuredmedia":[{"embeddable":true,"href":"https:\/\/www.buygoogleadsaccount.com\/es\/wp-json\/wp\/v2\/media\/5084"}],"wp:attachment":[{"href":"https:\/\/www.buygoogleadsaccount.com\/es\/wp-json\/wp\/v2\/media?parent=5093"}],"wp:term":[{"taxonomy":"product_brand","embeddable":true,"href":"https:\/\/www.buygoogleadsaccount.com\/es\/wp-json\/wp\/v2\/product_brand?post=5093"},{"taxonomy":"product_cat","embeddable":true,"href":"https:\/\/www.buygoogleadsaccount.com\/es\/wp-json\/wp\/v2\/product_cat?post=5093"},{"taxonomy":"product_tag","embeddable":true,"href":"https:\/\/www.buygoogleadsaccount.com\/es\/wp-json\/wp\/v2\/product_tag?post=5093"}],"curies":[{"name":"wp","href":"https:\/\/api.w.org\/{rel}","templated":true}]}}