{"id":5156,"date":"2026-04-03T11:42:37","date_gmt":"2026-04-03T08:42:37","guid":{"rendered":"https:\/\/www.buygoogleadsaccount.com\/product\/cuenta-2023-de-google-ads-gastado-24-589\/"},"modified":"2026-04-03T11:42:37","modified_gmt":"2026-04-03T08:42:37","slug":"cuenta-2023-de-google-ads-gastado-24-589","status":"publish","type":"product","link":"https:\/\/www.buygoogleadsaccount.com\/es\/product\/cuenta-2023-de-google-ads-gastado-24-589\/","title":{"rendered":"Cuenta 2023 de Google Ads &#8211; Gastado 24 589 $"},"content":{"rendered":"<p>Historial de gastos: 24 589 $<br \/>\nEdad: <span data-sheets-root=\"1\">2023<\/span><br \/>\nMoneda de la cuenta: USD<br \/>\nZona horaria: +5<br \/>\nPa\u00eds del perfil de pago: Kazajst\u00e1n<br \/>\nTipo de pagos: restablecimiento<\/p>\n<p><strong>\u00bfQu\u00e9 recibir\u00e1s despu\u00e9s de pagar?<\/strong><br \/>\n1. Correo electr\u00f3nico, contrase\u00f1a, clave 2FA, pa\u00eds del proxy, cookies, documentos, huella dactilar para tu navegador antidetecci\u00f3n.<br \/>\n2. Despu\u00e9s de pagar puedes descargar el archivo en el sitio web, tambi\u00e9n recibir\u00e1s toda la informaci\u00f3n en tu correo electr\u00f3nico.<\/p>\n<p><em>Tambi\u00e9n podemos transferir la cuenta por Octobrowser, por favor, ponte en contacto con el administrador @adsalexaccs (telegram).<\/em><\/p>\n","protected":false},"excerpt":{"rendered":"<p>Historial de gastos: 24 589 $ Edad: 2023 Moneda de la cuenta: USD Zona horaria: +5 Pa\u00eds del perfil de pago: Kazajst\u00e1n Tipo de pagos: restablecimiento \u00bfQu\u00e9 recibir\u00e1s despu\u00e9s de pagar? 1. Correo electr\u00f3nico, contrase\u00f1a, clave 2FA, pa\u00eds del proxy, cookies, documentos, huella dactilar para tu navegador antidetecci\u00f3n. 2. Despu\u00e9s de pagar puedes descargar el [&hellip;]<\/p>\n","protected":false},"featured_media":5066,"template":"","meta":{"_seopress_robots_primary_cat":"none","_seopress_titles_title":"","_seopress_titles_desc":"","_seopress_robots_index":"","_et_pb_use_builder":"off","_et_pb_old_content":"","_et_gb_content_width":""},"product_brand":[],"product_cat":[91],"product_tag":[],"class_list":{"0":"post-5156","1":"product","2":"type-product","3":"status-publish","4":"has-post-thumbnail","6":"product_cat-gastos-de-entre-20-000-y-500-000-dolares","8":"first","9":"instock","10":"virtual","11":"sold-individually","12":"purchasable","13":"product-type-simple"},"jetpack_sharing_enabled":true,"_links":{"self":[{"href":"https:\/\/www.buygoogleadsaccount.com\/es\/wp-json\/wp\/v2\/product\/5156","targetHints":{"allow":["GET"]}}],"collection":[{"href":"https:\/\/www.buygoogleadsaccount.com\/es\/wp-json\/wp\/v2\/product"}],"about":[{"href":"https:\/\/www.buygoogleadsaccount.com\/es\/wp-json\/wp\/v2\/types\/product"}],"wp:featuredmedia":[{"embeddable":true,"href":"https:\/\/www.buygoogleadsaccount.com\/es\/wp-json\/wp\/v2\/media\/5066"}],"wp:attachment":[{"href":"https:\/\/www.buygoogleadsaccount.com\/es\/wp-json\/wp\/v2\/media?parent=5156"}],"wp:term":[{"taxonomy":"product_brand","embeddable":true,"href":"https:\/\/www.buygoogleadsaccount.com\/es\/wp-json\/wp\/v2\/product_brand?post=5156"},{"taxonomy":"product_cat","embeddable":true,"href":"https:\/\/www.buygoogleadsaccount.com\/es\/wp-json\/wp\/v2\/product_cat?post=5156"},{"taxonomy":"product_tag","embeddable":true,"href":"https:\/\/www.buygoogleadsaccount.com\/es\/wp-json\/wp\/v2\/product_tag?post=5156"}],"curies":[{"name":"wp","href":"https:\/\/api.w.org\/{rel}","templated":true}]}}