{"id":5171,"date":"2026-04-03T11:26:45","date_gmt":"2026-04-03T08:26:45","guid":{"rendered":"https:\/\/www.buygoogleadsaccount.com\/product\/cuenta-2024-de-google-ads-gastado-28-988\/"},"modified":"2026-04-03T11:26:45","modified_gmt":"2026-04-03T08:26:45","slug":"cuenta-2024-de-google-ads-gastado-28-988","status":"publish","type":"product","link":"https:\/\/www.buygoogleadsaccount.com\/es\/product\/cuenta-2024-de-google-ads-gastado-28-988\/","title":{"rendered":"Cuenta 2024 de Google Ads &#8211; Gastado 28 988 $"},"content":{"rendered":"<p>Historial de gastos: 28 988 $<br \/>\nEdad: <span data-sheets-root=\"1\">2024<\/span><br \/>\nMoneda de la cuenta: USD<br \/>\nZona horaria: +5<br \/>\nPa\u00eds del perfil de pago: Kazajst\u00e1n<br \/>\nTipo de pagos: restablecimiento<br \/>\nNecesita verificaci\u00f3n completa del anunciante.<\/p>\n<p><strong>\u00bfQu\u00e9 recibir\u00e1s despu\u00e9s de pagar?<\/strong><br \/>\n1. Correo electr\u00f3nico, contrase\u00f1a, clave 2FA, pa\u00eds del proxy, cookies, documentos, huella dactilar para tu navegador antidetecci\u00f3n.<br \/>\n2. Despu\u00e9s de pagar puedes descargar el archivo en el sitio web tambi\u00e9n recibir\u00e1s toda la informaci\u00f3n a tu correo electr\u00f3nico.<\/p>\n<p><em>Tambi\u00e9n podemos transferir la cuenta por Octobrowser por favor contacta con el gerente @adsalexaccs (telegram).<\/em><\/p>\n<p>&nbsp;<\/p>\n","protected":false},"excerpt":{"rendered":"<p>Historial de gastos: 28 988 $ Edad: 2024 Moneda de la cuenta: USD Zona horaria: +5 Pa\u00eds del perfil de pago: Kazajst\u00e1n Tipo de pagos: restablecimiento Necesita verificaci\u00f3n completa del anunciante. \u00bfQu\u00e9 recibir\u00e1s despu\u00e9s de pagar? 1. Correo electr\u00f3nico, contrase\u00f1a, clave 2FA, pa\u00eds del proxy, cookies, documentos, huella dactilar para tu navegador antidetecci\u00f3n. 2. Despu\u00e9s [&hellip;]<\/p>\n","protected":false},"featured_media":5048,"template":"","meta":{"_seopress_robots_primary_cat":"none","_seopress_titles_title":"","_seopress_titles_desc":"","_seopress_robots_index":"","_et_pb_use_builder":"off","_et_pb_old_content":"","_et_gb_content_width":""},"product_brand":[],"product_cat":[91],"product_tag":[],"class_list":{"0":"post-5171","1":"product","2":"type-product","3":"status-publish","4":"has-post-thumbnail","6":"product_cat-gastos-de-entre-20-000-y-500-000-dolares","8":"first","9":"instock","10":"virtual","11":"sold-individually","12":"purchasable","13":"product-type-simple"},"jetpack_sharing_enabled":true,"_links":{"self":[{"href":"https:\/\/www.buygoogleadsaccount.com\/es\/wp-json\/wp\/v2\/product\/5171","targetHints":{"allow":["GET"]}}],"collection":[{"href":"https:\/\/www.buygoogleadsaccount.com\/es\/wp-json\/wp\/v2\/product"}],"about":[{"href":"https:\/\/www.buygoogleadsaccount.com\/es\/wp-json\/wp\/v2\/types\/product"}],"wp:featuredmedia":[{"embeddable":true,"href":"https:\/\/www.buygoogleadsaccount.com\/es\/wp-json\/wp\/v2\/media\/5048"}],"wp:attachment":[{"href":"https:\/\/www.buygoogleadsaccount.com\/es\/wp-json\/wp\/v2\/media?parent=5171"}],"wp:term":[{"taxonomy":"product_brand","embeddable":true,"href":"https:\/\/www.buygoogleadsaccount.com\/es\/wp-json\/wp\/v2\/product_brand?post=5171"},{"taxonomy":"product_cat","embeddable":true,"href":"https:\/\/www.buygoogleadsaccount.com\/es\/wp-json\/wp\/v2\/product_cat?post=5171"},{"taxonomy":"product_tag","embeddable":true,"href":"https:\/\/www.buygoogleadsaccount.com\/es\/wp-json\/wp\/v2\/product_tag?post=5171"}],"curies":[{"name":"wp","href":"https:\/\/api.w.org\/{rel}","templated":true}]}}