{"id":5408,"date":"2026-04-10T10:10:43","date_gmt":"2026-04-10T07:10:43","guid":{"rendered":"https:\/\/www.buygoogleadsaccount.com\/product\/cuenta-de-google-ads-2025-gastado-11-500\/"},"modified":"2026-04-10T10:15:29","modified_gmt":"2026-04-10T07:15:29","slug":"cuenta-de-google-ads-2025-gastado-11-500","status":"publish","type":"product","link":"https:\/\/www.buygoogleadsaccount.com\/es\/product\/cuenta-de-google-ads-2025-gastado-11-500\/","title":{"rendered":"Cuenta de Google Ads 2025 &#8211; Gastado $11 500"},"content":{"rendered":"<p>Historial de gastos: 11 500 $<br \/>\nEdad: <span data-sheets-root=\"1\">2025<\/span><br \/>\nMoneda de la cuenta: USD<br \/>\nZona horaria: -4<br \/>\nPa\u00eds del perfil de pago: EE.UU.<br \/>\nTipo de pagos: <span data-sheets-root=\"1\">empresa<\/span><br \/>\n<span data-sheets-root=\"1\">Pregunta Verifica tu identidad<br \/>\nAcceso total para el pago prifile<br \/>\n<\/span><\/p>\n<p><strong>\u00bfQu\u00e9 recibir\u00e1s despu\u00e9s de pagar?<\/strong><br \/>\n1. Correo electr\u00f3nico, contrase\u00f1a, clave 2FA, pa\u00eds del proxy, cookies, documentos, huella dactilar para tu navegador antidetecci\u00f3n.<br \/>\n2. Despu\u00e9s de pagar podr\u00e1s descargar el archivo en el sitio web, tambi\u00e9n recibir\u00e1s toda la informaci\u00f3n en tu correo electr\u00f3nico.<\/p>\n<p><em>Tambi\u00e9n podemos transferir cuenta por Octobrowser por favor contacta con manager @adsalexaccs (telegram).<\/em><\/p>\n","protected":false},"excerpt":{"rendered":"<p>Historial de gastos: 11 500 $ Edad: 2025 Moneda de la cuenta: USD Zona horaria: -4 Pa\u00eds del perfil de pago: EE.UU. Tipo de pagos: empresa Pregunta Verifica tu identidad Acceso total para el pago prifile \u00bfQu\u00e9 recibir\u00e1s despu\u00e9s de pagar? 1. Correo electr\u00f3nico, contrase\u00f1a, clave 2FA, pa\u00eds del proxy, cookies, documentos, huella dactilar para [&hellip;]<\/p>\n","protected":false},"featured_media":5401,"template":"","meta":{"_seopress_robots_primary_cat":"none","_seopress_titles_title":"","_seopress_titles_desc":"","_seopress_robots_index":"","_et_pb_use_builder":"off","_et_pb_old_content":"","_et_gb_content_width":""},"product_brand":[],"product_cat":[90],"product_tag":[],"class_list":{"0":"post-5408","1":"product","2":"type-product","3":"status-publish","4":"has-post-thumbnail","6":"product_cat-10k20kspending-sp","8":"first","9":"instock","10":"virtual","11":"sold-individually","12":"purchasable","13":"product-type-simple"},"jetpack_sharing_enabled":true,"_links":{"self":[{"href":"https:\/\/www.buygoogleadsaccount.com\/es\/wp-json\/wp\/v2\/product\/5408","targetHints":{"allow":["GET"]}}],"collection":[{"href":"https:\/\/www.buygoogleadsaccount.com\/es\/wp-json\/wp\/v2\/product"}],"about":[{"href":"https:\/\/www.buygoogleadsaccount.com\/es\/wp-json\/wp\/v2\/types\/product"}],"wp:featuredmedia":[{"embeddable":true,"href":"https:\/\/www.buygoogleadsaccount.com\/es\/wp-json\/wp\/v2\/media\/5401"}],"wp:attachment":[{"href":"https:\/\/www.buygoogleadsaccount.com\/es\/wp-json\/wp\/v2\/media?parent=5408"}],"wp:term":[{"taxonomy":"product_brand","embeddable":true,"href":"https:\/\/www.buygoogleadsaccount.com\/es\/wp-json\/wp\/v2\/product_brand?post=5408"},{"taxonomy":"product_cat","embeddable":true,"href":"https:\/\/www.buygoogleadsaccount.com\/es\/wp-json\/wp\/v2\/product_cat?post=5408"},{"taxonomy":"product_tag","embeddable":true,"href":"https:\/\/www.buygoogleadsaccount.com\/es\/wp-json\/wp\/v2\/product_tag?post=5408"}],"curies":[{"name":"wp","href":"https:\/\/api.w.org\/{rel}","templated":true}]}}