{"id":5818,"date":"2026-04-15T12:37:50","date_gmt":"2026-04-15T09:37:50","guid":{"rendered":"https:\/\/www.buygoogleadsaccount.com\/product\/cuenta-google-ads-04-2026-sg-4\/"},"modified":"2026-04-15T12:37:50","modified_gmt":"2026-04-15T09:37:50","slug":"cuenta-google-ads-04-2026-sg-4","status":"publish","type":"product","link":"https:\/\/www.buygoogleadsaccount.com\/es\/product\/cuenta-google-ads-04-2026-sg-4\/","title":{"rendered":"Cuenta Google Ads 04.2026 SG"},"content":{"rendered":"<p>Cuenta de Google Ads desde 04.2026<br \/>\nPa\u00eds de verificaci\u00f3n: SG<br \/>\nMoneda de la cuenta: USD<br \/>\nZona horaria: +8<br \/>\nPa\u00eds del perfil de pago: <span data-sheets-root=\"1\">SG<\/span><br \/>\nTipo de pagos: \u0415nterprise<br \/>\nCuenta verificada, vender con acceso completo y todos los documentos.<\/p>\n<hr>\n<p><strong>\u00bfQu\u00e9 recibir\u00e1s despu\u00e9s de pagar?<\/strong><br \/>\n1. Correo electr\u00f3nico, contrase\u00f1a, clave 2FA, pa\u00eds del proxy, cookies, documentos, huella dactilar para tu navegador antidetecci\u00f3n.<br \/>\n2. Despu\u00e9s de pagar podr\u00e1s descargar el archivo en el sitio web, tambi\u00e9n recibir\u00e1s toda la informaci\u00f3n en tu correo electr\u00f3nico.<\/p>\n<p><em>Tambi\u00e9n podemos transferir cuenta por Octobrowser por favor contacta con manager <strong><a href=\"https:\/\/t.me\/adsalexaccs\">@adsalexaccs<\/a><\/strong> (telegrama).<\/em><\/p>\n","protected":false},"excerpt":{"rendered":"<p>Cuenta de Google Ads desde 04.2026 Pa\u00eds de verificaci\u00f3n: SG Moneda de la cuenta: USD Zona horaria: +8 Pa\u00eds del perfil de pago: SG Tipo de pagos: \u0415nterprise Cuenta verificada, vender con acceso completo y todos los documentos. \u00bfQu\u00e9 recibir\u00e1s despu\u00e9s de pagar? 1. Correo electr\u00f3nico, contrase\u00f1a, clave 2FA, pa\u00eds del proxy, cookies, documentos, huella [&hellip;]<\/p>\n","protected":false},"featured_media":1962,"template":"","meta":{"_seopress_robots_primary_cat":"none","_seopress_titles_title":"","_seopress_titles_desc":"","_seopress_robots_index":"","_et_pb_use_builder":"","_et_pb_old_content":"","_et_gb_content_width":""},"product_brand":[],"product_cat":[231],"product_tag":[],"class_list":{"0":"post-5818","1":"product","2":"type-product","3":"status-publish","4":"has-post-thumbnail","6":"product_cat-farmed-accounts-sp","8":"first","9":"instock","10":"virtual","11":"purchasable","12":"product-type-simple"},"jetpack_sharing_enabled":true,"_links":{"self":[{"href":"https:\/\/www.buygoogleadsaccount.com\/es\/wp-json\/wp\/v2\/product\/5818","targetHints":{"allow":["GET"]}}],"collection":[{"href":"https:\/\/www.buygoogleadsaccount.com\/es\/wp-json\/wp\/v2\/product"}],"about":[{"href":"https:\/\/www.buygoogleadsaccount.com\/es\/wp-json\/wp\/v2\/types\/product"}],"wp:featuredmedia":[{"embeddable":true,"href":"https:\/\/www.buygoogleadsaccount.com\/es\/wp-json\/wp\/v2\/media\/1962"}],"wp:attachment":[{"href":"https:\/\/www.buygoogleadsaccount.com\/es\/wp-json\/wp\/v2\/media?parent=5818"}],"wp:term":[{"taxonomy":"product_brand","embeddable":true,"href":"https:\/\/www.buygoogleadsaccount.com\/es\/wp-json\/wp\/v2\/product_brand?post=5818"},{"taxonomy":"product_cat","embeddable":true,"href":"https:\/\/www.buygoogleadsaccount.com\/es\/wp-json\/wp\/v2\/product_cat?post=5818"},{"taxonomy":"product_tag","embeddable":true,"href":"https:\/\/www.buygoogleadsaccount.com\/es\/wp-json\/wp\/v2\/product_tag?post=5818"}],"curies":[{"name":"wp","href":"https:\/\/api.w.org\/{rel}","templated":true}]}}