{"id":6503,"date":"2026-04-24T13:38:04","date_gmt":"2026-04-24T10:38:04","guid":{"rendered":"https:\/\/www.buygoogleadsaccount.com\/product\/cuenta-2025-de-google-ads-gastado-4170\/"},"modified":"2026-04-24T13:38:04","modified_gmt":"2026-04-24T10:38:04","slug":"cuenta-2025-de-google-ads-gastado-4170","status":"publish","type":"product","link":"https:\/\/www.buygoogleadsaccount.com\/es\/product\/cuenta-2025-de-google-ads-gastado-4170\/","title":{"rendered":"Cuenta 2025 de Google Ads &#8211; Gastado $4170"},"content":{"rendered":"<p>Historial de gastos: 4170 $<br \/>\nEdad: <span data-sheets-root=\"1\">2025<\/span><br \/>\nMoneda de la cuenta: USD<br \/>\nZona horaria: +3<br \/>\nPa\u00eds del perfil de pago: PL<br \/>\nTipo de pagos: <span data-sheets-root=\"1\">empresa<\/span><br \/>\n<span data-sheets-root=\"1\">\u0421an a\u00f1adir tarjeta de cr\u00e9dito<br \/>\nVerificado, acceso completo para el prifile de pago, todos los documentos<br \/>\n<\/span><\/p>\n<hr>\n<p><strong>\u00bfQu\u00e9 recibir\u00e1s despu\u00e9s de pagar?<\/strong><br \/>\n1. Correo electr\u00f3nico, contrase\u00f1a, clave 2FA, pa\u00eds del proxy, cookies, documentos, huella dactilar para tu navegador antidetecci\u00f3n.<br \/>\n2. Despu\u00e9s de pagar podr\u00e1s descargar el archivo en el sitio web, tambi\u00e9n recibir\u00e1s toda la informaci\u00f3n en tu correo electr\u00f3nico.<\/p>\n<p><em>Tambi\u00e9n podemos transferir cuenta por Octobrowser por favor contacta con manager <span style=\"color: #0000ff;\"><strong><a style=\"color: #0000ff;\" href=\"https:\/\/t.me\/adsalexaccs\">@adsalexaccs<\/a><\/strong><\/span> (telegrama).<\/em><\/p>\n","protected":false},"excerpt":{"rendered":"<p>Historial de gastos: 4170 $ Edad: 2025 Moneda de la cuenta: USD Zona horaria: +3 Pa\u00eds del perfil de pago: PL Tipo de pagos: empresa \u0421an a\u00f1adir tarjeta de cr\u00e9dito Verificado, acceso completo para el prifile de pago, todos los documentos \u00bfQu\u00e9 recibir\u00e1s despu\u00e9s de pagar? 1. Correo electr\u00f3nico, contrase\u00f1a, clave 2FA, pa\u00eds del proxy, [&hellip;]<\/p>\n","protected":false},"featured_media":6495,"template":"","meta":{"_seopress_robots_primary_cat":"none","_seopress_titles_title":"","_seopress_titles_desc":"","_seopress_robots_index":"","_et_pb_use_builder":"off","_et_pb_old_content":"","_et_gb_content_width":""},"product_brand":[],"product_cat":[65],"product_tag":[],"class_list":{"0":"post-6503","1":"product","2":"type-product","3":"status-publish","4":"has-post-thumbnail","6":"product_cat-1k5kspending-sp","8":"first","9":"instock","10":"virtual","11":"sold-individually","12":"purchasable","13":"product-type-simple"},"jetpack_sharing_enabled":true,"_links":{"self":[{"href":"https:\/\/www.buygoogleadsaccount.com\/es\/wp-json\/wp\/v2\/product\/6503","targetHints":{"allow":["GET"]}}],"collection":[{"href":"https:\/\/www.buygoogleadsaccount.com\/es\/wp-json\/wp\/v2\/product"}],"about":[{"href":"https:\/\/www.buygoogleadsaccount.com\/es\/wp-json\/wp\/v2\/types\/product"}],"wp:featuredmedia":[{"embeddable":true,"href":"https:\/\/www.buygoogleadsaccount.com\/es\/wp-json\/wp\/v2\/media\/6495"}],"wp:attachment":[{"href":"https:\/\/www.buygoogleadsaccount.com\/es\/wp-json\/wp\/v2\/media?parent=6503"}],"wp:term":[{"taxonomy":"product_brand","embeddable":true,"href":"https:\/\/www.buygoogleadsaccount.com\/es\/wp-json\/wp\/v2\/product_brand?post=6503"},{"taxonomy":"product_cat","embeddable":true,"href":"https:\/\/www.buygoogleadsaccount.com\/es\/wp-json\/wp\/v2\/product_cat?post=6503"},{"taxonomy":"product_tag","embeddable":true,"href":"https:\/\/www.buygoogleadsaccount.com\/es\/wp-json\/wp\/v2\/product_tag?post=6503"}],"curies":[{"name":"wp","href":"https:\/\/api.w.org\/{rel}","templated":true}]}}