{"id":2712,"date":"2026-03-10T13:33:14","date_gmt":"2026-03-10T10:33:14","guid":{"rendered":"https:\/\/www.buygoogleadsaccount.com\/polityka-zwrot-w\/"},"modified":"2026-03-10T14:01:53","modified_gmt":"2026-03-10T11:01:53","slug":"polityka-zwrot-w","status":"publish","type":"page","link":"https:\/\/www.buygoogleadsaccount.com\/pl\/polityka-zwrot-w\/","title":{"rendered":"Polityka zwrot\u00f3w"},"content":{"rendered":"<p>[et_pb_section fb_built=&#8221;1&#8243; theme_builder_area=&#8221;post_content&#8221; _builder_version=&#8221;4.27.4&#8243; _module_preset=&#8221;default&#8221;][et_pb_row _builder_version=&#8221;4.27.4&#8243; _module_preset=&#8221;default&#8221; theme_builder_area=&#8221;post_content&#8221;][et_pb_column _builder_version=&#8221;4.27.4&#8243; _module_preset=&#8221;default&#8221; type=&#8221;4_4&#8243; theme_builder_area=&#8221;post_content&#8221;][et_pb_text _builder_version=&#8221;4.27.4&#8243; _module_preset=&#8221;default&#8221; theme_builder_area=&#8221;post_content&#8221; hover_enabled=&#8221;0&#8243; sticky_enabled=&#8221;0&#8243;]<\/p>\n<h1 data-section-id=\"5i7sfp\" data-start=\"3385\" data-end=\"3403\">POLITYKA ZWROT\u00d3W<\/h1>\n<h2 data-section-id=\"1us7a8b\" data-start=\"3405\" data-end=\"3421\">Polityka zwrot\u00f3w<\/h2>\n<p data-start=\"3423\" data-end=\"3483\">Ze wzgl\u0119du na charakter <strong data-start=\"3444\" data-end=\"3461\">towar\u00f3w<\/strong> cyfrowych zwroty s\u0105 ograniczone.<\/p>\n<p data-start=\"3485\" data-end=\"3511\">Zwrot koszt\u00f3w mo\u017ce zosta\u0107 przyznany, je\u015bli<\/p>\n<ul data-start=\"3513\" data-end=\"3618\">\n<li data-section-id=\"nv0hke\" data-start=\"3513\" data-end=\"3544\">\n<p data-start=\"3515\" data-end=\"3544\">produkt nie zosta\u0142 dostarczony<\/p>\n<\/li>\n<li data-section-id=\"18610xg\" data-start=\"3545\" data-end=\"3589\">\n<p data-start=\"3547\" data-end=\"3589\">konto nie pasuje do opisu<\/p>\n<\/li>\n<li data-section-id=\"133n2o5\" data-start=\"3590\" data-end=\"3618\">\n<p data-start=\"3592\" data-end=\"3618\">wyst\u0105pi\u0142y b\u0142\u0119dy techniczne.<\/p>\n<\/li>\n<\/ul>\n<p data-start=\"3620\" data-end=\"3686\">Wnioski o zwrot pieni\u0119dzy nale\u017cy sk\u0142ada\u0107 w ci\u0105gu <strong data-start=\"3661\" data-end=\"3685\">24 godzin od zakupu<\/strong>.<\/p>\n<p data-start=\"3688\" data-end=\"3718\">Zwroty nie b\u0119d\u0105 dokonywane, je\u015bli<\/p>\n<ul data-start=\"3720\" data-end=\"3838\">\n<li data-section-id=\"1qbfbf8\" data-start=\"3720\" data-end=\"3750\">\n<p data-start=\"3722\" data-end=\"3750\">konto by\u0142o ju\u017c u\u017cywane<\/p>\n<\/li>\n<li data-section-id=\"1qx2pcy\" data-start=\"3751\" data-end=\"3799\">\n<p data-start=\"3753\" data-end=\"3799\">platforma blokuje konto z powodu aktywno\u015bci u\u017cytkownika<\/p>\n<\/li>\n<li data-section-id=\"rxxucz\" data-start=\"3800\" data-end=\"3838\">\n<p data-start=\"3802\" data-end=\"3838\">klient naruszy\u0142 zasady platformy.<\/p>\n<\/li>\n<\/ul>\n<p data-start=\"3840\" data-end=\"3900\">Wszystkie decyzje dotycz\u0105ce zwrot\u00f3w s\u0105 podejmowane przez administracj\u0119 strony.<\/p>\n<p>[\/et_pb_text][\/et_pb_column][\/et_pb_row][\/et_pb_section]<\/p>\n","protected":false},"excerpt":{"rendered":"<p>POLITYKA ZWROT\u00d3W Polityka zwrot\u00f3w Ze wzgl\u0119du na charakter towar\u00f3w cyfrowych zwroty s\u0105 ograniczone. Zwrot koszt\u00f3w mo\u017ce zosta\u0107 przyznany, je\u015bli produkt nie zosta\u0142 dostarczony konto nie pasuje do opisu wyst\u0105pi\u0142y b\u0142\u0119dy techniczne. Wnioski o zwrot pieni\u0119dzy nale\u017cy sk\u0142ada\u0107 w ci\u0105gu 24 godzin od zakupu. Zwroty nie b\u0119d\u0105 dokonywane, je\u015bli konto by\u0142o ju\u017c u\u017cywane platforma blokuje konto [&hellip;]<\/p>\n","protected":false},"author":1,"featured_media":0,"parent":0,"menu_order":0,"comment_status":"closed","ping_status":"closed","template":"","meta":{"_seopress_robots_primary_cat":"","_seopress_titles_title":"","_seopress_titles_desc":"","_seopress_robots_index":"","_et_pb_use_builder":"on","_et_pb_old_content":"","_et_gb_content_width":"","footnotes":""},"class_list":["post-2712","page","type-page","status-publish","hentry"],"jetpack_sharing_enabled":true,"_links":{"self":[{"href":"https:\/\/www.buygoogleadsaccount.com\/pl\/wp-json\/wp\/v2\/pages\/2712","targetHints":{"allow":["GET"]}}],"collection":[{"href":"https:\/\/www.buygoogleadsaccount.com\/pl\/wp-json\/wp\/v2\/pages"}],"about":[{"href":"https:\/\/www.buygoogleadsaccount.com\/pl\/wp-json\/wp\/v2\/types\/page"}],"author":[{"embeddable":true,"href":"https:\/\/www.buygoogleadsaccount.com\/pl\/wp-json\/wp\/v2\/users\/1"}],"replies":[{"embeddable":true,"href":"https:\/\/www.buygoogleadsaccount.com\/pl\/wp-json\/wp\/v2\/comments?post=2712"}],"version-history":[{"count":7,"href":"https:\/\/www.buygoogleadsaccount.com\/pl\/wp-json\/wp\/v2\/pages\/2712\/revisions"}],"predecessor-version":[{"id":2755,"href":"https:\/\/www.buygoogleadsaccount.com\/pl\/wp-json\/wp\/v2\/pages\/2712\/revisions\/2755"}],"wp:attachment":[{"href":"https:\/\/www.buygoogleadsaccount.com\/pl\/wp-json\/wp\/v2\/media?parent=2712"}],"curies":[{"name":"wp","href":"https:\/\/api.w.org\/{rel}","templated":true}]}}