{"id":2795,"date":"2026-03-10T13:18:24","date_gmt":"2026-03-10T10:18:24","guid":{"rendered":"https:\/\/www.buygoogleadsaccount.com\/warunki-wiadczenia-us-ug\/"},"modified":"2026-04-01T13:18:58","modified_gmt":"2026-04-01T10:18:58","slug":"warunki-wiadczenia-us-ug","status":"publish","type":"page","link":"https:\/\/www.buygoogleadsaccount.com\/pl\/warunki-wiadczenia-us-ug\/","title":{"rendered":"Warunki \u015bwiadczenia us\u0142ug"},"content":{"rendered":"<p>[et_pb_section fb_built=&#8221;1&#8243; theme_builder_area=&#8221;post_content&#8221; _builder_version=&#8221;4.27.4&#8243; _module_preset=&#8221;default&#8221;][et_pb_row _builder_version=&#8221;4.27.4&#8243; _module_preset=&#8221;default&#8221; theme_builder_area=&#8221;post_content&#8221;][et_pb_column _builder_version=&#8221;4.27.4&#8243; _module_preset=&#8221;default&#8221; type=&#8221;4_4&#8243; theme_builder_area=&#8221;post_content&#8221;][et_pb_heading title=&#8221;WARUNKI \u015aWIADCZENIA US\u0141UG&#8221; _builder_version=&#8221;4.27.4&#8243; _module_preset=&#8221;default&#8221; theme_builder_area=&#8221;post_content&#8221; hover_enabled=&#8221;0&#8243; sticky_enabled=&#8221;0&#8243;][\/et_pb_heading][\/et_pb_column][\/et_pb_row][et_pb_row _builder_version=&#8221;4.27.4&#8243; _module_preset=&#8221;default&#8221; theme_builder_area=&#8221;post_content&#8221;][et_pb_column _builder_version=&#8221;4.27.4&#8243; _module_preset=&#8221;default&#8221; type=&#8221;4_4&#8243; theme_builder_area=&#8221;post_content&#8221;][et_pb_text _builder_version=&#8221;4.27.4&#8243; _module_preset=&#8221;default&#8221; theme_builder_area=&#8221;post_content&#8221; hover_enabled=&#8221;0&#8243; sticky_enabled=&#8221;0&#8243;]<\/p>\n<h2 data-section-id=\"1ujbr70\" data-start=\"488\" data-end=\"507\">Warunki \u015bwiadczenia us\u0142ug<\/h2>\n<p data-start=\"509\" data-end=\"529\">Data wej\u015bcia w \u017cycie: 2026 r.<\/p>\n<p data-start=\"531\" data-end=\"570\">Witamy na stronie <strong data-start=\"542\" data-end=\"569\">buygoogleadsaccount.com<\/strong>.<\/p>\n<p data-start=\"572\" data-end=\"767\">Niniejsze Warunki \u015bwiadczenia us\u0142ug stanowi\u0105 prawnie wi\u0105\u017c\u0105c\u0105 umow\u0119 mi\u0119dzy u\u017cytkownikiem (&#8222;U\u017cytkownik&#8221;, &#8222;Klient&#8221;) a administracj\u0105 witryny <strong data-start=\"710\" data-end=\"737\">buygoogleadsaccount.com<\/strong> (&#8222;Witryna&#8221;, &#8222;Firma&#8221;, &#8222;My&#8221;).<\/p>\n<p data-start=\"769\" data-end=\"838\">Uzyskuj\u0105c dost\u0119p do Witryny lub dokonuj\u0105c w niej zakup\u00f3w, u\u017cytkownik wyra\u017ca zgod\u0119 na niniejsze Warunki.<\/p>\n<hr data-start=\"840\" data-end=\"843\">\n<h2 data-section-id=\"h2il6c\" data-start=\"845\" data-end=\"859\">1. Us\u0142ugi<\/h2>\n<p data-start=\"861\" data-end=\"928\">Witryna zapewnia us\u0142ugi cyfrowe, w tym mi\u0119dzy innymi:<\/p>\n<ul data-start=\"930\" data-end=\"1035\">\n<li data-section-id=\"u62fqa\" data-start=\"930\" data-end=\"960\">\n<p data-start=\"932\" data-end=\"960\">sprzeda\u017c kont reklamowych<\/p>\n<\/li>\n<li data-section-id=\"p3hq4a\" data-start=\"961\" data-end=\"982\">\n<p data-start=\"963\" data-end=\"982\">us\u0142ugi konsultingowe<\/p>\n<\/li>\n<li data-section-id=\"w5zuyo\" data-start=\"983\" data-end=\"1007\">\n<p data-start=\"985\" data-end=\"1007\">us\u0142ugi konfiguracji konta<\/p>\n<\/li>\n<li data-section-id=\"w5zuyo\" data-start=\"983\" data-end=\"1007\">us\u0142ugi kampanii reklamowych google<\/li>\n<li data-section-id=\"14harpn\" data-start=\"1008\" data-end=\"1035\">\n<p data-start=\"1010\" data-end=\"1035\">powi\u0105zane produkty cyfrowe.<\/p>\n<\/li>\n<\/ul>\n<p data-start=\"1037\" data-end=\"1077\">Wszystkie sprzedawane produkty s\u0105 <strong data-start=\"1059\" data-end=\"1076\">towarami cyfrowymi<\/strong>.<\/p>\n<hr data-start=\"1079\" data-end=\"1082\">\n<h2 data-section-id=\"6g95gg\" data-start=\"1084\" data-end=\"1107\">2. Zakupy na koncie<\/h2>\n<p data-start=\"1109\" data-end=\"1149\">Kupuj\u0105c konto, u\u017cytkownik zgadza si\u0119, \u017ce<\/p>\n<ul data-start=\"1151\" data-end=\"1330\">\n<li data-section-id=\"achu6v\" data-start=\"1151\" data-end=\"1200\">\n<p data-start=\"1153\" data-end=\"1200\">u\u017cytkownik jest odpowiedzialny za spos\u00f3b korzystania z konta<\/p>\n<\/li>\n<li data-section-id=\"5nqqgn\" data-start=\"1201\" data-end=\"1256\">\n<p data-start=\"1203\" data-end=\"1256\">u\u017cytkownik przestrzega zasad platform stron trzecich<\/p>\n<\/li>\n<li data-section-id=\"48addr\" data-start=\"1257\" data-end=\"1330\">\n<p data-start=\"1259\" data-end=\"1330\">Witryna <strong data-start=\"1274\" data-end=\"1330\">nie jest powi\u0105zana z Google, Meta ani innymi platformami<\/strong><\/p>\n<\/li>\n<\/ul>\n<p data-start=\"1332\" data-end=\"1425\">Sp\u00f3\u0142ka nie gwarantuje, \u017ce platformy innych firm nie zawiesz\u0105 lub nie ogranicz\u0105 kont.<\/p>\n<hr data-start=\"1427\" data-end=\"1430\">\n<h2 data-section-id=\"uxxrt0\" data-start=\"1432\" data-end=\"1446\">3. Dostawa<\/h2>\n<p data-start=\"1448\" data-end=\"1483\">Produkty cyfrowe s\u0105 dostarczane za po\u015brednictwem<\/p>\n<ul data-start=\"1485\" data-end=\"1552\">\n<li data-section-id=\"16amjk4\" data-start=\"1485\" data-end=\"1492\">\n<p data-start=\"1487\" data-end=\"1492\">e-mail<\/p>\n<\/li>\n<li data-section-id=\"1iu6rm0\" data-start=\"1493\" data-end=\"1511\">\n<p data-start=\"1495\" data-end=\"1511\">dost\u0119p do deski rozdzielczej<\/p>\n<\/li>\n<li data-section-id=\"1x517h0\" data-start=\"1512\" data-end=\"1528\">\n<p data-start=\"1514\" data-end=\"1528\">bezpieczna wiadomo\u015b\u0107<\/p>\n<\/li>\n<li data-section-id=\"16rvorr\" data-start=\"1529\" data-end=\"1552\">\n<p data-start=\"1531\" data-end=\"1552\">inna metoda cyfrowa.<\/p>\n<\/li>\n<\/ul>\n<p data-start=\"1554\" data-end=\"1612\">Czas dostawy mo\u017ce wynosi\u0107 od <strong data-start=\"1582\" data-end=\"1611\">kilku minut do 48 godzin<\/strong>.<\/p>\n<hr data-start=\"1614\" data-end=\"1617\">\n<h2 data-section-id=\"qzi6ty\" data-start=\"1619\" data-end=\"1633\">4. P\u0142atno\u015bci<\/h2>\n<p data-start=\"1635\" data-end=\"1662\">Akceptujemy p\u0142atno\u015bci za po\u015brednictwem:<\/p>\n<ul data-start=\"1664\" data-end=\"1721\">\n<li data-section-id=\"1v9v0f6\" data-start=\"1664\" data-end=\"1678\">\n<p data-start=\"1666\" data-end=\"1678\">karty kredytowe<\/p>\n<\/li>\n<li data-section-id=\"83ftfw\" data-start=\"1679\" data-end=\"1695\">\n<p data-start=\"1681\" data-end=\"1695\">kryptowaluta<\/p>\n<\/li>\n<li data-section-id=\"1ww43ph\" data-start=\"1696\" data-end=\"1721\">\n<p data-start=\"1698\" data-end=\"1721\">systemy p\u0142atno\u015bci online.<\/p>\n<\/li>\n<\/ul>\n<p data-start=\"1723\" data-end=\"1776\">Wszelkie op\u0142aty zwi\u0105zane z p\u0142atno\u015bciami le\u017c\u0105 po stronie kupuj\u0105cego.<\/p>\n<p data-start=\"1778\" data-end=\"1823\">Ceny mog\u0105 ulec zmianie w dowolnym momencie bez powiadomienia.<\/p>\n<hr data-start=\"1825\" data-end=\"1828\">\n<h2 data-section-id=\"1hkz0gf\" data-start=\"1830\" data-end=\"1850\">5. Zabronione u\u017cycie<\/h2>\n<p data-start=\"1852\" data-end=\"1887\">Klienci nie mog\u0105 u\u017cywa\u0107 kont do:<\/p>\n<ul data-start=\"1889\" data-end=\"1985\">\n<li data-section-id=\"y4nq1x\" data-start=\"1889\" data-end=\"1909\">\n<p data-start=\"1891\" data-end=\"1909\">nielegalne dzia\u0142ania<\/p>\n<\/li>\n<li data-section-id=\"16fw3os\" data-start=\"1910\" data-end=\"1917\">\n<p data-start=\"1912\" data-end=\"1917\">oszustwo<\/p>\n<\/li>\n<li data-section-id=\"16ndm13\" data-start=\"1918\" data-end=\"1925\">\n<p data-start=\"1920\" data-end=\"1925\">oszustwa<\/p>\n<\/li>\n<li data-section-id=\"1un1fv7\" data-start=\"1926\" data-end=\"1948\">\n<p data-start=\"1928\" data-end=\"1948\">dystrybucja z\u0142o\u015bliwego oprogramowania<\/p>\n<\/li>\n<li data-section-id=\"1x963fm\" data-start=\"1949\" data-end=\"1985\">\n<p data-start=\"1951\" data-end=\"1985\">naruszenie polityki reklamowej.<\/p>\n<\/li>\n<\/ul>\n<p data-start=\"1987\" data-end=\"2042\">Naruszenie mo\u017ce skutkowa\u0107 odmow\u0105 \u015bwiadczenia us\u0142ug bez zwrotu koszt\u00f3w.<\/p>\n<hr data-start=\"2044\" data-end=\"2047\">\n<h2 data-section-id=\"rn5gcb\" data-start=\"2049\" data-end=\"2078\">6. Ograniczenie odpowiedzialno\u015bci<\/h2>\n<p data-start=\"2080\" data-end=\"2115\">Witryna nie ponosi odpowiedzialno\u015bci za:<\/p>\n<ul data-start=\"2117\" data-end=\"2221\">\n<li data-section-id=\"1ackoxo\" data-start=\"2117\" data-end=\"2137\">\n<p data-start=\"2119\" data-end=\"2137\">zawieszenie konta<\/p>\n<\/li>\n<li data-section-id=\"iix3bu\" data-start=\"2138\" data-end=\"2178\">\n<p data-start=\"2140\" data-end=\"2178\">zmiany polityki us\u0142ug stron trzecich<\/p>\n<\/li>\n<li data-section-id=\"czqhdw\" data-start=\"2179\" data-end=\"2221\">\n<p data-start=\"2181\" data-end=\"2221\">straty finansowe zwi\u0105zane z reklam\u0105.<\/p>\n<\/li>\n<\/ul>\n<p data-start=\"2223\" data-end=\"2261\">Wszystkie us\u0142ugi s\u0105 \u015bwiadczone w stanie, w jakim <strong data-start=\"2249\" data-end=\"2260\"> si\u0119 znajduj\u0105<\/strong>.<\/p>\n<hr data-start=\"2263\" data-end=\"2266\">\n<h2 data-section-id=\"w5nn49\" data-start=\"2268\" data-end=\"2281\">7. Zmiany<\/h2>\n<p data-start=\"2283\" data-end=\"2330\">Sp\u00f3\u0142ka mo\u017ce aktualizowa\u0107 niniejsze Warunki w dowolnym czasie.<\/p>\n<hr data-start=\"2332\" data-end=\"2335\">\n<h2 data-section-id=\"3j270z\" data-start=\"2337\" data-end=\"2350\">8. Kontakt<\/h2>\n<p data-start=\"2352\" data-end=\"2390\">E-mail: <a data-start=\"2359\" data-end=\"2390\" class=\"decorated-link cursor-pointer\" rel=\"noopener\">support@buygoogleadsaccount.com<\/a><\/p>\n<p data-start=\"2352\" data-end=\"2390\">Telegram: @adsalexaccs<\/p>\n<p data-start=\"2352\" data-end=\"2390\">\n<p>[\/et_pb_text][\/et_pb_column][\/et_pb_row][\/et_pb_section]<\/p>\n","protected":false},"excerpt":{"rendered":"<p>Warunki \u015bwiadczenia us\u0142ug Data wej\u015bcia w \u017cycie: 2026 r. Witamy na stronie buygoogleadsaccount.com. Niniejsze Warunki \u015bwiadczenia us\u0142ug stanowi\u0105 prawnie wi\u0105\u017c\u0105c\u0105 umow\u0119 mi\u0119dzy u\u017cytkownikiem (&#8222;U\u017cytkownik&#8221;, &#8222;Klient&#8221;) a administracj\u0105 witryny buygoogleadsaccount.com (&#8222;Witryna&#8221;, &#8222;Firma&#8221;, &#8222;My&#8221;). Uzyskuj\u0105c dost\u0119p do Witryny lub dokonuj\u0105c w niej zakup\u00f3w, u\u017cytkownik wyra\u017ca zgod\u0119 na niniejsze Warunki. 1. Us\u0142ugi Witryna zapewnia us\u0142ugi cyfrowe, w tym [&hellip;]<\/p>\n","protected":false},"author":1,"featured_media":0,"parent":0,"menu_order":0,"comment_status":"closed","ping_status":"closed","template":"","meta":{"_seopress_robots_primary_cat":"","_seopress_titles_title":"","_seopress_titles_desc":"","_seopress_robots_index":"","_et_pb_use_builder":"on","_et_pb_old_content":"","_et_gb_content_width":"","footnotes":""},"class_list":["post-2795","page","type-page","status-publish","hentry"],"jetpack_sharing_enabled":true,"_links":{"self":[{"href":"https:\/\/www.buygoogleadsaccount.com\/pl\/wp-json\/wp\/v2\/pages\/2795","targetHints":{"allow":["GET"]}}],"collection":[{"href":"https:\/\/www.buygoogleadsaccount.com\/pl\/wp-json\/wp\/v2\/pages"}],"about":[{"href":"https:\/\/www.buygoogleadsaccount.com\/pl\/wp-json\/wp\/v2\/types\/page"}],"author":[{"embeddable":true,"href":"https:\/\/www.buygoogleadsaccount.com\/pl\/wp-json\/wp\/v2\/users\/1"}],"replies":[{"embeddable":true,"href":"https:\/\/www.buygoogleadsaccount.com\/pl\/wp-json\/wp\/v2\/comments?post=2795"}],"version-history":[{"count":7,"href":"https:\/\/www.buygoogleadsaccount.com\/pl\/wp-json\/wp\/v2\/pages\/2795\/revisions"}],"predecessor-version":[{"id":5024,"href":"https:\/\/www.buygoogleadsaccount.com\/pl\/wp-json\/wp\/v2\/pages\/2795\/revisions\/5024"}],"wp:attachment":[{"href":"https:\/\/www.buygoogleadsaccount.com\/pl\/wp-json\/wp\/v2\/media?parent=2795"}],"curies":[{"name":"wp","href":"https:\/\/api.w.org\/{rel}","templated":true}]}}