{"id":2872,"date":"2025-10-27T16:10:17","date_gmt":"2025-10-27T13:10:17","guid":{"rendered":"https:\/\/www.buygoogleadsaccount.com\/polityka-prywatno-ci-i-plik-w-cookie\/"},"modified":"2026-04-01T13:17:17","modified_gmt":"2026-04-01T10:17:17","slug":"polityka-prywatno-ci-i-plik-w-cookie","status":"publish","type":"page","link":"https:\/\/www.buygoogleadsaccount.com\/pl\/polityka-prywatno-ci-i-plik-w-cookie\/","title":{"rendered":"Polityka prywatno\u015bci i plik\u00f3w cookie"},"content":{"rendered":"<p>[et_pb_section fb_built=&#8221;1&#8243; _builder_version=&#8221;4.16&#8243; global_colors_info=&#8221;{}&#8221;][et_pb_row _builder_version=&#8221;4.16&#8243; background_size=&#8221;initial&#8221; background_position=&#8221;top_left&#8221; background_repeat=&#8221;repeat&#8221; global_colors_info=&#8221;{}&#8221;][et_pb_column type=&#8221;4_4&#8243; _builder_version=&#8221;4.16&#8243; custom_padding=&#8221;|||&#8221; global_colors_info=&#8221;{}&#8221; custom_padding__hover=&#8221;|||&#8221;][et_pb_text _builder_version=&#8221;4.27.4&#8243; background_size=&#8221;initial&#8221; background_position=&#8221;top_left&#8221; background_repeat=&#8221;repeat&#8221; hover_enabled=&#8221;0&#8243; global_colors_info=&#8221;{}&#8221; sticky_enabled=&#8221;0&#8243;]<\/p>\n<p><!-- divi:heading --><\/p>\n<p class=\"wp-block-heading\">Ostatnia aktualizacja: Marzec, 2026 r.<\/p>\n<h1 data-section-id=\"1ij7vfn\" data-start=\"2418\" data-end=\"2435\">Polityka prywatno\u015bci i polityka Cookei<\/h1>\n<p>&nbsp;<\/p>\n<h2 data-section-id=\"1ij7vfn\" data-start=\"2418\" data-end=\"2435\">Polityka prywatno\u015bci<\/h2>\n<p data-start=\"2437\" data-end=\"2457\">Data wej\u015bcia w \u017cycie: 2026 r.<\/p>\n<p data-start=\"2459\" data-end=\"2557\">Niniejsza Polityka prywatno\u015bci wyja\u015bnia, w jaki spos\u00f3b <strong data-start=\"2492\" data-end=\"2519\">buygoogleadsaccount.com<\/strong> gromadzi i przetwarza dane osobowe.<\/p>\n<hr data-start=\"2559\" data-end=\"2562\">\n<h2 data-section-id=\"1pmvrr9\" data-start=\"2564\" data-end=\"2589\">Gromadzone przez nas informacje<\/h2>\n<p data-start=\"2591\" data-end=\"2606\">Mo\u017cemy gromadzi\u0107 dane:<\/p>\n<ul data-start=\"2608\" data-end=\"2697\">\n<li data-section-id=\"1j3bszz\" data-start=\"2608\" data-end=\"2614\">\n<p data-start=\"2610\" data-end=\"2614\">nazwa<\/p>\n<\/li>\n<li data-section-id=\"okl7hu\" data-start=\"2615\" data-end=\"2630\">\n<p data-start=\"2617\" data-end=\"2630\">adres e-mail<\/p>\n<\/li>\n<li data-section-id=\"lyg2ke\" data-start=\"2631\" data-end=\"2652\">\n<p data-start=\"2633\" data-end=\"2652\">informacje dotycz\u0105ce p\u0142atno\u015bci<\/p>\n<\/li>\n<li data-section-id=\"1w1hmsn\" data-start=\"2653\" data-end=\"2665\">\n<p data-start=\"2655\" data-end=\"2665\">Adres IP<\/p>\n<\/li>\n<li data-section-id=\"1ne1y94\" data-start=\"2666\" data-end=\"2687\">\n<p data-start=\"2668\" data-end=\"2687\">informacje o przegl\u0105darce<\/p>\n<\/li>\n<li data-section-id=\"1zqcov\" data-start=\"2688\" data-end=\"2697\">\n<p data-start=\"2690\" data-end=\"2697\">ciasteczka<\/p>\n<\/li>\n<\/ul>\n<hr data-start=\"2699\" data-end=\"2702\">\n<h2 data-section-id=\"1usefoo\" data-start=\"2704\" data-end=\"2729\">Jak wykorzystujemy informacje<\/h2>\n<p data-start=\"2731\" data-end=\"2758\">Informacje mog\u0105 by\u0107 wykorzystywane do:<\/p>\n<ul data-start=\"2760\" data-end=\"2874\">\n<li data-section-id=\"xam5dq\" data-start=\"2760\" data-end=\"2776\">\n<p data-start=\"2762\" data-end=\"2776\">przetwarzanie zam\u00f3wie\u0144<\/p>\n<\/li>\n<li data-section-id=\"1y5fvsg\" data-start=\"2777\" data-end=\"2803\">\n<p data-start=\"2779\" data-end=\"2803\">zapewni\u0107 wsparcie klienta<\/p>\n<\/li>\n<li data-section-id=\"rtnrjk\" data-start=\"2804\" data-end=\"2825\">\n<p data-start=\"2806\" data-end=\"2825\">ulepszy\u0107 stron\u0119 internetow\u0105<\/p>\n<\/li>\n<li data-section-id=\"1m77jxe\" data-start=\"2826\" data-end=\"2841\">\n<p data-start=\"2828\" data-end=\"2841\">zapobieganie oszustwom<\/p>\n<\/li>\n<li data-section-id=\"i0m7du\" data-start=\"2842\" data-end=\"2874\">\n<p data-start=\"2844\" data-end=\"2874\">przestrzega\u0107 zobowi\u0105za\u0144 prawnych.<\/p>\n<\/li>\n<\/ul>\n<hr data-start=\"2876\" data-end=\"2879\">\n<h2 data-section-id=\"1oumuza\" data-start=\"2881\" data-end=\"2899\">Ochrona danych<\/h2>\n<p data-start=\"2901\" data-end=\"2942\">Wdra\u017camy \u015brodki bezpiecze\u0144stwa obejmuj\u0105ce:<\/p>\n<ul data-start=\"2944\" data-end=\"2999\">\n<li data-section-id=\"1xh15yf\" data-start=\"2944\" data-end=\"2956\">\n<p data-start=\"2946\" data-end=\"2956\">szyfrowanie<\/p>\n<\/li>\n<li data-section-id=\"1usrl1l\" data-start=\"2957\" data-end=\"2973\">\n<p data-start=\"2959\" data-end=\"2973\">bezpieczne serwery<\/p>\n<\/li>\n<li data-section-id=\"spe3u7\" data-start=\"2974\" data-end=\"2999\">\n<p data-start=\"2976\" data-end=\"2999\">ograniczony dost\u0119p do danych.<\/p>\n<\/li>\n<\/ul>\n<hr data-start=\"3001\" data-end=\"3004\">\n<h2 data-section-id=\"1nkfe3v\" data-start=\"3006\" data-end=\"3029\">Us\u0142ugi stron trzecich<\/h2>\n<p data-start=\"3031\" data-end=\"3071\">Mo\u017cemy korzysta\u0107 z us\u0142ug stron trzecich, takich jak:<\/p>\n<ul data-start=\"3073\" data-end=\"3130\">\n<li data-section-id=\"1heucao\" data-start=\"3073\" data-end=\"3092\">\n<p data-start=\"3075\" data-end=\"3092\">dostawcy p\u0142atno\u015bci<\/p>\n<\/li>\n<li data-section-id=\"11wd2qd\" data-start=\"3093\" data-end=\"3110\">\n<p data-start=\"3095\" data-end=\"3110\">narz\u0119dzia analityczne<\/p>\n<\/li>\n<li data-section-id=\"1aq3lmw\" data-start=\"3111\" data-end=\"3130\">\n<p data-start=\"3113\" data-end=\"3130\">us\u0142ugi hostingowe.<\/p>\n<\/li>\n<\/ul>\n<p data-start=\"3132\" data-end=\"3198\">Dostawcy ci mog\u0105 przetwarza\u0107 dane u\u017cytkownika zgodnie ze swoimi zasadami.<\/p>\n<hr data-start=\"3200\" data-end=\"3203\">\n<h2 data-section-id=\"17t6qev\" data-start=\"3205\" data-end=\"3219\">Prawa wynikaj\u0105ce z RODO<\/h2>\n<p data-start=\"3221\" data-end=\"3239\">U\u017cytkownicy mog\u0105 za\u017c\u0105da\u0107:<\/p>\n<ul data-start=\"3241\" data-end=\"3319\">\n<li data-section-id=\"1qmlvnj\" data-start=\"3241\" data-end=\"3266\">\n<p data-start=\"3243\" data-end=\"3266\">dost\u0119p do danych osobowych<\/p>\n<\/li>\n<li data-section-id=\"5b32la\" data-start=\"3267\" data-end=\"3279\">\n<p data-start=\"3269\" data-end=\"3279\">korekta<\/p>\n<\/li>\n<li data-section-id=\"1bw2jdo\" data-start=\"3280\" data-end=\"3290\">\n<p data-start=\"3282\" data-end=\"3290\">usuni\u0119cie<\/p>\n<\/li>\n<li data-section-id=\"1nb8qls\" data-start=\"3291\" data-end=\"3319\">\n<p data-start=\"3293\" data-end=\"3319\">ograniczenie przetwarzania.<\/p>\n<\/li>\n<\/ul>\n<p data-start=\"3321\" data-end=\"3345\">Wnioski mo\u017cna przesy\u0142a\u0107 na adres:<\/p>\n<p data-start=\"3347\" data-end=\"3378\"><a data-start=\"3347\" data-end=\"3378\" class=\"decorated-link cursor-pointer\" rel=\"noopener\">support@buygoogleadsaccount.com<\/a><\/p>\n<p data-start=\"3347\" data-end=\"3378\">\n<p data-start=\"3347\" data-end=\"3378\">\n<h2 data-section-id=\"fhqaqp\" data-start=\"3927\" data-end=\"3943\">Polityka dotycz\u0105ca plik\u00f3w cookie<\/h2>\n<p data-start=\"3945\" data-end=\"3997\">Witryna wykorzystuje pliki cookie w celu poprawy komfortu u\u017cytkowania.<\/p>\n<p data-start=\"3999\" data-end=\"4015\">Pliki cookie pomagaj\u0105 nam:<\/p>\n<ul data-start=\"4017\" data-end=\"4085\">\n<li data-section-id=\"1ogpdti\" data-start=\"4017\" data-end=\"4044\">\n<p data-start=\"4019\" data-end=\"4044\">zapami\u0119tywanie preferencji u\u017cytkownika<\/p>\n<\/li>\n<li data-section-id=\"i2ety9\" data-start=\"4045\" data-end=\"4062\">\n<p data-start=\"4047\" data-end=\"4062\">analizowa\u0107 ruch<\/p>\n<\/li>\n<li data-section-id=\"8m9lwk\" data-start=\"4063\" data-end=\"4085\">\n<p data-start=\"4065\" data-end=\"4085\">poprawi\u0107 wydajno\u015b\u0107.<\/p>\n<\/li>\n<\/ul>\n<p data-start=\"4087\" data-end=\"4109\">Rodzaje u\u017cywanych plik\u00f3w cookie:<\/p>\n<p data-start=\"4111\" data-end=\"4170\"><strong data-start=\"4111\" data-end=\"4132\">Niezb\u0119dne pliki cookie<\/strong><br data-start=\"4132\" data-end=\"4135\">Wymagane do dzia\u0142ania witryny.<\/p>\n<p data-start=\"4172\" data-end=\"4245\"><strong data-start=\"4172\" data-end=\"4193\">Analityczne pliki cookie<\/strong><br data-start=\"4193\" data-end=\"4196\">Pomagaj\u0105 zrozumie\u0107, w jaki spos\u00f3b u\u017cytkownicy wchodz\u0105 w interakcj\u0119 z witryn\u0105.<\/p>\n<p data-start=\"4247\" data-end=\"4308\"><strong data-start=\"4247\" data-end=\"4268\">Marketingowe pliki cookie<\/strong><br data-start=\"4268\" data-end=\"4271\">Mog\u0105 by\u0107 wykorzystywane do cel\u00f3w reklamowych.<\/p>\n<p data-start=\"4310\" data-end=\"4362\">U\u017cytkownicy mog\u0105 wy\u0142\u0105czy\u0107 pliki cookie w ustawieniach przegl\u0105darki.<\/p>\n<p>&nbsp;<\/p>\n<p>&nbsp;<\/p>\n<p><!-- \/divi:paragraph --><\/p>\n<p>[\/et_pb_text][\/et_pb_column][\/et_pb_row][\/et_pb_section]<\/p>\n","protected":false},"excerpt":{"rendered":"<p>Ostatnia aktualizacja: Marzec, 2026 r. Polityka prywatno\u015bci i polityka Cookei &nbsp; Polityka prywatno\u015bci Data wej\u015bcia w \u017cycie: 2026 r. Niniejsza Polityka prywatno\u015bci wyja\u015bnia, w jaki spos\u00f3b buygoogleadsaccount.com gromadzi i przetwarza dane osobowe. Gromadzone przez nas informacje Mo\u017cemy gromadzi\u0107 dane: nazwa adres e-mail informacje dotycz\u0105ce p\u0142atno\u015bci Adres IP informacje o przegl\u0105darce ciasteczka Jak wykorzystujemy informacje Informacje [&hellip;]<\/p>\n","protected":false},"author":1,"featured_media":0,"parent":0,"menu_order":0,"comment_status":"closed","ping_status":"closed","template":"","meta":{"_seopress_robots_primary_cat":"","_seopress_titles_title":"","_seopress_titles_desc":"","_seopress_robots_index":"","_et_pb_use_builder":"on","_et_pb_old_content":"","_et_gb_content_width":"","footnotes":""},"class_list":["post-2872","page","type-page","status-publish","hentry"],"jetpack_sharing_enabled":true,"_links":{"self":[{"href":"https:\/\/www.buygoogleadsaccount.com\/pl\/wp-json\/wp\/v2\/pages\/2872","targetHints":{"allow":["GET"]}}],"collection":[{"href":"https:\/\/www.buygoogleadsaccount.com\/pl\/wp-json\/wp\/v2\/pages"}],"about":[{"href":"https:\/\/www.buygoogleadsaccount.com\/pl\/wp-json\/wp\/v2\/types\/page"}],"author":[{"embeddable":true,"href":"https:\/\/www.buygoogleadsaccount.com\/pl\/wp-json\/wp\/v2\/users\/1"}],"replies":[{"embeddable":true,"href":"https:\/\/www.buygoogleadsaccount.com\/pl\/wp-json\/wp\/v2\/comments?post=2872"}],"version-history":[{"count":5,"href":"https:\/\/www.buygoogleadsaccount.com\/pl\/wp-json\/wp\/v2\/pages\/2872\/revisions"}],"predecessor-version":[{"id":5014,"href":"https:\/\/www.buygoogleadsaccount.com\/pl\/wp-json\/wp\/v2\/pages\/2872\/revisions\/5014"}],"wp:attachment":[{"href":"https:\/\/www.buygoogleadsaccount.com\/pl\/wp-json\/wp\/v2\/media?parent=2872"}],"curies":[{"name":"wp","href":"https:\/\/api.w.org\/{rel}","templated":true}]}}