{"id":4658,"date":"2026-03-27T14:42:39","date_gmt":"2026-03-27T11:42:39","guid":{"rendered":"https:\/\/www.buygoogleadsaccount.com\/us-ugi-zarz-dzania-kampaniami-google-ads\/"},"modified":"2026-03-27T15:20:01","modified_gmt":"2026-03-27T12:20:01","slug":"us-ugi-zarz-dzania-kampaniami-google-ads","status":"publish","type":"page","link":"https:\/\/www.buygoogleadsaccount.com\/pl\/us-ugi-zarz-dzania-kampaniami-google-ads\/","title":{"rendered":"Us\u0142ugi zarz\u0105dzania kampaniami Google Ads"},"content":{"rendered":"<p>[et_pb_section fb_built=&#8221;1&#8243; theme_builder_area=&#8221;post_content&#8221; _builder_version=&#8221;4.27.4&#8243; _module_preset=&#8221;default&#8221;][et_pb_row _builder_version=&#8221;4.27.4&#8243; _module_preset=&#8221;default&#8221; theme_builder_area=&#8221;post_content&#8221;][et_pb_column _builder_version=&#8221;4.27.4&#8243; _module_preset=&#8221;default&#8221; type=&#8221;4_4&#8243; theme_builder_area=&#8221;post_content&#8221;][et_pb_heading title=&#8221;Us\u0142ugi zarz\u0105dzania kampaniami Google Ads&#8221; _builder_version=&#8221;4.27.4&#8243; _module_preset=&#8221;default&#8221; theme_builder_area=&#8221;post_content&#8221; title_text_align=&#8221;center&#8221; hover_enabled=&#8221;0&#8243; sticky_enabled=&#8221;0&#8243; title_text_color=&#8221;#0fa9fc&#8221; title_font_size=&#8221;40px&#8221;][\/et_pb_heading][\/et_pb_column][\/et_pb_row][et_pb_row _builder_version=&#8221;4.27.4&#8243; _module_preset=&#8221;default&#8221; column_structure=&#8221;1_3,1_3,1_3&#8243; theme_builder_area=&#8221;post_content&#8221;][et_pb_column _builder_version=&#8221;4.27.4&#8243; _module_preset=&#8221;default&#8221; type=&#8221;1_3&#8243; theme_builder_area=&#8221;post_content&#8221;][et_pb_pricing_tables _builder_version=&#8221;4.27.4&#8243; _module_preset=&#8221;default&#8221; link_option_url_new_window=&#8221;on&#8221; hover_enabled=&#8221;0&#8243; global_colors_info=&#8221;{}&#8221; theme_builder_area=&#8221;post_content&#8221; sticky_enabled=&#8221;0&#8243; link_option_url=&#8221;https:\/\/t.me\/adsalexaccs&#8221;][et_pb_pricing_table title=&#8221;PODSTAWOWY&#8221; currency=&#8221;$&#8221; sum=&#8221;300&#8243; button_url=&#8221;https:\/\/t.me\/adsalexaccs&#8221; url_new_window=&#8221;on&#8221; button_text=&#8221;Kup teraz \/ Rozmowa z mened\u017cerem&#8221; _builder_version=&#8221;4.27.4&#8243; _module_preset=&#8221;default&#8221; link_option_url_new_window=&#8221;on&#8221; hover_enabled=&#8221;0&#8243; global_colors_info=&#8221;{}&#8221; sticky_transition=&#8221;on&#8221; theme_builder_area=&#8221;post_content&#8221; sticky_enabled=&#8221;0&#8243;]<\/p>\n<p data-section-id=\"ctflb8\" data-start=\"192\" data-end=\"241\">1 kampania, do 15 s\u0142\u00f3w kluczowych<br \/>1 reklama responsywna<br \/>1 DARMOWA optymalizacja w ci\u0105gu 30 dni od uruchomienia<br \/> 7-dniowa<strong>dostawa<\/strong><br \/>Konfiguracja konta<br \/>1 sugestia<br \/>1 sugestia dotycz\u0105ca kierowania na odbiorc\u00f3w<br \/>3 rozszerzenia reklam<br \/>Kontrola jako\u015bci kampanii<\/p>\n<p>[\/et_pb_pricing_table][\/et_pb_pricing_tables][\/et_pb_column][et_pb_column _builder_version=&#8221;4.27.4&#8243; _module_preset=&#8221;default&#8221; type=&#8221;1_3&#8243; theme_builder_area=&#8221;post_content&#8221;][et_pb_pricing_tables _builder_version=&#8221;4.27.4&#8243; _module_preset=&#8221;default&#8221; link_option_url_new_window=&#8221;on&#8221; global_colors_info=&#8221;{}&#8221; theme_builder_area=&#8221;post_content&#8221; hover_enabled=&#8221;0&#8243; sticky_enabled=&#8221;0&#8243;][et_pb_pricing_table title=&#8221;SPRZEDA\u017b I LEADY&#8221; currency=&#8221;$&#8221; sum=&#8221;600&#8243; button_url=&#8221;https:\/\/t.me\/adsalexaccs&#8221; url_new_window=&#8221;on&#8221; button_text=&#8221;Kup teraz \/ Rozmowa z mened\u017cerem&#8221; _builder_version=&#8221;4.27.4&#8243; _module_preset=&#8221;default&#8221; link_option_url_new_window=&#8221;on&#8221; global_colors_info=&#8221;{}&#8221; sticky_transition=&#8221;on&#8221; theme_builder_area=&#8221;post_content&#8221; hover_enabled=&#8221;0&#8243; sticky_enabled=&#8221;0&#8243;]<\/p>\n<p>1 kampania, do 30 s\u0142\u00f3w kluczowych<br \/>2 reklamy responsywne<br \/>1 DARMOWA optymalizacja w ci\u0105gu 30 dni od uruchomienia<br \/> 6-dniowa<strong>dostawa<\/strong><br \/>Konfiguracja konta<br \/>2 sugestie<br \/>2 sugestie dotycz\u0105ce kierowania na odbiorc\u00f3w<br \/>4 rozszerzenia reklam<br \/>Kontrola jako\u015bci kampanii<\/p>\n<p>[\/et_pb_pricing_table][\/et_pb_pricing_tables][\/et_pb_column][et_pb_column _builder_version=&#8221;4.27.4&#8243; _module_preset=&#8221;default&#8221; type=&#8221;1_3&#8243; theme_builder_area=&#8221;post_content&#8221;][et_pb_pricing_tables _builder_version=&#8221;4.27.4&#8243; _module_preset=&#8221;default&#8221; link_option_url_new_window=&#8221;on&#8221; global_colors_info=&#8221;{}&#8221; theme_builder_area=&#8221;post_content&#8221; hover_enabled=&#8221;0&#8243; sticky_enabled=&#8221;0&#8243;][et_pb_pricing_table title=&#8221;SALES &amp; LEADS PRO&#8221; currency=&#8221;$&#8221; sum=&#8221;750&#8243; button_url=&#8221;https:\/\/t.me\/adsalexaccs&#8221; url_new_window=&#8221;on&#8221; button_text=&#8221;Kup teraz \/ Rozmowa z mened\u017cerem&#8221; _builder_version=&#8221;4.27.4&#8243; _module_preset=&#8221;default&#8221; link_option_url_new_window=&#8221;on&#8221; global_colors_info=&#8221;{}&#8221; sticky_transition=&#8221;on&#8221; theme_builder_area=&#8221;post_content&#8221; hover_enabled=&#8221;0&#8243; sticky_enabled=&#8221;0&#8243;]<\/p>\n<p>1 kampania, ponad 50 s\u0142\u00f3w kluczowych<br \/>Ponad 3 reklamy responsywne<br \/>3 DARMOWE optymalizacje w ci\u0105gu 30 dni od uruchomienia<br \/><strong>Dostawa w<\/strong> ci\u0105gu 6 dni<br \/>Konfiguracja konta<br \/>3 sugestie<br \/>3 sugestie dotycz\u0105ce kierowania na odbiorc\u00f3w<br \/>5 rozszerze\u0144 reklam<br \/>Kontrola jako\u015bci kampanii<\/p>\n<p>[\/et_pb_pricing_table][\/et_pb_pricing_tables][\/et_pb_column][\/et_pb_row][et_pb_row _builder_version=&#8221;4.27.4&#8243; _module_preset=&#8221;default&#8221; theme_builder_area=&#8221;post_content&#8221;][et_pb_column _builder_version=&#8221;4.27.4&#8243; _module_preset=&#8221;default&#8221; type=&#8221;4_4&#8243; theme_builder_area=&#8221;post_content&#8221;][et_pb_heading title=&#8221;Us\u0142ugi kampanii Google Ads \ud83d\udc47&#8221; _builder_version=&#8221;4.27.4&#8243; _module_preset=&#8221;default&#8221; theme_builder_area=&#8221;post_content&#8221; title_level=&#8221;h2&#8243; hover_enabled=&#8221;0&#8243; sticky_enabled=&#8221;0&#8243; title_text_color=&#8221;#000000&#8243; title_font_size=&#8221;32px&#8221; title_text_align=&#8221;left&#8221;][\/et_pb_heading][\/et_pb_column][\/et_pb_row][et_pb_row _builder_version=&#8221;4.27.4&#8243; _module_preset=&#8221;default&#8221; theme_builder_area=&#8221;post_content&#8221;][et_pb_column _builder_version=&#8221;4.27.4&#8243; _module_preset=&#8221;default&#8221; type=&#8221;4_4&#8243; theme_builder_area=&#8221;post_content&#8221;][et_pb_accordion _builder_version=&#8221;4.27.4&#8243; _module_preset=&#8221;default&#8221; theme_builder_area=&#8221;post_content&#8221; hover_enabled=&#8221;0&#8243; sticky_enabled=&#8221;0&#8243;][et_pb_accordion_item title=&#8221;Starszy ekspert Google Ads \ud83d\ude80&#8221; _builder_version=&#8221;4.27.4&#8243; _module_preset=&#8221;default&#8221; open=&#8221;on&#8221; theme_builder_area=&#8221;post_content&#8221; toggle_level=&#8221;h5&#8243; hover_enabled=&#8221;0&#8243; sticky_enabled=&#8221;0&#8243;]<\/p>\n<p>Opracowujemy oparte na danych strategie Google Ads dostosowane do Twoich cel\u00f3w biznesowych, pomagaj\u0105c Ci rozwija\u0107 si\u0119 z jasno\u015bci\u0105, kontrol\u0105 i mierzalnymi wynikami\ud83d\udcc8.<\/p>\n<p>[\/et_pb_accordion_item][et_pb_accordion_item title=&#8221;15 lat do\u015bwiadczenia w PPC \ud83d\udd52&#8221; _builder_version=&#8221;4.27.4&#8243; _module_preset=&#8221;default&#8221; open=&#8221;off&#8221; theme_builder_area=&#8221;post_content&#8221; toggle_level=&#8221;h5&#8243; hover_enabled=&#8221;0&#8243; sticky_enabled=&#8221;0&#8243;]<\/p>\n<p>Dzi\u0119ki 15-letniemu praktycznemu do\u015bwiadczeniu w PPC wiemy, jak skutecznie uruchamia\u0107, optymalizowa\u0107 i skalowa\u0107 kampanie w r\u00f3\u017cnych niszach i bud\u017cetach \ud83c\udfaf<\/p>\n<p>[\/et_pb_accordion_item][et_pb_accordion_item title=&#8221;Certyfikowany partner Google \u2705&#8221; _builder_version=&#8221;4.27.4&#8243; _module_preset=&#8221;default&#8221; theme_builder_area=&#8221;post_content&#8221; hover_enabled=&#8221;0&#8243; sticky_enabled=&#8221;0&#8243; open=&#8221;off&#8221;]<\/p>\n<p>Jako certyfikowany partner Google stosujemy sprawdzone najlepsze praktyki i jeste\u015bmy na bie\u017c\u0105co z najnowszymi standardami platformy, narz\u0119dziami i aktualizacjami reklam \ud83d\udd0d<\/p>\n<p>[\/et_pb_accordion_item][et_pb_accordion_item title=&#8221;#1 w Google Ads \ud83e\udd47&#8221; _builder_version=&#8221;4.27.4&#8243; _module_preset=&#8221;default&#8221; theme_builder_area=&#8221;post_content&#8221; hover_enabled=&#8221;0&#8243; sticky_enabled=&#8221;0&#8243; open=&#8221;off&#8221;]<\/p>\n<p>Pracuj z wielokrotnie nagradzanym zespo\u0142em, kt\u00f3remu zaufano za tworzenie wysokowydajnych kampanii Google Ads z silnym naciskiem na jako\u015b\u0107, przejrzysto\u015b\u0107 i d\u0142ugoterminowe wyniki \ud83e\udd1d<\/p>\n<p>[\/et_pb_accordion_item][\/et_pb_accordion][\/et_pb_column][\/et_pb_row][\/et_pb_section]<\/p>\n","protected":false},"excerpt":{"rendered":"<p>1 kampania, do 15 s\u0142\u00f3w kluczowych1 reklama responsywna1 DARMOWA optymalizacja w ci\u0105gu 30 dni od uruchomienia 7-dniowadostawaKonfiguracja konta1 sugestia1 sugestia dotycz\u0105ca kierowania na odbiorc\u00f3w3 rozszerzenia reklamKontrola jako\u015bci kampanii1 kampania, do 30 s\u0142\u00f3w kluczowych2 reklamy responsywne1 DARMOWA optymalizacja w ci\u0105gu 30 dni od uruchomienia 6-dniowadostawaKonfiguracja konta2 sugestie2 sugestie dotycz\u0105ce kierowania na odbiorc\u00f3w4 rozszerzenia reklamKontrola jako\u015bci kampanii1 [&hellip;]<\/p>\n","protected":false},"author":1,"featured_media":0,"parent":0,"menu_order":0,"comment_status":"closed","ping_status":"closed","template":"","meta":{"_seopress_robots_primary_cat":"","_seopress_titles_title":"Us\u0142ugi zarz\u0105dzania kampaniami Google Ads","_seopress_titles_desc":"Profesjonalne us\u0142ugi zarz\u0105dzania kampaniami Google Ads skoncentrowane na strategii, optymalizacji i mierzalnym wzro\u015bcie dla Twojej firmy.","_seopress_robots_index":"","_et_pb_use_builder":"on","_et_pb_old_content":"","_et_gb_content_width":"","footnotes":""},"class_list":["post-4658","page","type-page","status-publish","hentry"],"jetpack_sharing_enabled":true,"_links":{"self":[{"href":"https:\/\/www.buygoogleadsaccount.com\/pl\/wp-json\/wp\/v2\/pages\/4658","targetHints":{"allow":["GET"]}}],"collection":[{"href":"https:\/\/www.buygoogleadsaccount.com\/pl\/wp-json\/wp\/v2\/pages"}],"about":[{"href":"https:\/\/www.buygoogleadsaccount.com\/pl\/wp-json\/wp\/v2\/types\/page"}],"author":[{"embeddable":true,"href":"https:\/\/www.buygoogleadsaccount.com\/pl\/wp-json\/wp\/v2\/users\/1"}],"replies":[{"embeddable":true,"href":"https:\/\/www.buygoogleadsaccount.com\/pl\/wp-json\/wp\/v2\/comments?post=4658"}],"version-history":[{"count":2,"href":"https:\/\/www.buygoogleadsaccount.com\/pl\/wp-json\/wp\/v2\/pages\/4658\/revisions"}],"predecessor-version":[{"id":4660,"href":"https:\/\/www.buygoogleadsaccount.com\/pl\/wp-json\/wp\/v2\/pages\/4658\/revisions\/4660"}],"wp:attachment":[{"href":"https:\/\/www.buygoogleadsaccount.com\/pl\/wp-json\/wp\/v2\/media?parent=4658"}],"curies":[{"name":"wp","href":"https:\/\/api.w.org\/{rel}","templated":true}]}}