{"id":4911,"date":"2026-03-25T14:24:18","date_gmt":"2026-03-25T11:24:18","guid":{"rendered":"https:\/\/www.buygoogleadsaccount.com\/weryfikacja-reklam-google\/"},"modified":"2026-04-01T13:09:08","modified_gmt":"2026-04-01T10:09:08","slug":"weryfikacja-reklam-google","status":"publish","type":"page","link":"https:\/\/www.buygoogleadsaccount.com\/pl\/weryfikacja-reklam-google\/","title":{"rendered":"Weryfikacja reklam Google"},"content":{"rendered":"<p>[et_pb_section fb_built=&#8221;1&#8243; _builder_version=&#8221;4.27.4&#8243; _module_preset=&#8221;default&#8221; global_colors_info=&#8221;{}&#8221;][et_pb_row _builder_version=&#8221;4.27.4&#8243; _module_preset=&#8221;default&#8221; min_height=&#8221;72px&#8221; custom_margin=&#8221;-11px|auto||auto||&#8221; global_colors_info=&#8221;{}&#8221;][et_pb_column type=&#8221;4_4&#8243; _builder_version=&#8221;4.27.4&#8243; _module_preset=&#8221;default&#8221; global_colors_info=&#8221;{}&#8221;][et_pb_heading title=&#8221;WERYFIKACJA REKLAM GOOGLE&#8221; _builder_version=&#8221;4.27.4&#8243; _module_preset=&#8221;default&#8221; title_font=&#8221;|600|||||||&#8221; title_text_align=&#8221;center&#8221; title_text_color=&#8221;#0C71C3&#8243; title_font_size=&#8221;35px&#8221; min_height=&#8221;22px&#8221; global_colors_info=&#8221;{}&#8221;][\/et_pb_heading][\/et_pb_column][\/et_pb_row][et_pb_row column_structure=&#8221;1_2,1_2&#8243; _builder_version=&#8221;4.27.4&#8243; _module_preset=&#8221;default&#8221; global_colors_info=&#8221;{}&#8221;][et_pb_column type=&#8221;1_2&#8243; _builder_version=&#8221;4.27.4&#8243; _module_preset=&#8221;default&#8221; global_colors_info=&#8221;{}&#8221;][et_pb_pricing_tables _builder_version=&#8221;4.27.4&#8243; _module_preset=&#8221;default&#8221; global_colors_info=&#8221;{}&#8221;][et_pb_pricing_table title=&#8221;Us\u0142uga weryfikacji biznesowej Google Ads&#8221; subtitle=&#8221;Ulepsz swoj\u0105 gr\u0119 reklamow\u0105&#8221; currency=&#8221;$&#8221; sum=&#8221;150&#8243; button_url=&#8221;https:\/\/t.me\/adsalexaccs&#8221; url_new_window=&#8221;on&#8221; button_text=&#8221;Uzyskaj weryfikacj\u0119 ju\u017c dzi\u015b&#8221; _builder_version=&#8221;4.27.4&#8243; _module_preset=&#8221;default&#8221; link_option_url_new_window=&#8221;on&#8221; global_colors_info=&#8221;{}&#8221; sticky_transition=&#8221;on&#8221;]<\/p>\n<h2 data-section-id=\"uxf01n\" data-start=\"200\" data-end=\"251\">Szybka i niezawodna weryfikacja biznesowa Google Ads<\/h2>\n<p data-start=\"253\" data-end=\"378\">Pomagamy firmom pomy\u015blnie przej\u015b\u0107 <strong data-start=\"294\" data-end=\"330\">weryfikacj\u0119 biznesow\u0105 Google Ads<\/strong> i zatwierdzi\u0107 ich konta bez op\u00f3\u017anie\u0144.<\/p>\n<p data-start=\"253\" data-end=\"378\">\n<p data-start=\"380\" data-end=\"556\">Je\u015bli Twoje konto Google Ads jest ograniczone lub wymaga weryfikacji, nasz zesp\u00f3\u0142 zapewnia pe\u0142ne wsparcie, aby przeprowadzi\u0107 Ci\u0119 przez ten proces i zapewni\u0107 zgodno\u015b\u0107 z zasadami Google.<\/p>\n<p>[\/et_pb_pricing_table][\/et_pb_pricing_tables][\/et_pb_column][et_pb_column type=&#8221;1_2&#8243; _builder_version=&#8221;4.27.4&#8243; _module_preset=&#8221;default&#8221; global_colors_info=&#8221;{}&#8221;][et_pb_pricing_tables _builder_version=&#8221;4.27.4&#8243; _module_preset=&#8221;default&#8221; link_option_url_new_window=&#8221;on&#8221; global_colors_info=&#8221;{}&#8221;][et_pb_pricing_table title=&#8221;Weryfikacja to\u017csamo\u015bci Google Ads&#8221; subtitle=&#8221;Zabezpiecz swoje do\u015bwiadczenie reklamowe&#8221; currency=&#8221;$&#8221; sum=&#8221;70&#8243; button_url=&#8221;https:\/\/t.me\/adsalexaccs&#8221; url_new_window=&#8221;on&#8221; button_text=&#8221;Uzyskaj weryfikacj\u0119 ju\u017c dzi\u015b&#8221; _builder_version=&#8221;4.27.4&#8243; _module_preset=&#8221;default&#8221; link_option_url_new_window=&#8221;on&#8221; global_colors_info=&#8221;{}&#8221; sticky_transition=&#8221;on&#8221;]<\/p>\n<h2 data-section-id=\"ctflb8\" data-start=\"192\" data-end=\"241\">Szybka i bezpieczna weryfikacja to\u017csamo\u015bci Google Ads<\/h2>\n<p data-start=\"243\" data-end=\"386\">Pomagamy osobom fizycznym i firmom w pomy\u015blnej <strong data-start=\"300\" data-end=\"336\">weryfikacji to\u017csamo\u015bci Google Ads<\/strong> i utrzymaniu pe\u0142nej aktywno\u015bci ich kont reklamowych.<\/p>\n<p data-start=\"243\" data-end=\"386\">Je\u015bli Twoje konto jest sprawdzane lub ograniczone ze wzgl\u0119du na wymagania dotycz\u0105ce weryfikacji to\u017csamo\u015bci, nasz zesp\u00f3\u0142 przeprowadzi Ci\u0119 przez ka\u017cdy etap procesu.<\/p>\n<p>[\/et_pb_pricing_table][\/et_pb_pricing_tables][\/et_pb_column][\/et_pb_row][et_pb_row _builder_version=&#8221;4.27.4&#8243; _module_preset=&#8221;default&#8221; global_colors_info=&#8221;{}&#8221;][et_pb_column type=&#8221;4_4&#8243; _builder_version=&#8221;4.27.4&#8243; _module_preset=&#8221;default&#8221; global_colors_info=&#8221;{}&#8221;][et_pb_heading title=&#8221;Weryfikacja Google Ads Business \ud83c\udfe2&#8221; _builder_version=&#8221;4.27.4&#8243; _module_preset=&#8221;default&#8221; title_level=&#8221;h2&#8243; global_colors_info=&#8221;{}&#8221;][\/et_pb_heading][\/et_pb_column][\/et_pb_row][et_pb_row _builder_version=&#8221;4.27.4&#8243; _module_preset=&#8221;default&#8221; custom_margin=&#8221;-13px|auto||auto||&#8221; global_colors_info=&#8221;{}&#8221;][et_pb_column type=&#8221;4_4&#8243; _builder_version=&#8221;4.27.4&#8243; _module_preset=&#8221;default&#8221; global_colors_info=&#8221;{}&#8221;][et_pb_text _builder_version=&#8221;4.27.4&#8243; _module_preset=&#8221;default&#8221; custom_margin=&#8221;-35px|||||&#8221; global_colors_info=&#8221;{}&#8221;]<\/p>\n<p>Pomagamy firmom przygotowa\u0107 si\u0119 do weryfikacji Google Ads Business, w tym sprawdzi\u0107 dane konta, informacje rozliczeniowe i sp\u00f3jno\u015b\u0107 dokument\u00f3w. Odpowiednie przygotowanie zmniejsza liczb\u0119 b\u0142\u0119d\u00f3w i usprawnia proces. <\/p>\n<p>[\/et_pb_text][\/et_pb_column][\/et_pb_row][et_pb_row _builder_version=&#8221;4.27.4&#8243; _module_preset=&#8221;default&#8221; global_colors_info=&#8221;{}&#8221;][et_pb_column type=&#8221;4_4&#8243; _builder_version=&#8221;4.27.4&#8243; _module_preset=&#8221;default&#8221; global_colors_info=&#8221;{}&#8221;][et_pb_heading title=&#8221;Jak przej\u015b\u0107 weryfikacj\u0119 Google ads Business \u2699\ufe0f&#8221; _builder_version=&#8221;4.27.4&#8243; _module_preset=&#8221;default&#8221; title_level=&#8221;h2&#8243; custom_margin=&#8221;-22px|||||&#8221; global_colors_info=&#8221;{}&#8221;][\/et_pb_heading][\/et_pb_column][\/et_pb_row][et_pb_row _builder_version=&#8221;4.27.4&#8243; _module_preset=&#8221;default&#8221; custom_margin=&#8221;-14px|auto||auto||&#8221; global_colors_info=&#8221;{}&#8221;][et_pb_column type=&#8221;4_4&#8243; _builder_version=&#8221;4.27.4&#8243; _module_preset=&#8221;default&#8221; global_colors_info=&#8221;{}&#8221;][et_pb_text _builder_version=&#8221;4.27.4&#8243; _module_preset=&#8221;default&#8221; custom_margin=&#8221;-38px|||||&#8221; global_colors_info=&#8221;{}&#8221;]<\/p>\n<p>Aby pomy\u015blnie przej\u015b\u0107 weryfikacj\u0119, wszystkie dane konta powinny by\u0107 zgodne z oficjalnymi dokumentami. Nazwa firmy, profil rozliczeniowy i przes\u0142ane dane musz\u0105 by\u0107 dok\u0142adne i sp\u00f3jne. Dobrze przygotowane konto daje znacznie wi\u0119ksze szanse na uko\u0144czenie weryfikacji bez op\u00f3\u017anie\u0144 \ud83d\ude80  <\/p>\n<p>[\/et_pb_text][\/et_pb_column][\/et_pb_row][et_pb_row _builder_version=&#8221;4.27.4&#8243; _module_preset=&#8221;default&#8221; global_colors_info=&#8221;{}&#8221;][et_pb_column type=&#8221;4_4&#8243; _builder_version=&#8221;4.27.4&#8243; _module_preset=&#8221;default&#8221; global_colors_info=&#8221;{}&#8221;][et_pb_heading title=&#8221;Weryfikacja reklam Google \ud83d\udd0d&#8221; _builder_version=&#8221;4.27.4&#8243; _module_preset=&#8221;default&#8221; title_level=&#8221;h3&#8243; custom_margin=&#8221;-24px|||||&#8221; global_colors_info=&#8221;{}&#8221;][\/et_pb_heading][\/et_pb_column][\/et_pb_row][et_pb_row _builder_version=&#8221;4.27.4&#8243; _module_preset=&#8221;default&#8221; global_colors_info=&#8221;{}&#8221;][et_pb_column type=&#8221;4_4&#8243; _builder_version=&#8221;4.27.4&#8243; _module_preset=&#8221;default&#8221; global_colors_info=&#8221;{}&#8221;][et_pb_text _builder_version=&#8221;4.27.4&#8243; _module_preset=&#8221;default&#8221; custom_margin=&#8221;-54px|||||&#8221; global_colors_info=&#8221;{}&#8221;]<\/p>\n<p>Weryfikacja reklam Google mo\u017ce dotyczy\u0107 zar\u00f3wno firm, jak i os\u00f3b prywatnych. Pomagamy sprawdzi\u0107 konto przed przes\u0142aniem, identyfikujemy mo\u017cliwe problemy i prowadzimy proces krok po kroku. Pomaga to unikn\u0105\u0107 typowych b\u0142\u0119d\u00f3w i utrzyma\u0107 wszystko w porz\u0105dku.  <\/p>\n<p>[\/et_pb_text][\/et_pb_column][\/et_pb_row][et_pb_row _builder_version=&#8221;4.27.4&#8243; _module_preset=&#8221;default&#8221; global_colors_info=&#8221;{}&#8221;][et_pb_column type=&#8221;4_4&#8243; _builder_version=&#8221;4.27.4&#8243; _module_preset=&#8221;default&#8221; global_colors_info=&#8221;{}&#8221;][et_pb_heading title=&#8221;Weryfikacja dla kont google ads \ud83d\udcc4&#8221; _builder_version=&#8221;4.27.4&#8243; _module_preset=&#8221;default&#8221; title_level=&#8221;h3&#8243; custom_margin=&#8221;-48px|||||&#8221; custom_padding=&#8221;11px|||||&#8221; global_colors_info=&#8221;{}&#8221;][\/et_pb_heading][\/et_pb_column][\/et_pb_row][et_pb_row _builder_version=&#8221;4.27.4&#8243; _module_preset=&#8221;default&#8221; global_colors_info=&#8221;{}&#8221;][et_pb_column type=&#8221;4_4&#8243; _builder_version=&#8221;4.27.4&#8243; _module_preset=&#8221;default&#8221; global_colors_info=&#8221;{}&#8221;][et_pb_text _builder_version=&#8221;4.27.4&#8243; _module_preset=&#8221;default&#8221; custom_margin=&#8221;-77px|||||&#8221; custom_padding=&#8221;21px||0px|||&#8221; global_colors_info=&#8221;{}&#8221;]<\/p>\n<p>Zapewniamy wsparcie przy weryfikacji kont google ads zar\u00f3wno dla podmiot\u00f3w prawnych, jak i os\u00f3b prywatnych. Niezale\u017cnie od tego, czy potrzebujesz pomocy w weryfikacji biznesowej, czy osobistej, pomo\u017cemy Ci prawid\u0142owo przygotowa\u0107 konto i przej\u015b\u0107 przez proces z pewno\u015bci\u0105 siebie. <\/p>\n<p>[\/et_pb_text][et_pb_heading title=&#8221;Potrzebujesz pomocy z weryfikacj\u0105 Google Ads? \ud83d\udcbc&#8221; _builder_version=&#8221;4.27.4&#8243; _module_preset=&#8221;default&#8221; title_level=&#8221;h3&#8243; min_height=&#8221;47px&#8221; custom_margin=&#8221;8px||16px|||&#8221; custom_padding=&#8221;8px|||||&#8221; global_colors_info=&#8221;{}&#8221;][\/et_pb_heading][\/et_pb_column][\/et_pb_row][et_pb_row _builder_version=&#8221;4.27.4&#8243; _module_preset=&#8221;default&#8221; global_colors_info=&#8221;{}&#8221;][et_pb_column type=&#8221;4_4&#8243; _builder_version=&#8221;4.27.4&#8243; _module_preset=&#8221;default&#8221; global_colors_info=&#8221;{}&#8221;][et_pb_text _builder_version=&#8221;4.27.4&#8243; _module_preset=&#8221;default&#8221; custom_margin=&#8221;-75px|||||&#8221; custom_padding=&#8221;3px|||||&#8221; global_colors_info=&#8221;{}&#8221;]<\/p>\n<p>Jeste\u015bmy gotowi pom\u00f3c w weryfikacji biznesowej, weryfikacji to\u017csamo\u015bci, przegl\u0105dzie konta i przygotowaniu dokument\u00f3w. Je\u015bli chcesz zako\u0144czy\u0107 proces szybciej i przy mniejszym ryzyku, mo\u017cemy Ci pom\u00f3c. <\/p>\n<p>[\/et_pb_text][\/et_pb_column][\/et_pb_row][et_pb_row _builder_version=&#8221;4.27.4&#8243; _module_preset=&#8221;default&#8221; global_colors_info=&#8221;{}&#8221;][et_pb_column type=&#8221;4_4&#8243; _builder_version=&#8221;4.27.4&#8243; _module_preset=&#8221;default&#8221; global_colors_info=&#8221;{}&#8221;][et_pb_heading title=&#8221;Unikaj zawieszenia konta i nie przerywaj wy\u015bwietlania reklam.&#8221; _builder_version=&#8221;4.27.4&#8243; _module_preset=&#8221;default&#8221; title_level=&#8221;h3&#8243; title_text_align=&#8221;center&#8221; custom_margin=&#8221;-12px|||||&#8221; custom_padding=&#8221;0px|||||&#8221; global_colors_info=&#8221;{}&#8221;][\/et_pb_heading][\/et_pb_column][\/et_pb_row][et_pb_row column_structure=&#8221;1_2,1_2&#8243; _builder_version=&#8221;4.27.4&#8243; _module_preset=&#8221;default&#8221; custom_margin=&#8221;-14px|auto||auto||&#8221; global_colors_info=&#8221;{}&#8221;][et_pb_column type=&#8221;1_2&#8243; _builder_version=&#8221;4.27.4&#8243; _module_preset=&#8221;default&#8221; global_colors_info=&#8221;{}&#8221;][et_pb_button button_url=&#8221;https:\/\/t.me\/adsalexaccs&#8221; button_text=&#8221;Telegram&#8221; button_alignment=&#8221;center&#8221; _builder_version=&#8221;4.27.4&#8243; _module_preset=&#8221;default&#8221; z_index=&#8221;150&#8243; global_colors_info=&#8221;{}&#8221;][\/et_pb_button][\/et_pb_column][et_pb_column type=&#8221;1_2&#8243; _builder_version=&#8221;4.27.4&#8243; _module_preset=&#8221;default&#8221; global_colors_info=&#8221;{}&#8221;][et_pb_button button_url=&#8221;https:\/\/wa.me\/qr\/SDJ73ZYHV2CBK1&#8243; button_text=&#8221;WhatsApp&#8221; button_alignment=&#8221;center&#8221; _builder_version=&#8221;4.27.4&#8243; _module_preset=&#8221;default&#8221; custom_button=&#8221;on&#8221; button_text_color=&#8221;#178939&#8243; global_colors_info=&#8221;{}&#8221;][\/et_pb_button][\/et_pb_column][\/et_pb_row][et_pb_row _builder_version=&#8221;4.27.4&#8243; _module_preset=&#8221;default&#8221; custom_margin=&#8221;-42px|auto||auto||&#8221; global_colors_info=&#8221;{}&#8221;][et_pb_column type=&#8221;4_4&#8243; _builder_version=&#8221;4.27.4&#8243; _module_preset=&#8221;default&#8221; global_colors_info=&#8221;{}&#8221;][et_pb_gallery gallery_ids=&#8221;4253,4261,4269,4277&#8243; _builder_version=&#8221;4.27.4&#8243; _module_preset=&#8221;default&#8221; title_level=&#8221;h5&#8243; min_height=&#8221;175.1px&#8221; custom_margin=&#8221;44px|||||&#8221; global_colors_info=&#8221;{}&#8221;][\/et_pb_gallery][\/et_pb_column][\/et_pb_row][\/et_pb_section]<\/p>\n","protected":false},"excerpt":{"rendered":"<p>Szybka i niezawodna weryfikacja biznesowa Google Ads Pomagamy firmom pomy\u015blnie przej\u015b\u0107 weryfikacj\u0119 biznesow\u0105 Google Ads i zatwierdzi\u0107 ich konta bez op\u00f3\u017anie\u0144. Je\u015bli Twoje konto Google Ads jest ograniczone lub wymaga weryfikacji, nasz zesp\u00f3\u0142 zapewnia pe\u0142ne wsparcie, aby przeprowadzi\u0107 Ci\u0119 przez ten proces i zapewni\u0107 zgodno\u015b\u0107 z zasadami Google.Szybka i bezpieczna weryfikacja to\u017csamo\u015bci Google Ads Pomagamy [&hellip;]<\/p>\n","protected":false},"author":4,"featured_media":0,"parent":0,"menu_order":0,"comment_status":"closed","ping_status":"closed","template":"","meta":{"_seopress_robots_primary_cat":"","_seopress_titles_title":"Weryfikacja reklam Google","_seopress_titles_desc":"Pomagamy w weryfikacji Google Ads Business i weryfikacji to\u017csamo\u015bci dla firm i os\u00f3b prywatnych. Szybkie wsparcie w zakresie dokument\u00f3w, sprawdzania konta i procesu weryfikacji. ","_seopress_robots_index":"","_et_pb_use_builder":"on","_et_pb_old_content":"","_et_gb_content_width":"","footnotes":""},"class_list":["post-4911","page","type-page","status-publish","hentry"],"jetpack_sharing_enabled":true,"_links":{"self":[{"href":"https:\/\/www.buygoogleadsaccount.com\/pl\/wp-json\/wp\/v2\/pages\/4911","targetHints":{"allow":["GET"]}}],"collection":[{"href":"https:\/\/www.buygoogleadsaccount.com\/pl\/wp-json\/wp\/v2\/pages"}],"about":[{"href":"https:\/\/www.buygoogleadsaccount.com\/pl\/wp-json\/wp\/v2\/types\/page"}],"author":[{"embeddable":true,"href":"https:\/\/www.buygoogleadsaccount.com\/pl\/wp-json\/wp\/v2\/users\/4"}],"replies":[{"embeddable":true,"href":"https:\/\/www.buygoogleadsaccount.com\/pl\/wp-json\/wp\/v2\/comments?post=4911"}],"version-history":[{"count":3,"href":"https:\/\/www.buygoogleadsaccount.com\/pl\/wp-json\/wp\/v2\/pages\/4911\/revisions"}],"predecessor-version":[{"id":4920,"href":"https:\/\/www.buygoogleadsaccount.com\/pl\/wp-json\/wp\/v2\/pages\/4911\/revisions\/4920"}],"wp:attachment":[{"href":"https:\/\/www.buygoogleadsaccount.com\/pl\/wp-json\/wp\/v2\/media?parent=4911"}],"curies":[{"name":"wp","href":"https:\/\/api.w.org\/{rel}","templated":true}]}}