{"id":4995,"date":"2026-03-27T16:04:52","date_gmt":"2026-03-27T13:04:52","guid":{"rendered":"https:\/\/www.buygoogleadsaccount.com\/profil-p-atno-ci-google\/"},"modified":"2026-04-01T13:15:04","modified_gmt":"2026-04-01T10:15:04","slug":"profil-p-atno-ci-google","status":"publish","type":"page","link":"https:\/\/www.buygoogleadsaccount.com\/pl\/profil-p-atno-ci-google\/","title":{"rendered":"Profil p\u0142atno\u015bci google"},"content":{"rendered":"<p>[et_pb_section fb_built=&#8221;1&#8243; _builder_version=&#8221;4.27.4&#8243; _module_preset=&#8221;default&#8221; global_colors_info=&#8221;{}&#8221;][et_pb_row _builder_version=&#8221;4.27.4&#8243; _module_preset=&#8221;default&#8221; global_colors_info=&#8221;{}&#8221;][et_pb_column type=&#8221;4_4&#8243; _builder_version=&#8221;4.27.4&#8243; _module_preset=&#8221;default&#8221; global_colors_info=&#8221;{}&#8221;][et_pb_heading title=&#8221;Profil p\u0142atno\u015bci google&#8221; _builder_version=&#8221;4.27.4&#8243; _module_preset=&#8221;default&#8221; title_text_align=&#8221;center&#8221; title_text_color=&#8221;#0fb3ff&#8221; title_font_size=&#8221;45px&#8221; custom_margin=&#8221;||65px|||&#8221; global_colors_info=&#8221;{}&#8221; custom_padding=&#8221;||11px|||&#8221;][\/et_pb_heading][et_pb_image src=&#8221;https:\/\/www.buygoogleadsaccount.com\/wp-content\/uploads\/2026\/04\/ChatGPT-Image-1-apr.2026-g.10_51_30-1-1-.png&#8221; _builder_version=&#8221;4.27.4&#8243; _module_preset=&#8221;default&#8221; title_text=&#8221;ChatGPT Image 1 \u0430\u043f\u0440. 2026 \u0433., 10_51_30 (1) (1)&#8221; hover_enabled=&#8221;0&#8243; sticky_enabled=&#8221;0&#8243; custom_padding=&#8221;||0px|||&#8221; custom_margin=&#8221;-68px|||||&#8221;][\/et_pb_image][et_pb_text _builder_version=&#8221;4.27.4&#8243; _module_preset=&#8221;default&#8221; global_colors_info=&#8221;{}&#8221;]<\/p>\n<p><strong>Pomogli\u015bmy po\u0142\u0105czy\u0107 kart\u0119 z dowolnego kraju, r\u00f3wnie\u017c dla klient\u00f3w, kt\u00f3rzy wydaj\u0105 wi\u0119cej ni\u017c 10k $ + mo\u017cemy zaoferowa\u0107 konta po\u0142\u0105czone z lini\u0105 kredytow\u0105 \ud83c\udf0d\ud83d\udcb3<\/strong><\/p>\n<p><em><span style=\"font-weight: 400;\">Ta oferta, je\u015bli wydasz ponad 10 tysi\u0119cy dolar\u00f3w w ci\u0105gu miesi\u0105ca.  <\/span><\/em><\/p>\n<p><em><span style=\"font-weight: 400;\"><\/span><\/em><\/p>\n<ul>\n<li><span style=\"font-weight: 400;\"><span style=\"color: #0000ff;\">W przypadku ofert WH jest to 0%, wystarczy wypo\u017cyczy\u0107 50 $ w ci\u0105gu tygodnia <\/span>\u2705.<\/span><\/li>\n<li><span style=\"font-weight: 400;\"><span style=\"color: #0000ff;\">Dla BH oferuje 100$ w tydzie\u0144 + 7% prowizji od p\u0142atno\u015bci<\/span> \ud83d\udcc5<\/span><\/li>\n<\/ul>\n<p>[\/et_pb_text][et_pb_heading title=&#8221;Profil p\u0142atno\u015bci Google \ud83c\udf0d&#8221; _builder_version=&#8221;4.27.4&#8243; _module_preset=&#8221;default&#8221; title_level=&#8221;h2&#8243; custom_margin=&#8221;-9px|||||&#8221; global_colors_info=&#8221;{}&#8221;][\/et_pb_heading][et_pb_text _builder_version=&#8221;4.27.4&#8243; _module_preset=&#8221;default&#8221; custom_margin=&#8221;-23px|||||&#8221; global_colors_info=&#8221;{}&#8221;]<\/p>\n<p>Prawid\u0142owo skonfigurowany profil p\u0142atno\u015bci Google pomaga reklamodawcom zarz\u0105dza\u0107 rozliczeniami z mniejszymi op\u00f3\u017anieniami \u23f3 i mniejsz\u0105 liczb\u0105 problem\u00f3w zwi\u0105zanych z p\u0142atno\u015bciami \u26a0\ufe0f. Pomagamy klientom w konfiguracji profilu p\u0142atno\u015bci Google Ads, aktualizacji metod p\u0142atno\u015bci \ud83d\udd04 i p\u0142ynniejszym przygotowaniu konta do uruchomienia kampanii \ud83d\ude80. Us\u0142uga ta jest szczeg\u00f3lnie przydatna dla zespo\u0142\u00f3w, kt\u00f3re potrzebuj\u0105 stabilnych proces\u00f3w rozliczeniowych, niezawodnej konfiguracji i bardziej przewidywalnych operacji reklamowych \ud83c\udfaf.  <\/p>\n<p>[\/et_pb_text][\/et_pb_column][\/et_pb_row][et_pb_row _builder_version=&#8221;4.27.4&#8243; _module_preset=&#8221;default&#8221; global_colors_info=&#8221;{}&#8221;][et_pb_column type=&#8221;4_4&#8243; _builder_version=&#8221;4.27.4&#8243; _module_preset=&#8221;default&#8221; global_colors_info=&#8221;{}&#8221;][et_pb_heading title=&#8221;Reklamy Google dodaj\u0105 kart\u0119 kredytow\u0105 \ud83d\udcb3&#8221; _builder_version=&#8221;4.27.4&#8243; _module_preset=&#8221;default&#8221; title_level=&#8221;h2&#8243; custom_margin=&#8221;-13px||18px|||&#8221; global_colors_info=&#8221;{}&#8221;][\/et_pb_heading][et_pb_text _builder_version=&#8221;4.27.4&#8243; _module_preset=&#8221;default&#8221; custom_margin=&#8221;-10px|||||&#8221; custom_padding=&#8221;0px|||||&#8221; global_colors_info=&#8221;{}&#8221;]<\/p>\n<p>Je\u015bli musisz doda\u0107 kart\u0119 kredytow\u0105 do Google Ads, proces ten nale\u017cy przeprowadzi\u0107 ostro\u017cnie, aby unikn\u0105\u0107 problem\u00f3w z rozliczeniami \ud83d\udeab lub op\u00f3\u017anie\u0144 zwi\u0105zanych z weryfikacj\u0105 \u23f1\ufe0f. Pomagamy klientom aktualizowa\u0107 metody p\u0142atno\u015bci \ud83d\udd04, poprawnie \u0142\u0105czy\u0107 karty i przygotowywa\u0107 konta do p\u0142ynniejszego uruchamiania kampanii. Jest to przydatne dla reklamodawc\u00f3w, kt\u00f3rzy chc\u0105 szybszej konfiguracji rozlicze\u0144 \u26a1, czystszego zarz\u0105dzania p\u0142atno\u015bciami i mniej problem\u00f3w na pierwszych etapach dostarczania reklam \ud83d\udce3.  <\/p>\n<p>[\/et_pb_text][\/et_pb_column][\/et_pb_row][et_pb_row _builder_version=&#8221;4.27.4&#8243; _module_preset=&#8221;default&#8221; global_colors_info=&#8221;{}&#8221;][et_pb_column type=&#8221;4_4&#8243; _builder_version=&#8221;4.27.4&#8243; _module_preset=&#8221;default&#8221; global_colors_info=&#8221;{}&#8221;][et_pb_heading title=&#8221;Linia kredytowa reklam Google \ud83d\udcc8&#8221; _builder_version=&#8221;4.27.4&#8243; _module_preset=&#8221;default&#8221; title_level=&#8221;h3&#8243; custom_margin=&#8221;-9px|||||&#8221; global_colors_info=&#8221;{}&#8221;][\/et_pb_heading][\/et_pb_column][\/et_pb_row][et_pb_row _builder_version=&#8221;4.27.4&#8243; _module_preset=&#8221;default&#8221; global_colors_info=&#8221;{}&#8221;][et_pb_column type=&#8221;4_4&#8243; _builder_version=&#8221;4.27.4&#8243; _module_preset=&#8221;default&#8221; global_colors_info=&#8221;{}&#8221;][et_pb_text _builder_version=&#8221;4.27.4&#8243; _module_preset=&#8221;default&#8221; custom_margin=&#8221;-43px|||||&#8221; custom_padding=&#8221;0px|||||&#8221; global_colors_info=&#8221;{}&#8221;]<\/p>\n<p>Rozwi\u0105zanie linii kredytowej Google Ads mo\u017ce by\u0107 odpowiednie dla reklamodawc\u00f3w zarz\u0105dzaj\u0105cych wi\u0119kszymi miesi\u0119cznymi wydatkami \ud83d\udcb0 i szukaj\u0105cych bardziej elastycznej struktury rozlicze\u0144 \ud83d\udd04. Pomagamy firmom zrozumie\u0107, w jaki spos\u00f3b konfiguracja linii kredytowej Google Ads mo\u017ce wspiera\u0107 bie\u017c\u0105ce operacje kampanii i wygodniejsze zarz\u0105dzanie p\u0142atno\u015bciami \ud83e\udde9. Ten typ rozwi\u0105zania jest zazwyczaj bardziej odpowiedni dla zespo\u0142\u00f3w, kt\u00f3re potrzebuj\u0105 stabilno\u015bci, skali i przewidywalnego rozliczania konta \ud83d\udccc.  <\/p>\n<p>[\/et_pb_text][\/et_pb_column][\/et_pb_row][et_pb_row _builder_version=&#8221;4.27.4&#8243; _module_preset=&#8221;default&#8221; global_colors_info=&#8221;{}&#8221;][et_pb_column type=&#8221;4_4&#8243; _builder_version=&#8221;4.27.4&#8243; _module_preset=&#8221;default&#8221; global_colors_info=&#8221;{}&#8221;][et_pb_heading title=&#8221;SKONTAKTUJ SI\u0118 Z MENED\u017bEREM \ud83d\udc47&#8221; _builder_version=&#8221;4.27.4&#8243; _module_preset=&#8221;default&#8221; title_level=&#8221;h4&#8243; title_text_align=&#8221;center&#8221; title_text_color=&#8221;#0f8fff&#8221; title_font_size=&#8221;35px&#8221; global_colors_info=&#8221;{}&#8221;][\/et_pb_heading][\/et_pb_column][\/et_pb_row][et_pb_row column_structure=&#8221;1_2,1_2&#8243; _builder_version=&#8221;4.27.4&#8243; _module_preset=&#8221;default&#8221; global_colors_info=&#8221;{}&#8221;][et_pb_column type=&#8221;1_2&#8243; _builder_version=&#8221;4.27.4&#8243; _module_preset=&#8221;default&#8221; global_colors_info=&#8221;{}&#8221;][et_pb_button button_url=&#8221;https:\/\/t.me\/adsalexaccs&#8221; button_text=&#8221;Telegram&#8221; button_alignment=&#8221;center&#8221; _builder_version=&#8221;4.27.4&#8243; _module_preset=&#8221;default&#8221; z_index=&#8221;150&#8243; global_colors_info=&#8221;{}&#8221;][\/et_pb_button][\/et_pb_column][et_pb_column type=&#8221;1_2&#8243; _builder_version=&#8221;4.27.4&#8243; _module_preset=&#8221;default&#8221; global_colors_info=&#8221;{}&#8221;][et_pb_button button_url=&#8221;https:\/\/wa.me\/qr\/SDJ73ZYHV2CBK1&#8243; button_text=&#8221;WhatsApp&#8221; button_alignment=&#8221;center&#8221; _builder_version=&#8221;4.27.4&#8243; _module_preset=&#8221;default&#8221; custom_button=&#8221;on&#8221; button_text_color=&#8221;#178939&#8243; global_colors_info=&#8221;{}&#8221;][\/et_pb_button][\/et_pb_column][\/et_pb_row][\/et_pb_section]<\/p>\n","protected":false},"excerpt":{"rendered":"<p>Pomogli\u015bmy po\u0142\u0105czy\u0107 kart\u0119 z dowolnego kraju, r\u00f3wnie\u017c dla klient\u00f3w, kt\u00f3rzy wydaj\u0105 wi\u0119cej ni\u017c 10k $ + mo\u017cemy zaoferowa\u0107 konta po\u0142\u0105czone z lini\u0105 kredytow\u0105 \ud83c\udf0d\ud83d\udcb3 Ta oferta, je\u015bli wydasz ponad 10 tysi\u0119cy dolar\u00f3w w ci\u0105gu miesi\u0105ca. W przypadku ofert WH jest to 0%, wystarczy wypo\u017cyczy\u0107 50 $ w ci\u0105gu tygodnia \u2705. Dla BH oferuje 100$ w [&hellip;]<\/p>\n","protected":false},"author":4,"featured_media":0,"parent":0,"menu_order":0,"comment_status":"closed","ping_status":"closed","template":"","meta":{"_seopress_robots_primary_cat":"","_seopress_titles_title":"Profil p\u0142atno\u015bci google","_seopress_titles_desc":"Pomogli\u015bmy po\u0142\u0105czy\u0107 kart\u0119 z dowolnego kraju, r\u00f3wnie\u017c dla klient\u00f3w, kt\u00f3rzy wydaj\u0105 wi\u0119cej ni\u017c 10k $ + mo\u017cemy zaoferowa\u0107 konta po\u0142\u0105czone z lini\u0105 kredytow\u0105.","_seopress_robots_index":"","_et_pb_use_builder":"on","_et_pb_old_content":"","_et_gb_content_width":"","footnotes":""},"class_list":["post-4995","page","type-page","status-publish","hentry"],"jetpack_sharing_enabled":true,"_links":{"self":[{"href":"https:\/\/www.buygoogleadsaccount.com\/pl\/wp-json\/wp\/v2\/pages\/4995","targetHints":{"allow":["GET"]}}],"collection":[{"href":"https:\/\/www.buygoogleadsaccount.com\/pl\/wp-json\/wp\/v2\/pages"}],"about":[{"href":"https:\/\/www.buygoogleadsaccount.com\/pl\/wp-json\/wp\/v2\/types\/page"}],"author":[{"embeddable":true,"href":"https:\/\/www.buygoogleadsaccount.com\/pl\/wp-json\/wp\/v2\/users\/4"}],"replies":[{"embeddable":true,"href":"https:\/\/www.buygoogleadsaccount.com\/pl\/wp-json\/wp\/v2\/comments?post=4995"}],"version-history":[{"count":2,"href":"https:\/\/www.buygoogleadsaccount.com\/pl\/wp-json\/wp\/v2\/pages\/4995\/revisions"}],"predecessor-version":[{"id":4997,"href":"https:\/\/www.buygoogleadsaccount.com\/pl\/wp-json\/wp\/v2\/pages\/4995\/revisions\/4997"}],"wp:attachment":[{"href":"https:\/\/www.buygoogleadsaccount.com\/pl\/wp-json\/wp\/v2\/media?parent=4995"}],"curies":[{"name":"wp","href":"https:\/\/api.w.org\/{rel}","templated":true}]}}