{"id":1688,"date":"2026-02-21T22:09:36","date_gmt":"2026-02-21T19:09:36","guid":{"rendered":"https:\/\/www.buygoogleadsaccount.com\/product\/konto-google-ads-wydano-4500-usd\/"},"modified":"2026-03-23T15:54:26","modified_gmt":"2026-03-23T12:54:26","slug":"konto-google-ads-wydano-4500-usd","status":"publish","type":"product","link":"https:\/\/www.buygoogleadsaccount.com\/pl\/product\/konto-google-ads-wydano-4500-usd\/","title":{"rendered":"Konto Google Ads &#8211; Wydano 4500 USD"},"content":{"rendered":"<p>Historia wydatk\u00f3w: 4500 $<br \/>\nWiek: 2021<br \/>\nWaluta: USD<br \/>\nStrefa czasowa: &#8211; 4<br \/>\nKraj profilu p\u0142atno\u015bci: USA<br \/>\nRodzaj p\u0142atno\u015bci: Reset<br \/>\nMo\u017cliwo\u015b\u0107 dodania karty kredytowej<br \/>\nZweryfikowany, pe\u0142ny dost\u0119p do profilu p\u0142atno\u015bci<\/p>\n","protected":false},"excerpt":{"rendered":"<p>Historia wydatk\u00f3w: 4500 $ Wiek: 2021 Waluta: USD Strefa czasowa: &#8211; 4 Kraj profilu p\u0142atno\u015bci: USA Rodzaj p\u0142atno\u015bci: Reset Mo\u017cliwo\u015b\u0107 dodania karty kredytowej Zweryfikowany, pe\u0142ny dost\u0119p do profilu p\u0142atno\u015bci<\/p>\n","protected":false},"featured_media":2590,"template":"","meta":{"_seopress_robots_primary_cat":"none","_seopress_titles_title":"","_seopress_titles_desc":"","_seopress_robots_index":"","_et_pb_use_builder":"off","_et_pb_old_content":"","_et_gb_content_width":""},"product_brand":[],"product_cat":[67],"product_tag":[],"class_list":{"0":"post-1688","1":"product","2":"type-product","3":"status-publish","4":"has-post-thumbnail","6":"product_cat-1k5kspending-pl","8":"first","9":"instock","10":"sold-individually","11":"purchasable","12":"product-type-simple"},"jetpack_sharing_enabled":true,"_links":{"self":[{"href":"https:\/\/www.buygoogleadsaccount.com\/pl\/wp-json\/wp\/v2\/product\/1688","targetHints":{"allow":["GET"]}}],"collection":[{"href":"https:\/\/www.buygoogleadsaccount.com\/pl\/wp-json\/wp\/v2\/product"}],"about":[{"href":"https:\/\/www.buygoogleadsaccount.com\/pl\/wp-json\/wp\/v2\/types\/product"}],"wp:featuredmedia":[{"embeddable":true,"href":"https:\/\/www.buygoogleadsaccount.com\/pl\/wp-json\/wp\/v2\/media\/2590"}],"wp:attachment":[{"href":"https:\/\/www.buygoogleadsaccount.com\/pl\/wp-json\/wp\/v2\/media?parent=1688"}],"wp:term":[{"taxonomy":"product_brand","embeddable":true,"href":"https:\/\/www.buygoogleadsaccount.com\/pl\/wp-json\/wp\/v2\/product_brand?post=1688"},{"taxonomy":"product_cat","embeddable":true,"href":"https:\/\/www.buygoogleadsaccount.com\/pl\/wp-json\/wp\/v2\/product_cat?post=1688"},{"taxonomy":"product_tag","embeddable":true,"href":"https:\/\/www.buygoogleadsaccount.com\/pl\/wp-json\/wp\/v2\/product_tag?post=1688"}],"curies":[{"name":"wp","href":"https:\/\/api.w.org\/{rel}","templated":true}]}}