{"id":2174,"date":"2026-03-05T19:35:11","date_gmt":"2026-03-05T16:35:11","guid":{"rendered":"https:\/\/www.buygoogleadsaccount.com\/product\/konto-google-ads-03-2026-hiszpania-7\/"},"modified":"2026-03-23T15:40:49","modified_gmt":"2026-03-23T12:40:49","slug":"konto-google-ads-03-2026-hiszpania-7","status":"publish","type":"product","link":"https:\/\/www.buygoogleadsaccount.com\/pl\/product\/konto-google-ads-03-2026-hiszpania-7\/","title":{"rendered":"Konto Google Ads 03.2026 Hiszpania"},"content":{"rendered":"<p>Konto Google Ads od 03.2026.<br \/>\nKraj weryfikacji: Hiszpania.<br \/>\nWaluta konta: Euro.<br \/>\nStrefa czasowa: +1.<br \/>\nKraj profilu p\u0142atno\u015bci: Hiszpania.<br \/>\nTyp p\u0142atno\u015bci: Enterprise.<br \/>\nKonto jest zweryfikowane i sprzedawane z pe\u0142nym dost\u0119pem i wszystkimi dokumentami.<\/p>\n","protected":false},"excerpt":{"rendered":"<p>Konto Google Ads od 03.2026. Kraj weryfikacji: Hiszpania. Waluta konta: Euro. Strefa czasowa: +1. Kraj profilu p\u0142atno\u015bci: Hiszpania. Typ p\u0142atno\u015bci: Enterprise. Konto jest zweryfikowane i sprzedawane z pe\u0142nym dost\u0119pem i wszystkimi dokumentami.<\/p>\n","protected":false},"featured_media":1960,"template":"","meta":{"_seopress_robots_primary_cat":"none","_seopress_titles_title":"","_seopress_titles_desc":"","_seopress_robots_index":"","_et_pb_use_builder":"","_et_pb_old_content":"","_et_gb_content_width":""},"product_brand":[],"product_cat":[228],"product_tag":[],"class_list":{"0":"post-2174","1":"product","2":"type-product","3":"status-publish","4":"has-post-thumbnail","6":"product_cat-farmed-accounts-pl","8":"first","9":"instock","10":"virtual","11":"purchasable","12":"product-type-simple"},"jetpack_sharing_enabled":true,"_links":{"self":[{"href":"https:\/\/www.buygoogleadsaccount.com\/pl\/wp-json\/wp\/v2\/product\/2174","targetHints":{"allow":["GET"]}}],"collection":[{"href":"https:\/\/www.buygoogleadsaccount.com\/pl\/wp-json\/wp\/v2\/product"}],"about":[{"href":"https:\/\/www.buygoogleadsaccount.com\/pl\/wp-json\/wp\/v2\/types\/product"}],"wp:featuredmedia":[{"embeddable":true,"href":"https:\/\/www.buygoogleadsaccount.com\/pl\/wp-json\/wp\/v2\/media\/1960"}],"wp:attachment":[{"href":"https:\/\/www.buygoogleadsaccount.com\/pl\/wp-json\/wp\/v2\/media?parent=2174"}],"wp:term":[{"taxonomy":"product_brand","embeddable":true,"href":"https:\/\/www.buygoogleadsaccount.com\/pl\/wp-json\/wp\/v2\/product_brand?post=2174"},{"taxonomy":"product_cat","embeddable":true,"href":"https:\/\/www.buygoogleadsaccount.com\/pl\/wp-json\/wp\/v2\/product_cat?post=2174"},{"taxonomy":"product_tag","embeddable":true,"href":"https:\/\/www.buygoogleadsaccount.com\/pl\/wp-json\/wp\/v2\/product_tag?post=2174"}],"curies":[{"name":"wp","href":"https:\/\/api.w.org\/{rel}","templated":true}]}}