{"id":2233,"date":"2026-03-05T20:22:47","date_gmt":"2026-03-05T17:22:47","guid":{"rendered":"https:\/\/www.buygoogleadsaccount.com\/product\/konto-google-ads-03-2026-usa-7\/"},"modified":"2026-03-23T15:40:32","modified_gmt":"2026-03-23T12:40:32","slug":"konto-google-ads-03-2026-usa-7","status":"publish","type":"product","link":"https:\/\/www.buygoogleadsaccount.com\/pl\/product\/konto-google-ads-03-2026-usa-7\/","title":{"rendered":"Konto Google Ads 03.2026 USA"},"content":{"rendered":"<p>Konto Google Ads od 03.2026<br \/>\nKraj weryfikacji: Stany Zjednoczone<br \/>\nWaluta konta: USD<br \/>\nStrefa czasowa: &#8211; 5<br \/>\nKraj profilu p\u0142atno\u015bci: USA<br \/>\nRodzaj p\u0142atno\u015bci: Enterprise<br \/>\nKonto zweryfikowane, sprzeda\u017c z pe\u0142nym dost\u0119pem i wszystkimi dokumentami.<\/p>\n","protected":false},"excerpt":{"rendered":"<p>Konto Google Ads od 03.2026 Kraj weryfikacji: Stany Zjednoczone Waluta konta: USD Strefa czasowa: &#8211; 5 Kraj profilu p\u0142atno\u015bci: USA Rodzaj p\u0142atno\u015bci: Enterprise Konto zweryfikowane, sprzeda\u017c z pe\u0142nym dost\u0119pem i wszystkimi dokumentami.<\/p>\n","protected":false},"featured_media":1960,"template":"","meta":{"_seopress_robots_primary_cat":"none","_seopress_titles_title":"","_seopress_titles_desc":"","_seopress_robots_index":"","_et_pb_use_builder":"","_et_pb_old_content":"","_et_gb_content_width":""},"product_brand":[],"product_cat":[228],"product_tag":[],"class_list":{"0":"post-2233","1":"product","2":"type-product","3":"status-publish","4":"has-post-thumbnail","6":"product_cat-farmed-accounts-pl","8":"first","9":"instock","10":"virtual","11":"purchasable","12":"product-type-simple"},"jetpack_sharing_enabled":true,"_links":{"self":[{"href":"https:\/\/www.buygoogleadsaccount.com\/pl\/wp-json\/wp\/v2\/product\/2233","targetHints":{"allow":["GET"]}}],"collection":[{"href":"https:\/\/www.buygoogleadsaccount.com\/pl\/wp-json\/wp\/v2\/product"}],"about":[{"href":"https:\/\/www.buygoogleadsaccount.com\/pl\/wp-json\/wp\/v2\/types\/product"}],"wp:featuredmedia":[{"embeddable":true,"href":"https:\/\/www.buygoogleadsaccount.com\/pl\/wp-json\/wp\/v2\/media\/1960"}],"wp:attachment":[{"href":"https:\/\/www.buygoogleadsaccount.com\/pl\/wp-json\/wp\/v2\/media?parent=2233"}],"wp:term":[{"taxonomy":"product_brand","embeddable":true,"href":"https:\/\/www.buygoogleadsaccount.com\/pl\/wp-json\/wp\/v2\/product_brand?post=2233"},{"taxonomy":"product_cat","embeddable":true,"href":"https:\/\/www.buygoogleadsaccount.com\/pl\/wp-json\/wp\/v2\/product_cat?post=2233"},{"taxonomy":"product_tag","embeddable":true,"href":"https:\/\/www.buygoogleadsaccount.com\/pl\/wp-json\/wp\/v2\/product_tag?post=2233"}],"curies":[{"name":"wp","href":"https:\/\/api.w.org\/{rel}","templated":true}]}}