{"id":3761,"date":"2026-03-17T15:13:15","date_gmt":"2026-03-17T12:13:15","guid":{"rendered":"https:\/\/www.buygoogleadsaccount.com\/product\/konto-google-ads-10-2024-09-2025-wydano-22248-usd\/"},"modified":"2026-03-23T15:31:40","modified_gmt":"2026-03-23T12:31:40","slug":"konto-google-ads-10-2024-09-2025-wydano-22248-usd","status":"publish","type":"product","link":"https:\/\/www.buygoogleadsaccount.com\/pl\/product\/konto-google-ads-10-2024-09-2025-wydano-22248-usd\/","title":{"rendered":"Konto Google Ads 10.2024-09.2025 &#8211; Wydano 22248 USD"},"content":{"rendered":"<p>Historia wydatk\u00f3w: 22248 USD<br \/>\nWiek: <span data-sheets-root=\"1\">10.2024-09.2025<\/span><br \/>\nWaluta konta: USD<br \/>\nStrefa czasowa: +5<br \/>\nKraj profilu p\u0142atno\u015bci: PL<br \/>\nTyp p\u0142atno\u015bci: Enterprise<br \/>\nMo\u017cliwo\u015b\u0107 dodania karty kredytowej<br \/>\nZweryfikowany, pe\u0142ny dost\u0119p do profilu p\u0142atno\u015bci<\/p>\n","protected":false},"excerpt":{"rendered":"<p>Historia wydatk\u00f3w: 22248 USD Wiek: 10.2024-09.2025 Waluta konta: USD Strefa czasowa: +5 Kraj profilu p\u0142atno\u015bci: PL Typ p\u0142atno\u015bci: Enterprise Mo\u017cliwo\u015b\u0107 dodania karty kredytowej Zweryfikowany, pe\u0142ny dost\u0119p do profilu p\u0142atno\u015bci<\/p>\n","protected":false},"featured_media":3750,"template":"","meta":{"_seopress_robots_primary_cat":"none","_seopress_titles_title":"","_seopress_titles_desc":"","_seopress_robots_index":"","_et_pb_use_builder":"off","_et_pb_old_content":"","_et_gb_content_width":""},"product_brand":[],"product_cat":[85],"product_tag":[],"class_list":{"0":"post-3761","1":"product","2":"type-product","3":"status-publish","4":"has-post-thumbnail","6":"product_cat-20k500kspending-pl","8":"first","9":"instock","10":"virtual","11":"sold-individually","12":"purchasable","13":"product-type-simple"},"jetpack_sharing_enabled":true,"_links":{"self":[{"href":"https:\/\/www.buygoogleadsaccount.com\/pl\/wp-json\/wp\/v2\/product\/3761","targetHints":{"allow":["GET"]}}],"collection":[{"href":"https:\/\/www.buygoogleadsaccount.com\/pl\/wp-json\/wp\/v2\/product"}],"about":[{"href":"https:\/\/www.buygoogleadsaccount.com\/pl\/wp-json\/wp\/v2\/types\/product"}],"wp:featuredmedia":[{"embeddable":true,"href":"https:\/\/www.buygoogleadsaccount.com\/pl\/wp-json\/wp\/v2\/media\/3750"}],"wp:attachment":[{"href":"https:\/\/www.buygoogleadsaccount.com\/pl\/wp-json\/wp\/v2\/media?parent=3761"}],"wp:term":[{"taxonomy":"product_brand","embeddable":true,"href":"https:\/\/www.buygoogleadsaccount.com\/pl\/wp-json\/wp\/v2\/product_brand?post=3761"},{"taxonomy":"product_cat","embeddable":true,"href":"https:\/\/www.buygoogleadsaccount.com\/pl\/wp-json\/wp\/v2\/product_cat?post=3761"},{"taxonomy":"product_tag","embeddable":true,"href":"https:\/\/www.buygoogleadsaccount.com\/pl\/wp-json\/wp\/v2\/product_tag?post=3761"}],"curies":[{"name":"wp","href":"https:\/\/api.w.org\/{rel}","templated":true}]}}