{"id":3819,"date":"2026-03-17T16:10:28","date_gmt":"2026-03-17T13:10:28","guid":{"rendered":"https:\/\/www.buygoogleadsaccount.com\/product\/konto-google-ads-2024-wydano-1120\/"},"modified":"2026-03-23T15:31:31","modified_gmt":"2026-03-23T12:31:31","slug":"konto-google-ads-2024-wydano-1120","status":"publish","type":"product","link":"https:\/\/www.buygoogleadsaccount.com\/pl\/product\/konto-google-ads-2024-wydano-1120\/","title":{"rendered":"Konto Google Ads 2024 &#8211; Wydano $1120"},"content":{"rendered":"<p>Historia wydatk\u00f3w: $1120<br \/>\nWiek: <span data-sheets-root=\"1\">2024<\/span><br \/>\nWaluta konta: USD<br \/>\nStrefa czasowa: +3<br \/>\nKraj profilu p\u0142atno\u015bci: PL<br \/>\nTyp p\u0142atno\u015bci: <span data-sheets-root=\"1\">enterprise<\/span><br \/>\nMo\u017ce doda\u0107 kart\u0119 kredytow\u0105<br \/>\nZweryfikowany, pe\u0142ny dost\u0119p do profilu p\u0142atno\u015bci.<\/p>\n<p><strong>Co otrzymasz po dokonaniu p\u0142atno\u015bci?<\/strong><br \/>\n1. E-mail, has\u0142o, klucz 2FA, kraj proxy, pliki cookie, dokumenty, odcisk palca dla przegl\u0105darki antidetect.<br \/>\n2. Po dokonaniu p\u0142atno\u015bci mo\u017cesz pobra\u0107 plik ze strony internetowej, a tak\u017ce otrzymasz wszystkie informacje na sw\u00f3j adres e-mail.<\/p>\n<p>Mo\u017cemy r\u00f3wnie\u017c przenie\u015b\u0107 konto przez Octobrowser, prosimy o kontakt z mened\u017cerem @adsalexaccs (telegram).<\/p>\n","protected":false},"excerpt":{"rendered":"<p>Historia wydatk\u00f3w: $1120 Wiek: 2024 Waluta konta: USD Strefa czasowa: +3 Kraj profilu p\u0142atno\u015bci: PL Typ p\u0142atno\u015bci: enterprise Mo\u017ce doda\u0107 kart\u0119 kredytow\u0105 Zweryfikowany, pe\u0142ny dost\u0119p do profilu p\u0142atno\u015bci. Co otrzymasz po dokonaniu p\u0142atno\u015bci? 1. E-mail, has\u0142o, klucz 2FA, kraj proxy, pliki cookie, dokumenty, odcisk palca dla przegl\u0105darki antidetect. 2. Po dokonaniu p\u0142atno\u015bci mo\u017cesz pobra\u0107 plik [&hellip;]<\/p>\n","protected":false},"featured_media":3815,"template":"","meta":{"_seopress_robots_primary_cat":"none","_seopress_titles_title":"","_seopress_titles_desc":"","_seopress_robots_index":"","_et_pb_use_builder":"off","_et_pb_old_content":"","_et_gb_content_width":""},"product_brand":[],"product_cat":[67],"product_tag":[],"class_list":{"0":"post-3819","1":"product","2":"type-product","3":"status-publish","4":"has-post-thumbnail","6":"product_cat-1k5kspending-pl","8":"first","9":"instock","10":"virtual","11":"sold-individually","12":"purchasable","13":"product-type-simple"},"jetpack_sharing_enabled":true,"_links":{"self":[{"href":"https:\/\/www.buygoogleadsaccount.com\/pl\/wp-json\/wp\/v2\/product\/3819","targetHints":{"allow":["GET"]}}],"collection":[{"href":"https:\/\/www.buygoogleadsaccount.com\/pl\/wp-json\/wp\/v2\/product"}],"about":[{"href":"https:\/\/www.buygoogleadsaccount.com\/pl\/wp-json\/wp\/v2\/types\/product"}],"wp:featuredmedia":[{"embeddable":true,"href":"https:\/\/www.buygoogleadsaccount.com\/pl\/wp-json\/wp\/v2\/media\/3815"}],"wp:attachment":[{"href":"https:\/\/www.buygoogleadsaccount.com\/pl\/wp-json\/wp\/v2\/media?parent=3819"}],"wp:term":[{"taxonomy":"product_brand","embeddable":true,"href":"https:\/\/www.buygoogleadsaccount.com\/pl\/wp-json\/wp\/v2\/product_brand?post=3819"},{"taxonomy":"product_cat","embeddable":true,"href":"https:\/\/www.buygoogleadsaccount.com\/pl\/wp-json\/wp\/v2\/product_cat?post=3819"},{"taxonomy":"product_tag","embeddable":true,"href":"https:\/\/www.buygoogleadsaccount.com\/pl\/wp-json\/wp\/v2\/product_tag?post=3819"}],"curies":[{"name":"wp","href":"https:\/\/api.w.org\/{rel}","templated":true}]}}