{"id":4139,"date":"2026-03-24T12:54:30","date_gmt":"2026-03-24T09:54:30","guid":{"rendered":"https:\/\/www.buygoogleadsaccount.com\/product\/konto-google-ads-2023-01-2026-wydano-1-055-000-usd\/"},"modified":"2026-03-25T20:03:30","modified_gmt":"2026-03-25T17:03:30","slug":"konto-google-ads-2023-01-2026-wydano-1-055-000-usd","status":"publish","type":"product","link":"https:\/\/www.buygoogleadsaccount.com\/pl\/product\/konto-google-ads-2023-01-2026-wydano-1-055-000-usd\/","title":{"rendered":"Konto Google Ads 2022 &#8211; Wydano 1 055 000 UAH"},"content":{"rendered":"<p>Historia wydatk\u00f3w: 1 055 000 UAH<br \/>\nWiek: 2022<br \/>\nWaluta konta: UAH<br \/>\nStrefa czasowa: +3<br \/>\nKraj profilu p\u0142atno\u015bci: PL<br \/>\nRodzaj p\u0142atno\u015bci: <span data-sheets-root=\"1\">przedsi\u0119biorstwo<\/span><br \/>\n<span data-sheets-root=\"1\">Mo\u017cliwo\u015b\u0107 dodania karty kredytowej<\/span><br \/>\n<span data-sheets-root=\"1\">Zweryfikowany, pe\u0142ny dost\u0119p, wszystkie dokumenty<\/span><\/p>\n<p>&nbsp;<\/p>\n<p><strong>Co otrzymasz po dokonaniu p\u0142atno\u015bci?<\/strong><br \/>\n1. E-mail, has\u0142o, klucz 2FA, kraj proxy, pliki cookie, dokumenty, odcisk palca dla przegl\u0105darki antidetect.<br \/>\n2. Po dokonaniu p\u0142atno\u015bci mo\u017cesz pobra\u0107 plik ze strony internetowej, a tak\u017ce otrzymasz wszystkie informacje na sw\u00f3j adres e-mail.<\/p>\n<p>Mo\u017cemy r\u00f3wnie\u017c przenie\u015b\u0107 konto przez Octobrowser, prosimy o kontakt z mened\u017cerem @adsalexaccs (telegram).<\/p>\n<p>&nbsp;<\/p>\n","protected":false},"excerpt":{"rendered":"<p>Historia wydatk\u00f3w: 1 055 000 UAH Wiek: 2022 Waluta konta: UAH Strefa czasowa: +3 Kraj profilu p\u0142atno\u015bci: PL Rodzaj p\u0142atno\u015bci: przedsi\u0119biorstwo Mo\u017cliwo\u015b\u0107 dodania karty kredytowej Zweryfikowany, pe\u0142ny dost\u0119p, wszystkie dokumenty &nbsp; Co otrzymasz po dokonaniu p\u0142atno\u015bci? 1. E-mail, has\u0142o, klucz 2FA, kraj proxy, pliki cookie, dokumenty, odcisk palca dla przegl\u0105darki antidetect. 2. Po dokonaniu p\u0142atno\u015bci [&hellip;]<\/p>\n","protected":false},"featured_media":4100,"template":"","meta":{"_seopress_robots_primary_cat":"none","_seopress_titles_title":"","_seopress_titles_desc":"","_seopress_robots_index":"","_et_pb_use_builder":"off","_et_pb_old_content":"","_et_gb_content_width":""},"product_brand":[],"product_cat":[85],"product_tag":[],"class_list":{"0":"post-4139","1":"product","2":"type-product","3":"status-publish","4":"has-post-thumbnail","6":"product_cat-wydatki-20-500-tys-dolarow","8":"first","9":"instock","10":"virtual","11":"sold-individually","12":"purchasable","13":"product-type-simple"},"jetpack_sharing_enabled":true,"_links":{"self":[{"href":"https:\/\/www.buygoogleadsaccount.com\/pl\/wp-json\/wp\/v2\/product\/4139","targetHints":{"allow":["GET"]}}],"collection":[{"href":"https:\/\/www.buygoogleadsaccount.com\/pl\/wp-json\/wp\/v2\/product"}],"about":[{"href":"https:\/\/www.buygoogleadsaccount.com\/pl\/wp-json\/wp\/v2\/types\/product"}],"wp:featuredmedia":[{"embeddable":true,"href":"https:\/\/www.buygoogleadsaccount.com\/pl\/wp-json\/wp\/v2\/media\/4100"}],"wp:attachment":[{"href":"https:\/\/www.buygoogleadsaccount.com\/pl\/wp-json\/wp\/v2\/media?parent=4139"}],"wp:term":[{"taxonomy":"product_brand","embeddable":true,"href":"https:\/\/www.buygoogleadsaccount.com\/pl\/wp-json\/wp\/v2\/product_brand?post=4139"},{"taxonomy":"product_cat","embeddable":true,"href":"https:\/\/www.buygoogleadsaccount.com\/pl\/wp-json\/wp\/v2\/product_cat?post=4139"},{"taxonomy":"product_tag","embeddable":true,"href":"https:\/\/www.buygoogleadsaccount.com\/pl\/wp-json\/wp\/v2\/product_tag?post=4139"}],"curies":[{"name":"wp","href":"https:\/\/api.w.org\/{rel}","templated":true}]}}